{"id":1000,"date":"2024-04-11T08:30:00","date_gmt":"2024-04-11T08:30:00","guid":{"rendered":"https:\/\/laprovina.com\/?post_type=product&#038;p=1000"},"modified":"2025-12-19T22:51:16","modified_gmt":"2025-12-19T22:51:16","slug":"mat-na-phong-doc-3m-6200","status":"publish","type":"product","link":"https:\/\/laprovina.com\/?product=mat-na-phong-doc-3m-6200","title":{"rendered":"M\u1eb6T N\u1ea0 PH\u00d2NG \u0110\u1ed8C 3M-6200"},"content":{"rendered":"<h2><strong>M\u1eb7t n\u1ea1 3M 6200<\/strong><\/h2>\n<p>Xu\u1ea5t x\u1ee9 : M\u1ef9<\/p>\n<p>M\u1eb7t n\u1ea1 6200 \u0111\u01b0\u1ee3c thi\u1ebft k\u1ebf c\u1ea5u t\u1ea1o b\u1eb1ng ch\u1ea5t li\u1ec7u TPE t\u1ea1o \u0111\u1ed9 b\u1ec1n cao cho s\u1ea3n ph\u1ea9m. Kh\u1ed1i l\u01b0\u1ee3ng c\u1ee7a chi\u1ebfc m\u1eb7t n\u1ea1 l\u00e0 82g.<\/p>\n<p>Chi\u1ebfc m\u1eb7t n\u1ea1 6200 thu\u1ed9c nh\u00f3m m\u1eb7t n\u1ea1 ph\u00f2ng \u0111\u1ed9c n\u1eeda m\u1eb7t. Lo\u1ea1i m\u1eb7t n\u1ea1 n\u00e0y c\u00f3 th\u1ec3 k\u1ebft h\u1ee3p v\u1edbi nhi\u1ec1u lo\u1ea1i phin l\u1ecdc h\u00e3ng 3M kh\u00e1c nhau nh\u01b0:\u00a06000, 2000, 2200, 7000 v\u00e0 5000<\/p>\n<p><img decoding=\"async\" src=\"http:\/\/namlan.com.vn\/uploads\/files\/mat-na-phong-doc-product-3m-6100-2-8717(2).jpg\" alt=\"\" \/><img loading=\"lazy\" decoding=\"async\" class=\"aligncenter size-full wp-image-1007\" src=\"https:\/\/laprovina.com\/wp-content\/uploads\/2024\/04\/mat-na-phong-doc-product-3m-6100-2-8717.jpg\" alt=\"\" width=\"800\" height=\"427\" srcset=\"https:\/\/laprovina.com\/wp-content\/uploads\/2024\/04\/mat-na-phong-doc-product-3m-6100-2-8717.jpg 800w, https:\/\/laprovina.com\/wp-content\/uploads\/2024\/04\/mat-na-phong-doc-product-3m-6100-2-8717-600x320.jpg 600w\" sizes=\"auto, (max-width: 800px) 100vw, 800px\" \/><\/p>\n<p>S\u1eed d\u1ee5ng ch\u1ee7 y\u1ebfu trong c\u00e1c m\u00f4i tr\u01b0\u1eddng \u0111\u1ed9c h\u1ea1i c\u00f3 h\u01a1i v\u00f4 c\u01a1, h\u01a1i h\u1eefu c\u01a1, c\u00e1c h\u00f3a ch\u1ea5t \u0111\u1ed9c h\u1ea1i nh\u01b0 axit, th\u1ee7y ng\u00e2n\u2026<\/p>\n<p>Thi\u1ebft k\u1ebf \u0111\u1ed9c \u0111\u00e1o v\u1edbi van th\u1edf ra Cool Flow\u2122 gi\u00fap gia t\u0103ng s\u1ef1 tho\u1ea3i m\u00e1i v\u00e0 v\u1eeba v\u1edbi khu\u00f4n m\u1eb7t h\u01a1n. Kh\u00f4ng \u0111\u1ec3 l\u1ea1i v\u1ebft h\u1eb1n tr\u00ean khu\u00f4n m\u1eb7t khi s\u1eed d\u1ee5ng trong th\u1eddi gian d\u00e0i. Ng\u01b0\u1eddi s\u1eed d\u1ee5ng c\u0169ng c\u00f3 \u0111\u01b0\u1ee3c c\u1ea3m gi\u00e1c tho\u1ea3i m\u00e1i khi \u0111eo chi\u1ebfc m\u1eb7t n\u1ea1 trong th\u1eddi gian l\u00e0m vi\u1ec7c d\u00e0i.<\/p>\n<p>T\u01b0\u01a1ng t\u1ef1 v\u1ec1 ch\u1ee9c n\u0103ng th\u00ec c\u00f2n c\u00f3 lo\u1ea1i m\u1eb7t n\u1ea1 6100. Lo\u1ea1i m\u1eb7t n\u1ea1 6100 c\u0169ng c\u00f3 th\u1ec3 d\u00f9ng \u0111\u01b0\u1ee3c v\u1edbi c\u00e1c phin l\u1ecdc gi\u1ed1ng nh\u01b0 m\u1eb7t n\u1ea1 6200. Tuy nhi\u00ean lo\u1ea1i m\u1eb7t n\u1ea1 6200 th\u01b0\u1eddng v\u1eabn ph\u1ed5 bi\u1ebfn v\u00e0 \u0111\u01b0\u1ee3c d\u00f9ng nhi\u1ec1u h\u01a1n so v\u1edbi\u00a0<strong>m\u1eb7t n\u1ea1 3M 6100<\/strong>.<\/p>\n<p>H\u00e3y s\u1eed d\u1ee5ng s\u1ea3n ph\u1ea9m m\u1eb7t n\u1ea1 3M ngay h\u00f4m nay \u0111\u1ec3 b\u1ea3o v\u1ec7 cho b\u1ea1n v\u00e0 doanh nghi\u1ec7p c\u1ee7a b\u1ea1n t\u1ed1t nh\u1ea5t. H\u00e3y li\u00ean h\u1ec7 v\u1edbi ch\u00fang t\u00f4i \u0111\u1ec3 \u0111\u01b0\u1ee3c t\u01b0 v\u1ea5n c\u00e1c s\u1ea3n ph\u1ea9m 3M t\u1ed1t nh\u1ea5t.<\/p>\n","protected":false},"excerpt":{"rendered":"<p>M\u1eb7t n\u1ea1 3M 6200 Xu\u1ea5t x\u1ee9 : M\u1ef9 M\u1eb7t n\u1ea1 6200 \u0111\u01b0\u1ee3c thi\u1ebft k\u1ebf c\u1ea5u t\u1ea1o b\u1eb1ng ch\u1ea5t li\u1ec7u TPE t\u1ea1o \u0111\u1ed9 b\u1ec1n cao cho s\u1ea3n ph\u1ea9m. Kh\u1ed1i l\u01b0\u1ee3ng c\u1ee7a chi\u1ebfc m\u1eb7t n\u1ea1 l\u00e0 82g. Chi\u1ebfc m\u1eb7t n\u1ea1 6200 thu\u1ed9c nh\u00f3m m\u1eb7t n\u1ea1 ph\u00f2ng \u0111\u1ed9c n\u1eeda m\u1eb7t. Lo\u1ea1i m\u1eb7t n\u1ea1 n\u00e0y c\u00f3 th\u1ec3 k\u1ebft h\u1ee3p&#8230;<\/p>\n","protected":false},"featured_media":1007,"comment_status":"open","ping_status":"closed","template":"","meta":{"_acf_changed":false},"product_brand":[],"product_cat":[77],"product_tag":[],"class_list":{"0":"post-1000","1":"product","2":"type-product","3":"status-publish","4":"has-post-thumbnail","6":"product_cat-mat-na-phin-loc-3m","8":"first","9":"instock","10":"shipping-taxable","11":"product-type-simple"},"acf":[],"_links":{"self":[{"href":"https:\/\/laprovina.com\/index.php?rest_route=\/wp\/v2\/product\/1000","targetHints":{"allow":["GET"]}}],"collection":[{"href":"https:\/\/laprovina.com\/index.php?rest_route=\/wp\/v2\/product"}],"about":[{"href":"https:\/\/laprovina.com\/index.php?rest_route=\/wp\/v2\/types\/product"}],"replies":[{"embeddable":true,"href":"https:\/\/laprovina.com\/index.php?rest_route=%2Fwp%2Fv2%2Fcomments&post=1000"}],"wp:featuredmedia":[{"embeddable":true,"href":"https:\/\/laprovina.com\/index.php?rest_route=\/wp\/v2\/media\/1007"}],"wp:attachment":[{"href":"https:\/\/laprovina.com\/index.php?rest_route=%2Fwp%2Fv2%2Fmedia&parent=1000"}],"wp:term":[{"taxonomy":"product_brand","embeddable":true,"href":"https:\/\/laprovina.com\/index.php?rest_route=%2Fwp%2Fv2%2Fproduct_brand&post=1000"},{"taxonomy":"product_cat","embeddable":true,"href":"https:\/\/laprovina.com\/index.php?rest_route=%2Fwp%2Fv2%2Fproduct_cat&post=1000"},{"taxonomy":"product_tag","embeddable":true,"href":"https:\/\/laprovina.com\/index.php?rest_route=%2Fwp%2Fv2%2Fproduct_tag&post=1000"}],"curies":[{"name":"wp","href":"https:\/\/api.w.org\/{rel}","templated":true}]}}