{"id":1002,"date":"2024-04-11T08:32:48","date_gmt":"2024-04-11T08:32:48","guid":{"rendered":"https:\/\/laprovina.com\/?post_type=product&#038;p=1002"},"modified":"2025-10-13T05:53:09","modified_gmt":"2025-10-13T05:53:09","slug":"phin-loc-3m-6001","status":"publish","type":"product","link":"https:\/\/laprovina.com\/?product=phin-loc-3m-6001","title":{"rendered":"PHIN L\u1eccC 3M 6001"},"content":{"rendered":"<h2><strong>Phin l\u1ecdc 3M 6001<\/strong><\/h2>\n<p>Lo\u1ea1i phin n\u00e0y l\u00e0 lo\u1ea1i 2 phin. C\u00f3 t\u00e1c d\u1ee5ng l\u1ecdc c\u00e1c ch\u1ea5t h\u1eefu c\u01a1 \u0111\u1ed9c h\u1ea1i nh\u01b0:\u00a0chlorine, hydrogen chloride, sulfur dioxide, chlorine dioxide, hydrogen sulfide, ammonia, methylamine, formaldehyde ho\u1eb7c hydrogen fluoride.<\/p>\n<p><strong>Phin l\u1ecdc 6001<\/strong>\u00a0\u0111\u01b0\u1ee3c s\u1ea3n xu\u1ea5t b\u1eb1ng ch\u1ea5t li\u1ec7u than carbon ho\u1ea1t t\u00ednh v\u00e0 m\u00e0ng poly.\u00a0 Phin l\u1ecdc 3M C\u00f3 t\u00e1c d\u1ee5ng l\u1ecdc c\u00e1c ch\u1ea5t kh\u00ed \u0111\u1ed9c h\u1ea1i v\u00e0 nh\u1eefng h\u1ea1t b\u1ee5i v\u00f4 c\u00f9ng nh\u1ecf.<\/p>\n<p><img decoding=\"async\" src=\"http:\/\/namlan.com.vn\/uploads\/files\/M%E1%BA%B7t%20n%E1%BA%A1(1).jpg\" alt=\"\" \/><img loading=\"lazy\" decoding=\"async\" class=\"aligncenter size-full wp-image-1003\" src=\"https:\/\/laprovina.com\/wp-content\/uploads\/2024\/04\/phin-loc.jpg\" alt=\"\" width=\"800\" height=\"679\" srcset=\"https:\/\/laprovina.com\/wp-content\/uploads\/2024\/04\/phin-loc.jpg 800w, https:\/\/laprovina.com\/wp-content\/uploads\/2024\/04\/phin-loc-600x509.jpg 600w\" sizes=\"auto, (max-width: 800px) 100vw, 800px\" \/><\/p>\n<p><strong>Phin l\u1ecdc \u0111\u1ed9c 6001<\/strong>\u00a0\u0111\u01b0\u1ee3c s\u1ea3n xu\u1ea5t theo d\u00e2y truy\u1ec1n c\u00f4ng ngh\u1ec7 hi\u1ec7n \u0111\u1ea1i c\u1ee7a M\u1ef9. \u0110\u00e3 \u0111\u01b0\u1ee3c t\u1ed5 ch\u1ee9c NIOSH ch\u1ee9ng nh\u1eadn ch\u1ea5t l\u01b0\u1ee3ng s\u1ea3n ph\u1ea9m.<\/p>\n<p>Phin l\u1ecdc \u0111\u1ed9c 6001 d\u00f9ng \u0111\u01b0\u1ee3c cho nhi\u1ec1u lo\u1ea1i m\u1eb7t n\u1ea1 c\u1ee7a 3M\u00a0 nh\u01b0: 6000,7000, v\u00e0 FF-400.<\/p>\n<p>D\u00f9ng k\u1ebft h\u1ee3p phin l\u1ecdc v\u1edbi m\u1eb7t n\u1ea1 n\u1eeda m\u1eb7t s\u1ebd gi\u00fap n\u00e2ng gi\u1edbi h\u1ea1n ti\u1ebfp x\u00fac cho ph\u00e9p PEL l\u00ean g\u1ea5p 10 l\u1ea7n v\u00e0 t\u0103ng l\u00ean g\u1ea5p 50 l\u1ea7n \u0111\u1ed1i v\u1edbi m\u1eb7t n\u1ea1 nguy\u00ean m\u1eb7t.<\/p>\n<p>Chuy\u00ean ph\u00e2n ph\u1ed1i c\u00e1c s\u1ea3n ph\u1ea9m 3M ch\u00ednh h\u00e3ng.Li\u00ean h\u1ec7 v\u1edbi B\u1ea3o h\u1ed9 Nam L\u00e2n \u0111\u1ec3 mua \u0111\u01b0\u1ee3c s\u1ea3n ph\u1ea9m t\u1ed1t nh\u1ea5t, gi\u00e1 th\u00e0nh r\u1ebb nh\u1ea5t<\/p>\n","protected":false},"excerpt":{"rendered":"<p>Phin l\u1ecdc 3M 6001 Lo\u1ea1i phin n\u00e0y l\u00e0 lo\u1ea1i 2 phin. C\u00f3 t\u00e1c d\u1ee5ng l\u1ecdc c\u00e1c ch\u1ea5t h\u1eefu c\u01a1 \u0111\u1ed9c h\u1ea1i nh\u01b0:\u00a0chlorine, hydrogen chloride, sulfur dioxide, chlorine dioxide, hydrogen sulfide, ammonia, methylamine, formaldehyde ho\u1eb7c hydrogen fluoride. Phin l\u1ecdc 6001\u00a0\u0111\u01b0\u1ee3c s\u1ea3n xu\u1ea5t b\u1eb1ng ch\u1ea5t li\u1ec7u than carbon ho\u1ea1t t\u00ednh v\u00e0 m\u00e0ng poly.\u00a0 Phin l\u1ecdc 3M C\u00f3&#8230;<\/p>\n","protected":false},"featured_media":1003,"comment_status":"open","ping_status":"closed","template":"","meta":{"_acf_changed":false},"product_brand":[],"product_cat":[77],"product_tag":[],"class_list":{"0":"post-1002","1":"product","2":"type-product","3":"status-publish","4":"has-post-thumbnail","6":"product_cat-mat-na-phin-loc-3m","8":"first","9":"instock","10":"shipping-taxable","11":"product-type-simple"},"acf":[],"_links":{"self":[{"href":"https:\/\/laprovina.com\/index.php?rest_route=\/wp\/v2\/product\/1002","targetHints":{"allow":["GET"]}}],"collection":[{"href":"https:\/\/laprovina.com\/index.php?rest_route=\/wp\/v2\/product"}],"about":[{"href":"https:\/\/laprovina.com\/index.php?rest_route=\/wp\/v2\/types\/product"}],"replies":[{"embeddable":true,"href":"https:\/\/laprovina.com\/index.php?rest_route=%2Fwp%2Fv2%2Fcomments&post=1002"}],"wp:featuredmedia":[{"embeddable":true,"href":"https:\/\/laprovina.com\/index.php?rest_route=\/wp\/v2\/media\/1003"}],"wp:attachment":[{"href":"https:\/\/laprovina.com\/index.php?rest_route=%2Fwp%2Fv2%2Fmedia&parent=1002"}],"wp:term":[{"taxonomy":"product_brand","embeddable":true,"href":"https:\/\/laprovina.com\/index.php?rest_route=%2Fwp%2Fv2%2Fproduct_brand&post=1002"},{"taxonomy":"product_cat","embeddable":true,"href":"https:\/\/laprovina.com\/index.php?rest_route=%2Fwp%2Fv2%2Fproduct_cat&post=1002"},{"taxonomy":"product_tag","embeddable":true,"href":"https:\/\/laprovina.com\/index.php?rest_route=%2Fwp%2Fv2%2Fproduct_tag&post=1002"}],"curies":[{"name":"wp","href":"https:\/\/api.w.org\/{rel}","templated":true}]}}