{"id":1004,"date":"2024-04-11T08:34:29","date_gmt":"2024-04-11T08:34:29","guid":{"rendered":"https:\/\/laprovina.com\/?post_type=product&#038;p=1004"},"modified":"2025-12-19T22:52:11","modified_gmt":"2025-12-19T22:52:11","slug":"phin-loc-hoi-huu-co-3m-3301k-100","status":"publish","type":"product","link":"https:\/\/laprovina.com\/?product=phin-loc-hoi-huu-co-3m-3301k-100","title":{"rendered":"PHIN L\u1eccC H\u01a0I H\u1eeeU C\u01a0 3M 3301K-100"},"content":{"rendered":"<h2><strong>Phin l\u1ecdc 3M 3301k-100<\/strong><\/h2>\n<p>Phin l\u1ecdc 3301 k100 l\u00e0 lo\u1ea1i phin l\u1ecdc d\u00f9ng cho lo\u1ea1i m\u1eb7t n\u1ea1 ph\u00f2ng \u0111\u1ed9c 3M 3001. \u0110\u00e2y l\u00e0 lo\u1ea1i 1 phin, \u0111\u01b0\u1ee3c l\u00e0m t\u1eeb ch\u1ea5t li\u1ec7u than ho\u1ea1t t\u00ednh v\u00e0 m\u00e0ng poly. \u0110\u01b0\u1ee3c s\u1ea3n xu\u1ea5t tr\u00ean d\u00e2y truy\u1ec1n c\u00f4ng ngh\u1ec7 hi\u1ec7n \u0111\u1ea1i c\u1ee7a M\u1ef9 theo ti\u00eau chu\u1ea9n Ch\u00e2u \u00c2u.<\/p>\n<p>Th\u00e0nh ph\u1ea7n phin l\u1ecdc 3M 3301 c\u00f3 than ho\u1ea1t t\u00ednh c\u00f3 t\u00e1c d\u1ee5ng l\u1ecdc c\u00e1c kh\u00ed \u0111\u1ed9c h\u1ea1i, kh\u00f4ng l\u00e0m \u1ea3nh h\u01b0\u1edfng t\u1edbi ng\u01b0\u1eddi s\u1eed d\u1ee5ng. Ph\u1ea7n m\u00e0ng poly th\u00ec c\u00f3 t\u00e1c d\u1ee5ng ch\u1ee7 y\u1ebfu \u0111\u1ec3 l\u1ecdc c\u00e1c\u00a0 h\u1ea1t b\u1ee5i b\u1ea9n, k\u1ec3 c\u1ea3 nh\u1eefng h\u1ea1t b\u1ee5i r\u1ea5t nh\u1ecf.<\/p>\n<p><img decoding=\"async\" src=\"http:\/\/namlan.com.vn\/uploads\/files\/phin-loc-3m-3301k10032203(1).jpg\" alt=\"\" \/><img loading=\"lazy\" decoding=\"async\" class=\"aligncenter size-full wp-image-1005\" src=\"https:\/\/laprovina.com\/wp-content\/uploads\/2024\/04\/phin-loc-3m-3301k10032203.jpg\" alt=\"\" width=\"800\" height=\"368\" srcset=\"https:\/\/laprovina.com\/wp-content\/uploads\/2024\/04\/phin-loc-3m-3301k10032203.jpg 800w, https:\/\/laprovina.com\/wp-content\/uploads\/2024\/04\/phin-loc-3m-3301k10032203-600x276.jpg 600w\" sizes=\"auto, (max-width: 800px) 100vw, 800px\" \/><\/p>\n<p>D\u00f9ng ch\u1ee7 y\u1ebfu trong\u00a0 c\u00e1c m\u00f4i\u00a0 tr\u01b0\u1eddng c\u00f3 kh\u00f4ng kh\u00ed b\u1ecb \u00f4 nhi\u1ec5m, kh\u00ed \u0111\u1ed9c h\u1ea1i, nhi\u1ec1u b\u1ee5i b\u1ea9n kh\u00f4ng c\u00f3 l\u1ee3i cho s\u1ee9c kh\u1ecfe con ng\u01b0\u1eddi. S\u1eed d\u1ee5ng s\u1ea3n ph\u1ea9m phin l\u1ecdc 3M ch\u00ednh h\u00e3ng 3M l\u00e0 t\u1ed1t nh\u1ea5t \u0111\u1ec3 b\u1ea3o v\u1ec7.<\/p>\n<p>Megaline ch\u00fang t\u00f4i cam k\u1ebft v\u1ec1 ch\u1ea5t l\u01b0\u1ee3ng s\u1ea3n ph\u1ea9m t\u1ed1t nh\u1ea5t th\u1ecb tr\u01b0\u1eddng, gi\u00e1 c\u1ea3 h\u1ee3p l\u00fd. H\u00e3y \u0111\u1ebfn v\u1edbi Megaline \u0111\u1ec3 c\u00f3 nh\u1eefng s\u1ea3n ph\u1ea9m t\u1ed1t nh\u1ea5t.<\/p>\n","protected":false},"excerpt":{"rendered":"<p>Phin l\u1ecdc 3M 3301k-100 Phin l\u1ecdc 3301 k100 l\u00e0 lo\u1ea1i phin l\u1ecdc d\u00f9ng cho lo\u1ea1i m\u1eb7t n\u1ea1 ph\u00f2ng \u0111\u1ed9c 3M 3001. \u0110\u00e2y l\u00e0 lo\u1ea1i 1 phin, \u0111\u01b0\u1ee3c l\u00e0m t\u1eeb ch\u1ea5t li\u1ec7u than ho\u1ea1t t\u00ednh v\u00e0 m\u00e0ng poly. \u0110\u01b0\u1ee3c s\u1ea3n xu\u1ea5t tr\u00ean d\u00e2y truy\u1ec1n c\u00f4ng ngh\u1ec7 hi\u1ec7n \u0111\u1ea1i c\u1ee7a M\u1ef9 theo ti\u00eau chu\u1ea9n Ch\u00e2u \u00c2u. Th\u00e0nh&#8230;<\/p>\n","protected":false},"featured_media":1005,"comment_status":"open","ping_status":"closed","template":"","meta":{"_acf_changed":false},"product_brand":[],"product_cat":[77],"product_tag":[],"class_list":{"0":"post-1004","1":"product","2":"type-product","3":"status-publish","4":"has-post-thumbnail","6":"product_cat-mat-na-phin-loc-3m","8":"first","9":"instock","10":"shipping-taxable","11":"product-type-simple"},"acf":[],"_links":{"self":[{"href":"https:\/\/laprovina.com\/index.php?rest_route=\/wp\/v2\/product\/1004","targetHints":{"allow":["GET"]}}],"collection":[{"href":"https:\/\/laprovina.com\/index.php?rest_route=\/wp\/v2\/product"}],"about":[{"href":"https:\/\/laprovina.com\/index.php?rest_route=\/wp\/v2\/types\/product"}],"replies":[{"embeddable":true,"href":"https:\/\/laprovina.com\/index.php?rest_route=%2Fwp%2Fv2%2Fcomments&post=1004"}],"wp:featuredmedia":[{"embeddable":true,"href":"https:\/\/laprovina.com\/index.php?rest_route=\/wp\/v2\/media\/1005"}],"wp:attachment":[{"href":"https:\/\/laprovina.com\/index.php?rest_route=%2Fwp%2Fv2%2Fmedia&parent=1004"}],"wp:term":[{"taxonomy":"product_brand","embeddable":true,"href":"https:\/\/laprovina.com\/index.php?rest_route=%2Fwp%2Fv2%2Fproduct_brand&post=1004"},{"taxonomy":"product_cat","embeddable":true,"href":"https:\/\/laprovina.com\/index.php?rest_route=%2Fwp%2Fv2%2Fproduct_cat&post=1004"},{"taxonomy":"product_tag","embeddable":true,"href":"https:\/\/laprovina.com\/index.php?rest_route=%2Fwp%2Fv2%2Fproduct_tag&post=1004"}],"curies":[{"name":"wp","href":"https:\/\/api.w.org\/{rel}","templated":true}]}}