{"id":1006,"date":"2024-04-11T08:37:02","date_gmt":"2024-04-11T08:37:02","guid":{"rendered":"https:\/\/laprovina.com\/?post_type=product&#038;p=1006"},"modified":"2025-10-13T05:52:32","modified_gmt":"2025-10-13T05:52:32","slug":"mat-na-phong-doc-3m-7772","status":"publish","type":"product","link":"https:\/\/laprovina.com\/?product=mat-na-phong-doc-3m-7772","title":{"rendered":"M\u1eb6T N\u1ea0 PH\u00d2NG \u0110\u1ed8C 3M 7772"},"content":{"rendered":"<h2><strong>M\u1eb7t n\u1ea1 ph\u00f2ng \u0111\u1ed9c 3M 7772<\/strong><\/h2>\n<p>Lo\u1ea1i m\u1eb7t n\u1ea1 \u0111\u01b0\u1ee3c thi\u1ebft k\u1ebf l\u00e0 ch\u1ea5t li\u1ec7u silicon gi\u00fap cho ng\u01b0\u1eddi \u0111eo kh\u00f4ng b\u1ecb \u0111\u1ec3 l\u1ea1i v\u1ebft h\u1eb1n tr\u00ean khu\u00f4n m\u1eb7t. L\u00e0 lo\u1ea1i m\u1eb7t n\u1ea1 n\u1eeda ng\u01b0\u1eddi gi\u00fap cho vi\u1ec7c \u0111eo m\u1eb7t n\u1ea1 c\u0169ng tr\u1edf n\u00ean nh\u1eb9 nh\u00e0ng v\u00e0 d\u1ec5 d\u00e0ng h\u01a1n. Th\u00eam n\u1eefa, chi\u1ebfc m\u1eb7t n\u1ea1 3M n\u00e0y c\u00f3 h\u1ec7 th\u1ed1ng l\u1ecdc kh\u00ed th\u00f4ng minh, hi\u1ec7n \u0111\u1ea1i gi\u00fap l\u1ecdc hi\u1ec7u qu\u1ea3 c\u00e1c ch\u1ea5t g\u00e2y h\u1ea1i cho s\u1ee9c kh\u1ecfe con ng\u01b0\u1eddi.<\/p>\n<p><img decoding=\"async\" src=\"https:\/\/megaline.com.vn\/upload\/images\/mat%20na%203M%207772.jpg\" alt=\"\" \/><img loading=\"lazy\" decoding=\"async\" class=\"aligncenter size-full wp-image-1001\" src=\"https:\/\/laprovina.com\/wp-content\/uploads\/2024\/04\/mat-na-3M-7772.jpg\" alt=\"\" width=\"800\" height=\"750\" srcset=\"https:\/\/laprovina.com\/wp-content\/uploads\/2024\/04\/mat-na-3M-7772.jpg 800w, https:\/\/laprovina.com\/wp-content\/uploads\/2024\/04\/mat-na-3M-7772-600x563.jpg 600w\" sizes=\"auto, (max-width: 800px) 100vw, 800px\" \/><\/p>\n<p>H\u00e3ng s\u1ea3n xu\u1ea5t: 3M M\u1ef9.<\/p>\n<p>Ch\u1ea5t li\u1ec7u: Silicon<\/p>\n<p>Lo\u1ea1i m\u1eb7t n\u1ea1: d\u00f9ng nhi\u1ec1u l\u1ea7n.<\/p>\n<p>D\u1ea1ng m\u1eb7t n\u1ea1: n\u1eeda m\u1eb7t<\/p>\n<p>S\u1eed d\u1ee5ng ch\u1ee7 y\u1ebfu trong c\u00e1c m\u00f4i tr\u01b0\u1eddng c\u00f3 h\u00f3a ch\u1ea5t, h\u01a1i h\u1eefu c\u01a1, c\u1ea5c lo\u1ea1i kh\u00ed \u0111\u1ed9c h\u1ea1i, kh\u00ed c\u00f3 d\u1ea7u.<\/p>\n<p>Chi\u1ebfc m\u1eb7t n\u1ea1 n\u00e0y c\u00f3 t\u00e1c d\u1ee5ng \u0111a n\u0103ng gi\u00fap cho ng\u01b0\u1eddi d\u00f9ng y\u00ean t\u00e2m h\u01a1n trong c\u00f4ng vi\u1ec7c, t\u1eeb \u0111\u00f3 \u0111\u1ea1t n\u0103ng su\u1ea5t lao \u0111\u1ed9ng cao h\u01a1n.<\/p>\n<p>C\u00f4ng ty ch\u00fang t\u00f4i c\u00f3 \u0111\u1ea7y \u0111\u1ee7 c\u00e1c s\u1ea3n ph\u1ea9m 3M. H\u00e3y t\u1edbi v\u1edbi ch\u00fang t\u00f4i \u0111\u1ec3 c\u00f3 th\u1ec3 l\u1ef1a ch\u1ecdn \u0111\u01b0\u1ee3c nh\u1eefng s\u1ea3n ph\u1ea9m ph\u00f2ng s\u1ea1ch ph\u00f9 h\u1ee3p v\u1edbi nhu c\u1ea7u c\u00f4ng vi\u1ec7c c\u1ee7a m\u00ecnh. \u0110\u1ec3 v\u1eeba \u0111\u1ea3m b\u1ea3o s\u1ee9c h\u1ecfe t\u1ed1t v\u1eeba c\u00f3 hi\u1ec7u qu\u1ea3 c\u00f4ng vi\u1ec7c \u1ed5n \u0111\u1ecbnh l\u00e2u d\u00e0i.<\/p>\n","protected":false},"excerpt":{"rendered":"<p>M\u1eb7t n\u1ea1 ph\u00f2ng \u0111\u1ed9c 3M 7772 Lo\u1ea1i m\u1eb7t n\u1ea1 \u0111\u01b0\u1ee3c thi\u1ebft k\u1ebf l\u00e0 ch\u1ea5t li\u1ec7u silicon gi\u00fap cho ng\u01b0\u1eddi \u0111eo kh\u00f4ng b\u1ecb \u0111\u1ec3 l\u1ea1i v\u1ebft h\u1eb1n tr\u00ean khu\u00f4n m\u1eb7t. L\u00e0 lo\u1ea1i m\u1eb7t n\u1ea1 n\u1eeda ng\u01b0\u1eddi gi\u00fap cho vi\u1ec7c \u0111eo m\u1eb7t n\u1ea1 c\u0169ng tr\u1edf n\u00ean nh\u1eb9 nh\u00e0ng v\u00e0 d\u1ec5 d\u00e0ng h\u01a1n. Th\u00eam n\u1eefa, chi\u1ebfc m\u1eb7t n\u1ea1&#8230;<\/p>\n","protected":false},"featured_media":1001,"comment_status":"open","ping_status":"closed","template":"","meta":{"_acf_changed":false},"product_brand":[],"product_cat":[77],"product_tag":[],"class_list":{"0":"post-1006","1":"product","2":"type-product","3":"status-publish","4":"has-post-thumbnail","6":"product_cat-mat-na-phin-loc-3m","8":"first","9":"instock","10":"shipping-taxable","11":"product-type-simple"},"acf":[],"_links":{"self":[{"href":"https:\/\/laprovina.com\/index.php?rest_route=\/wp\/v2\/product\/1006","targetHints":{"allow":["GET"]}}],"collection":[{"href":"https:\/\/laprovina.com\/index.php?rest_route=\/wp\/v2\/product"}],"about":[{"href":"https:\/\/laprovina.com\/index.php?rest_route=\/wp\/v2\/types\/product"}],"replies":[{"embeddable":true,"href":"https:\/\/laprovina.com\/index.php?rest_route=%2Fwp%2Fv2%2Fcomments&post=1006"}],"wp:featuredmedia":[{"embeddable":true,"href":"https:\/\/laprovina.com\/index.php?rest_route=\/wp\/v2\/media\/1001"}],"wp:attachment":[{"href":"https:\/\/laprovina.com\/index.php?rest_route=%2Fwp%2Fv2%2Fmedia&parent=1006"}],"wp:term":[{"taxonomy":"product_brand","embeddable":true,"href":"https:\/\/laprovina.com\/index.php?rest_route=%2Fwp%2Fv2%2Fproduct_brand&post=1006"},{"taxonomy":"product_cat","embeddable":true,"href":"https:\/\/laprovina.com\/index.php?rest_route=%2Fwp%2Fv2%2Fproduct_cat&post=1006"},{"taxonomy":"product_tag","embeddable":true,"href":"https:\/\/laprovina.com\/index.php?rest_route=%2Fwp%2Fv2%2Fproduct_tag&post=1006"}],"curies":[{"name":"wp","href":"https:\/\/api.w.org\/{rel}","templated":true}]}}