{"id":1009,"date":"2024-04-11T08:42:50","date_gmt":"2024-04-11T08:42:50","guid":{"rendered":"https:\/\/laprovina.com\/?post_type=product&#038;p=1009"},"modified":"2025-12-19T22:46:34","modified_gmt":"2025-12-19T22:46:34","slug":"bang-dinh-3m","status":"publish","type":"product","link":"https:\/\/laprovina.com\/?product=bang-dinh-3m","title":{"rendered":"B\u0103ng D\u00ednh 3M"},"content":{"rendered":"<h2><strong>B\u1ea1n \u0111ang c\u1ea7n t\u00ecm nh\u00e0 ph\u00e2n ph\u1ed1i, \u0111\u1ea1i l\u00fd b\u0103ng keo 3M T\u1ea1i Vi\u1ec7t Nam<\/strong><\/h2>\n<p><strong>\u25ba B\u1ea1n mu\u1ed1n mua s\u1ea3n ph\u1ea9m b\u0103ng keo 3M ch\u00ednh h\u00e3ng!<br \/>\n\u25ba Ph\u00e2n ph\u1ed1i \u0111a d\u1ea1ng c\u00e1c d\u00f2ng s\u1ea3n ph\u1ea9m v\u1edbi nhu c\u1ea7u s\u1eed d\u1ee5ng hi\u1ec7n nay?<br \/>\n\u25ba B\u1ea1n c\u1ea7n cung c\u1ea5p \u0111\u1ea7y \u0111\u1ee7 h\u00f3a \u0111\u01a1n ch\u1ee9ng t\u1eeb cho s\u1ea3n ph\u1ea9m 3M?<br \/>\n\u25ba B\u1ea1n c\u1ea7n t\u00ecm hi\u1ec3u th\u00f4ng tin v\u00e0 nhu c\u1ea7u s\u1eeda d\u1ee5ng theo ng\u00e0nh ngh\u1ec1 ri\u00eang?<br \/>\n\u25ba M\u1ed9t n\u01a1i cung c\u1ea5p c\u00e1c lo\u1ea1i b\u0103ng keo 3M v\u1edbi gi\u00e1 th\u00e0nh c\u1ea1nh tranh nh\u1ea5t?<br \/>\n\u25ba H\u00e0ng h\u00f3a lu\u00f4n c\u00f3 s\u1eb5n v\u00e0 ph\u1ee5c v\u1ee5 nhu c\u1ea7u s\u1eed d\u1ee5ng 24\/7?<\/strong><\/p>\n<p><img loading=\"lazy\" decoding=\"async\" class=\"aligncenter size-full wp-image-1010\" src=\"https:\/\/laprovina.com\/wp-content\/uploads\/2024\/04\/bang-keo3m.jpg\" alt=\"\" width=\"800\" height=\"800\" srcset=\"https:\/\/laprovina.com\/wp-content\/uploads\/2024\/04\/bang-keo3m.jpg 800w, https:\/\/laprovina.com\/wp-content\/uploads\/2024\/04\/bang-keo3m-300x300.jpg 300w, https:\/\/laprovina.com\/wp-content\/uploads\/2024\/04\/bang-keo3m-600x600.jpg 600w, https:\/\/laprovina.com\/wp-content\/uploads\/2024\/04\/bang-keo3m-100x100.jpg 100w\" sizes=\"auto, (max-width: 800px) 100vw, 800px\" \/><\/p>\n<p>&nbsp;<\/p>\n<p><em>Nh\u00e0 ph\u00e2n ph\u1ed1i b\u0103ng keo 3M ch\u00ednh h\u00e3ng to\u00e0n qu\u1ed1c\u00a0<\/em><\/p>\n<p>Ng\u00e0y n\u00e0y b\u0103ng keo 3M\u00a0nh\u01b0 m\u1ed9t b\u01b0\u1edbc ti\u1ebfn m\u1edbi v\u1ec1 c\u00f4ng ngh\u1ec7 d\u00ednh, thay th\u1ebf cho nh\u1eefng m\u1ed1i d\u00ednh truy\u1ec1n th\u1ed1ng y\u1ebfu k\u00e9m (b\u0103ng keo 3M \u0111em l\u1ea1i hi\u1ec7u qu\u1ea3 tr\u00ean nh\u1eefng v\u1eadt li\u1ec7u c\u1ea7n t\u00ednh th\u1eabm m\u1ef9 v\u00e0 t\u00ednh k\u1ef9 thu\u1eadt cao.)<\/p>\n<p><strong>\u1ee8ng d\u1ee5ng c\u1ee7a b\u0103ng keo 3M<\/strong><\/p>\n<ul>\n<li>B\u0103ng keo d\u00e1n c\u00e1c lo\u1ea1i k\u00ednh xe \u00f4 t\u00f4 v\u00e0 d\u00e1n nh\u1eefng logo l\u00ean m\u1eb7t \u00f4 t\u00f4.<\/li>\n<li class=\"ms-hover\">Keo 3M d\u00f9ng \u0111\u1ec3 d\u00e1n nh\u1ef1a, th\u1ee7y tinh, g\u1ea1ch, PVC, v\u00e1n \u00e9p, g\u1ed7, ABS\u2026vv.<\/li>\n<li>N\u00ean d\u00f9ng \u0111\u1ec3 d\u00e1n nh\u1eefng kim lo\u1ea1i c\u00f3 s\u01a1n t\u0129nh \u0111i\u1ec7n kh\u00f3 d\u00ednh v\u00e0 th\u00e9p kh\u00f4ng g\u1ec9.<\/li>\n<li class=\"ms-hover\">B\u0103ng d\u00ednh 3M c\u00f2n d\u00f9ng \u0111\u1ec3 d\u00e1n: \u00a0cao su, th\u00f9ng caton, bao b\u00ec.<\/li>\n<\/ul>\n<h2><strong>C\u00e1c s\u1ea3n ph\u1ea9m b\u0103ng keo 3M<\/strong><\/h2>\n<ul>\n<li>B\u0103ng keo 1 m\u1eb7t 3M : C\u00f3 ch\u1ea5t d\u00ednh 1 m\u1eb7t \u0111\u1ec3 d\u00e1n tr\u00ean nh\u1eefng s\u1ea3n ph\u1ea9m \u0111\u00f3ng g\u00f3i<\/li>\n<li>B\u0103ng keo 2 m\u1eb7t 3M : C\u00f3 ch\u1ea5t d\u00ednh 2 m\u1eb7t \u0111\u1ec3 k\u1ebft n\u1ed1i ho\u1eb7c g\u1eafn gh\u00e9p nh\u1eefng v\u1eadt li\u1ec7u, thi\u1ebft b\u1ecb l\u1ea1i v\u1edbi nhau.<\/li>\n<li>B\u0103ng keo \u0111i\u1ec7n 3M : S\u1eed d\u1ee5ng trong nhi\u1ec1u l\u0129nh v\u1ef1c thi\u1ebft b\u1ecb \u0111i\u1ec7n, \u0111i\u1ec7n t\u1eed mang t\u00ednh an to\u00e0n cao<\/li>\n<li>B\u0103ng keo c\u01b0\u1eddng l\u1ef1c 3M : Lo\u1ea1i n\u00e0y s\u1eed d\u1ee5ng nh\u1eefng n\u01a1i, v\u1ecb tr\u00ed c\u00f3 va ch\u1ea1m v\u00e0 t\u00e1c \u0111\u1ed9ng m\u1ea1nh, nh\u1eefng v\u1eabn \u0111em l\u1ea1i k\u1ebft qu\u1ea3 t\u1ed1t nh\u1ea5t.<\/li>\n<li>B\u0103ng keo d\u00e1n n\u1ec1n 3M : D\u00f9ng trong ng\u00e0nh b\u1ea3o h\u1ed9, c\u1ea3nh b\u00e1o v\u00e0 nhi\u1ec1u khu v\u1ef1c th\u1ed1ng b\u00e1o kh\u00e1c hi\u1ec7n nay\u2026<\/li>\n<\/ul>\n<h2><strong>L\u00fd do b\u1ea1n n\u00ean l\u1ef1a ch\u1ecdn C\u00f4ng ty TNHH Lapro Vina<\/strong><\/h2>\n<ul>\n<li>Ch\u00fang t\u00f4i l\u00e0 \u0111\u1ea1i l\u00fd ph\u00e2n ph\u1ed1i ch\u00ednh h\u00e3ng s\u1ea3n ph\u1ea9m b\u0103ng keo 3M<\/li>\n<li>Ch\u00fang t\u00f4i cung c\u1ea5p s\u1ea3n ph\u1ea9m keo 3M gi\u00e1 r\u1ebb nh\u1ea5t hi\u1ec7n nay.<\/li>\n<li class=\"ms-hover\">C\u00f3 \u0111\u1ea7y \u0111\u1ee7 gi\u1ea5y t\u1edd h\u00f3a \u0111\u01a1n cho vi\u1ec7c mua b\u00e1n<\/li>\n<li class=\"ms-hover\">H\u1ed7 tr\u1ee3 v\u1eadn chuy\u1ec3n mi\u1ec5n ph\u00ed 24\/7 cho nh\u1eefng \u0111\u01a1n h\u00e0ng l\u1edbn.<\/li>\n<\/ul>\n<p><strong><em>Li\u00ean h\u1ec7 l\u1ef1a ch\u1ecdn s\u1ea3n ph\u1ea9m b\u0103ng keo 3M ch\u00ednh h\u00e3ng gi\u00e1 r\u1ebb nh\u1ea5t\u00a0<\/em><\/strong><\/p>\n<p><em><strong>\u00a0T\u1eeb kh\u00f3a t\u00ecm ki\u1ebfm:<\/strong>\u00a0b\u0103ng keo 3m 1 m\u1eb7t, b\u0103ng keo 3m 2 m\u1eb7t, b\u0103ng keo 3m c\u01b0\u1eddng l\u1ef1c, b\u0103ng keo 3m d\u00e1n n\u1ec1n, b\u0103ng d\u00ednh 3m, bang keo 3m&#8230;<\/em><\/p>\n","protected":false},"excerpt":{"rendered":"<p>B\u1ea1n \u0111ang c\u1ea7n t\u00ecm nh\u00e0 ph\u00e2n ph\u1ed1i, \u0111\u1ea1i l\u00fd b\u0103ng keo 3M T\u1ea1i Vi\u1ec7t Nam \u25ba B\u1ea1n mu\u1ed1n mua s\u1ea3n ph\u1ea9m b\u0103ng keo 3M ch\u00ednh h\u00e3ng! \u25ba Ph\u00e2n ph\u1ed1i \u0111a d\u1ea1ng c\u00e1c d\u00f2ng s\u1ea3n ph\u1ea9m v\u1edbi nhu c\u1ea7u s\u1eed d\u1ee5ng hi\u1ec7n nay? \u25ba B\u1ea1n c\u1ea7n cung c\u1ea5p \u0111\u1ea7y \u0111\u1ee7 h\u00f3a \u0111\u01a1n ch\u1ee9ng t\u1eeb cho s\u1ea3n&#8230;<\/p>\n","protected":false},"featured_media":1010,"comment_status":"open","ping_status":"closed","template":"","meta":{"_acf_changed":false},"product_brand":[],"product_cat":[78],"product_tag":[],"class_list":{"0":"post-1009","1":"product","2":"type-product","3":"status-publish","4":"has-post-thumbnail","6":"product_cat-bang-dinh-3m","8":"first","9":"instock","10":"shipping-taxable","11":"product-type-simple"},"acf":[],"_links":{"self":[{"href":"https:\/\/laprovina.com\/index.php?rest_route=\/wp\/v2\/product\/1009","targetHints":{"allow":["GET"]}}],"collection":[{"href":"https:\/\/laprovina.com\/index.php?rest_route=\/wp\/v2\/product"}],"about":[{"href":"https:\/\/laprovina.com\/index.php?rest_route=\/wp\/v2\/types\/product"}],"replies":[{"embeddable":true,"href":"https:\/\/laprovina.com\/index.php?rest_route=%2Fwp%2Fv2%2Fcomments&post=1009"}],"wp:featuredmedia":[{"embeddable":true,"href":"https:\/\/laprovina.com\/index.php?rest_route=\/wp\/v2\/media\/1010"}],"wp:attachment":[{"href":"https:\/\/laprovina.com\/index.php?rest_route=%2Fwp%2Fv2%2Fmedia&parent=1009"}],"wp:term":[{"taxonomy":"product_brand","embeddable":true,"href":"https:\/\/laprovina.com\/index.php?rest_route=%2Fwp%2Fv2%2Fproduct_brand&post=1009"},{"taxonomy":"product_cat","embeddable":true,"href":"https:\/\/laprovina.com\/index.php?rest_route=%2Fwp%2Fv2%2Fproduct_cat&post=1009"},{"taxonomy":"product_tag","embeddable":true,"href":"https:\/\/laprovina.com\/index.php?rest_route=%2Fwp%2Fv2%2Fproduct_tag&post=1009"}],"curies":[{"name":"wp","href":"https:\/\/api.w.org\/{rel}","templated":true}]}}