{"id":1015,"date":"2024-04-11T09:00:57","date_gmt":"2024-04-11T09:00:57","guid":{"rendered":"https:\/\/laprovina.com\/?post_type=product&#038;p=1015"},"modified":"2025-12-19T22:48:17","modified_gmt":"2025-12-19T22:48:17","slug":"dep-chong-tinh-dien-quai-hau-den","status":"publish","type":"product","link":"https:\/\/laprovina.com\/?product=dep-chong-tinh-dien-quai-hau-den","title":{"rendered":"D\u00c9P CH\u1ed0NG T\u0128NH \u0110I\u1ec6N QUAI H\u1eacU \u0110EN"},"content":{"rendered":"<h2><strong>D\u00e9p PVC quai h\u1eadu ch\u1ed1ng t\u0129nh \u0111i\u1ec7n<\/strong><\/h2>\n<p>\u0110i c\u00f9ng nh\u1eefng v\u1eadt d\u1ee5ng b\u1ea3o h\u1ed9 trong ph\u00f2ng s\u1ea1ch, hay nh\u1eefng m\u00f4i tr\u01b0\u1eddng t\u0129nh \u0111i\u1ec7n l\u00e0 nh\u1eefng s\u1ea3n ph\u1ea9m b\u1ea3o h\u1ed9 b\u1ea3o v\u1ec7 cho c\u00f4ng nh\u00e2n, ng\u01b0\u1eddi s\u1eed d\u1ee5ng nh\u01b0 qu\u1ea7n \u00e1o, gi\u00e0y d\u00e9p, m\u0169,\u2026 gi\u00fap b\u1ea3o \u0111\u1ea3m s\u1ee9c kh\u1ecfe c\u0169ng nh\u01b0 t\u00ednh m\u1ea1ng c\u1ee7a h\u1ecd. Tr\u00ean th\u1ecb tr\u01b0\u1eddng c\u00f3 r\u1ea5t nhi\u1ec1u nh\u1eefng s\u1ea3n ph\u1ea9m ch\u1ed1ng t\u0129nh \u0111i\u1ec7n c\u1ee7a r\u1ea5t nhi\u1ec1u h\u00e3ng kh\u00e1c nhau \u0111\u01b0\u1ee3c ph\u00e2n ph\u1ed1i b\u1edfi r\u1ea5t nhi\u1ec1u c\u00f4ng ty ch\u1ea5t l\u01b0\u1ee3ng t\u1ed1t hay x\u1ea5u c\u0169ng r\u1ea5t kho \u0111\u1ec3 ki\u1ec3m so\u00e1t. C\u00f4ng ty TNHH Megaline ch\u00fang t\u00f4i chuy\u00ean ph\u00e2n ph\u1ed1i c\u00e1c\u00a0<strong>s\u1ea3n ph\u1ea9m ph\u00f2ng s\u1ea1ch<\/strong>, ch\u1ed1ng t\u0129nh \u0111i\u1ec7n v\u1edbi ch\u1ea5t l\u01b0\u1ee3ng t\u1ed1t nh\u1ea5t. V\u00e0 n\u1ebfu b\u1ea1n \u0111ang ph\u00e2n v\u00e2n l\u1ef1a ch\u1ecdn m\u1ed9t lo\u1ea1i d\u00e9p ch\u1ed1ng t\u0129nh \u0111i\u1ec7n ph\u00f9 h\u1ee3p th\u00ec d\u00e9p ch\u1ed1ng t\u0129nh \u0111i\u1ec7n quai h\u1eadu \u0111en c\u00f3 th\u1ec3 l\u00e0 m\u1ed9t s\u1ef1 l\u1ef1a ch\u1ecdn h\u1ee3p l\u00fd cho b\u1ea1n.<\/p>\n<h3><u>\u0110\u1eb7c \u0111i\u1ec3m c\u1ee7a d\u00e9p ch\u1ed1ng t\u0129nh \u0111i\u1ec7n quai h\u1eadu \u0111en<\/u><\/h3>\n<p>&#8211; C\u00f3 \u0111\u1ed9 b\u1ec1n cao, do \u0111\u01b0\u1ee3c l\u00e0m ho\u00e0n to\u00e0n t\u1eeb nh\u1ef1a PVC ch\u1ea5t l\u01b0\u1ee3ng cao l\u00e0 lo\u1ea1i v\u1eadt li\u1ec7u v\u00f4 c\u00f9ng ph\u1ed5 bi\u1ebfn trong c\u00f4ng nghi\u1ec7p ph\u00f2ng s\u1ea1ch, n\u00ean c\u00f3 th\u1ec3 ch\u1ecbu \u0111\u01b0\u1ee3c nhi\u1ec7t kh\u00e1 t\u1ed1t, kh\u00f4ng b\u1ecb cong v\u00eanh, b\u1edf, d\u1ec5 d\u00e0ng h\u1ecfng h\u00f3c nh\u01b0 c\u00e1c lo\u1ea1i d\u00e9p kh\u00e1c. Ngo\u00e0i ra, D\u00e9p PVC\u00a0v\u1edbi v\u1eadt li\u1ec7u n\u00e0y r\u1ea5t th\u00e2n thi\u1ec7n v\u1edbi m\u00f4i tr\u01b0\u1eddng v\u00e0 th\u00e2n thi\u1ec7n v\u1edbi ng\u01b0\u1eddi s\u1eed d\u1ee5ng, kh\u00f4ng g\u00e2y d\u1ecb \u1ee9ng khi \u0111eo v\u00e0o.<\/p>\n<p><img decoding=\"async\" src=\"http:\/\/namlan.com.vn\/uploads\/files\/Quai%20h%E1%BA%ADu(1).jpg\" alt=\"\" \/><img loading=\"lazy\" decoding=\"async\" class=\"aligncenter size-full wp-image-1016\" src=\"https:\/\/laprovina.com\/wp-content\/uploads\/2024\/04\/dep-chong-tinh-dien-quai-hau-esd.jpg\" alt=\"\" width=\"800\" height=\"623\" srcset=\"https:\/\/laprovina.com\/wp-content\/uploads\/2024\/04\/dep-chong-tinh-dien-quai-hau-esd.jpg 800w, https:\/\/laprovina.com\/wp-content\/uploads\/2024\/04\/dep-chong-tinh-dien-quai-hau-esd-600x467.jpg 600w\" sizes=\"auto, (max-width: 800px) 100vw, 800px\" \/><\/p>\n<p>&#8211;\u00a0Ch\u1ed1ng t\u0129nh \u0111i\u1ec7n: Ng\u0103n ch\u1eb7n s\u1ef1 t\u0129nh \u0111i\u1ec7n, truy\u1ec1n \u0111i\u1ec7n v\u00e0o ng\u01b0\u1eddi dung trong khi l\u00e0m vi\u1ec7c do t\u1ea5t c\u1ea3 \u0111i\u1ec7n t\u00edch kh\u00f4ng truy\u1ec1n t\u1eeb d\u00e9p qua b\u00e0n ch\u00e2n m\u00e0 \u0111\u01b0\u1ee3c ph\u00e2n t\u00e1n ho\u00e0n to\u00e0n ra m\u00f4i tr\u01b0\u1eddng b\u00ean ngo\u00e0i. B\u1ec1 m\u1eb7t d\u01b0\u1edbi \u0111\u01b0\u1ee3c ph\u1ee7 m\u1ed9t l\u1edbp nh\u1ef1a PU gi\u00fap gi\u1ea3m ma s\u00e1t g\u00e2y t\u00edch t\u1ee5 \u0111i\u1ec7n n\u0103ng l\u00ean d\u00e9p.<\/p>\n<p>&#8211;\u00a0\u0110i\u1ec7n tr\u1edf c\u1ee7a s\u1ea3n ph\u1ea9m \u0111\u1ea1t chu\u1ea9n: t\u1eeb 10^6 \u0111\u1ebfn 10^9 \u00f4m l\u00e0 m\u1ee9c \u0111i\u1ec7n tr\u1edf \u0111\u01b0\u1ee3c quy \u0111\u1ecbnh cho c\u00e1c s\u1ea3n ph\u1ea9m b\u1ea3o h\u1ed9 trong m\u00f4i tr\u01b0\u1eddng t\u0129nh \u0111i\u1ec7n.<\/p>\n<p>&#8211;\u00a0C\u00f3 them thi\u1ebft k\u1ebf them quai h\u1eadu. Th\u00edch h\u1ee3p cho ng\u01b0\u1eddi s\u1eed d\u1ee5ng ph\u1ea3i \u0111i l\u1ea1i nhi\u1ec1u gi\u00fap cho d\u00e9p kh\u1ecfi l\u1ecfng v\u00e0 r\u1eddi kh\u1ecfi b\u00e0n ch\u00e2n khi \u0111i l\u1ea1i nhi\u1ec1u.<\/p>\n<p>&#8211;\u00a0D\u00e9p c\u00f3 m\u00e0u \u0111en, c\u00f3 c\u00e1c k\u00edch c\u1ee1 ch\u00ednh cho b\u1ea1n l\u1ef1a ch\u1ecdn: 36, 38, 40, 42, 44.<\/p>\n<p>&#8211;\u00a0D\u00e9p \u0111\u01b0\u1ee3c \u0111\u00f3ng g\u00f3i theo y\u00eau c\u1ea7u c\u1ee7a kh\u00e1ch h\u00e0ng.<\/p>\n<h3><u>\u1ee8ng d\u1ee5ng c\u1ee7a d\u00e9p ch\u1ed1ng t\u0129nh \u0111i\u1ec7n c\u00f3 quai h\u1eadu\u00a0 m\u00e0u \u0111en<\/u><\/h3>\n<p>D\u00e9p \u0111\u01b0\u1ee3c s\u1eed d\u1ee5ng nhi\u1ec1u khi l\u00e0m vi\u1ec7c trong m\u00f4i tr\u01b0\u1eddng ph\u00f2ng s\u1ea1ch,\u00a0c\u00f3 \u0111\u1ed9 t\u0129nh \u0111i\u1ec7n cao. Ngo\u00e0i ra c\u0169ng c\u00f3 th\u1ec3 dung \u0111\u1ec3 s\u1eed d\u1ee5ng trong sinh ho\u1ea1t b\u00ecnh th\u01b0\u1eddng h\u00e0ng ng\u00e0y.<\/p>\n","protected":false},"excerpt":{"rendered":"<p>D\u00e9p PVC quai h\u1eadu ch\u1ed1ng t\u0129nh \u0111i\u1ec7n \u0110i c\u00f9ng nh\u1eefng v\u1eadt d\u1ee5ng b\u1ea3o h\u1ed9 trong ph\u00f2ng s\u1ea1ch, hay nh\u1eefng m\u00f4i tr\u01b0\u1eddng t\u0129nh \u0111i\u1ec7n l\u00e0 nh\u1eefng s\u1ea3n ph\u1ea9m b\u1ea3o h\u1ed9 b\u1ea3o v\u1ec7 cho c\u00f4ng nh\u00e2n, ng\u01b0\u1eddi s\u1eed d\u1ee5ng nh\u01b0 qu\u1ea7n \u00e1o, gi\u00e0y d\u00e9p, m\u0169,\u2026 gi\u00fap b\u1ea3o \u0111\u1ea3m s\u1ee9c kh\u1ecfe c\u0169ng nh\u01b0 t\u00ednh m\u1ea1ng c\u1ee7a h\u1ecd. Tr\u00ean&#8230;<\/p>\n","protected":false},"featured_media":1016,"comment_status":"open","ping_status":"closed","template":"","meta":{"_acf_changed":false},"product_brand":[],"product_cat":[84],"product_tag":[],"class_list":{"0":"post-1015","1":"product","2":"type-product","3":"status-publish","4":"has-post-thumbnail","6":"product_cat-dep-pvc","8":"first","9":"instock","10":"shipping-taxable","11":"product-type-simple"},"acf":[],"_links":{"self":[{"href":"https:\/\/laprovina.com\/index.php?rest_route=\/wp\/v2\/product\/1015","targetHints":{"allow":["GET"]}}],"collection":[{"href":"https:\/\/laprovina.com\/index.php?rest_route=\/wp\/v2\/product"}],"about":[{"href":"https:\/\/laprovina.com\/index.php?rest_route=\/wp\/v2\/types\/product"}],"replies":[{"embeddable":true,"href":"https:\/\/laprovina.com\/index.php?rest_route=%2Fwp%2Fv2%2Fcomments&post=1015"}],"wp:featuredmedia":[{"embeddable":true,"href":"https:\/\/laprovina.com\/index.php?rest_route=\/wp\/v2\/media\/1016"}],"wp:attachment":[{"href":"https:\/\/laprovina.com\/index.php?rest_route=%2Fwp%2Fv2%2Fmedia&parent=1015"}],"wp:term":[{"taxonomy":"product_brand","embeddable":true,"href":"https:\/\/laprovina.com\/index.php?rest_route=%2Fwp%2Fv2%2Fproduct_brand&post=1015"},{"taxonomy":"product_cat","embeddable":true,"href":"https:\/\/laprovina.com\/index.php?rest_route=%2Fwp%2Fv2%2Fproduct_cat&post=1015"},{"taxonomy":"product_tag","embeddable":true,"href":"https:\/\/laprovina.com\/index.php?rest_route=%2Fwp%2Fv2%2Fproduct_tag&post=1015"}],"curies":[{"name":"wp","href":"https:\/\/api.w.org\/{rel}","templated":true}]}}