{"id":1020,"date":"2024-04-11T09:15:13","date_gmt":"2024-04-11T09:15:13","guid":{"rendered":"https:\/\/laprovina.com\/?post_type=product&#038;p=1020"},"modified":"2025-10-13T05:47:27","modified_gmt":"2025-10-13T05:47:27","slug":"dep-chong-tinh-dien-pvc-xanh-den","status":"publish","type":"product","link":"https:\/\/laprovina.com\/?product=dep-chong-tinh-dien-pvc-xanh-den","title":{"rendered":"D\u00c9P CH\u1ed0NG T\u0128NH \u0110I\u1ec6N PVC XANH \u0110EN"},"content":{"rendered":"<h2><strong>D\u00e9p PVC xanh \u0111en<\/strong><\/h2>\n<p>V\u1edbi t\u00e1c d\u1ee5ng b\u1ea3o v\u1ec7 c\u01a1 th\u1ec3 kh\u1ecfi nguy c\u01a1 b\u1ecb nhi\u1ec5m \u0111i\u1ec7n khi ph\u1ea3i l\u00e0m vi\u1ec7c trong m\u00f4i tr\u01b0\u1eddng c\u00f3 \u0111\u1ed9 t\u0129nh \u0111i\u1ec7n cao, c\u00e1c s\u1ea3n ph\u1ea9m b\u1ea3o v\u1ec7 c\u01a1 th\u1ec3 nh\u01b0 qu\u1ea7n \u00e1o, gi\u00e0y d\u00e9p, m\u0169,\u2026 \u0111\u00e3 tr\u1edf th\u00e0nh nh\u1eefng v\u1eadt d\u1ee5ng kh\u00f4ng th\u1ec3 thi\u1ebfu trong c\u00f4ng vi\u1ec7c c\u1ee7a con ng\u01b0\u1eddi khi l\u00e0m vi\u1ec7c trong nh\u1eefng m\u00f4i tr\u01b0\u1eddng n\u00e0y.<\/p>\n<p>D\u00e9p PVC m\u00e0u xanh \u0111en l\u00e0 m\u1ed9t trong nh\u1eefng s\u1ea3n ph\u1ea9m d\u00e9p ch\u1ed1ng t\u0129nh \u0111i\u1ec7n \u0111\u01b0\u1ee3c ph\u00e2n ph\u1ed1i b\u1edfi c\u00f4ng ty Megaline ch\u00fang t\u00f4i, v\u1edbi thi\u1ebft k\u1ebf m\u1ec1m x\u1ed1p, \u0111\u1ed9 b\u1ec1n cao, ki\u1ec3u d\u00e1ng th\u1ed1ng d\u1ee5ng nh\u01b0 nh\u1eefng lo\u1ea1i d\u00e9p th\u00f4ng th\u01b0\u1eddng v\u00e0 \u0111\u1eb7c bi\u1ec7t l\u00e0 kh\u1ea3 n\u0103ng ch\u1ed1ng t\u0129nh \u0111i\u1ec7n, \u0111\u00e2y l\u00e0 m\u1ed9t trong nh\u1eefng s\u1ea3n ph\u1ea9m \u0111\u01b0\u1ee3c s\u1eed d\u1ee5ng nhi\u1ec1u nh\u1ea5t b\u1edfi c\u00e1c c\u00f4ng ty s\u1ea3n xu\u1ea5t c\u00e1c linh ki\u1ec7n, thi\u1ebft b\u1ecb \u0111i\u1ec7n t\u1eed, hay trong m\u1ed9t s\u1ed1 l\u0129nh v\u1ef1c thu\u1ed9c c\u00e1c ng\u00e0nh y t\u1ebf, khoa h\u1ecdc.<\/p>\n<p><img decoding=\"async\" src=\"https:\/\/megaline.com.vn\/upload\/images\/dep%20esd%20pvc%20xanh%20den.jpg\" alt=\"\" \/><\/p>\n<p>Nh\u1ef1a PVC l\u00e0 l\u00e0 v\u1eadt li\u1ec7u \u0111\u01b0\u1ee3c s\u1eed d\u1ee5ng \u0111\u1ec3 s\u1ea3n xu\u1ea5t\u00a0<em><strong>d\u00e9p ch\u1ed1ng t\u0129nh \u0111i\u1ec7n<\/strong><\/em>\u00a0n\u00e0y. \u0110\u1eb7c t\u00ednh c\u1ee7a n\u00f3 l\u00e0 d\u1ebbo dai, c\u00f3 \u0111\u1ed9 b\u1ec1n cao, c\u00f3 kh\u1ed1i l\u01b0\u1ee3ng ri\u00eang nh\u1eb9, v\u00ec v\u1eady, n\u00f3 t\u1ea1o n\u1ec1n m\u1ed9t s\u1ea3n ph\u1ea9m b\u1ec1n \u0111\u1eb9p, m\u1ec1m x\u1ed1p, mang \u0111\u1ebfn cho ng\u01b0\u1eddi s\u1eed d\u1ee5ng m\u1ed9t c\u1ea3m gi\u00e1c tho\u1ea3i m\u00e1i v\u00e0 \u00eam \u00e1i, g\u00f3p ph\u1ea7n n\u00e2ng cao n\u0103ng su\u1ea5t c\u00f4ng vi\u1ec7c, l\u00e0m vi\u1ec7c c\u00f3 hi\u1ec7u qu\u1ea3 h\u01a1n.<\/p>\n<p>B\u1ec1 m\u1eb7t d\u00e9p c\u00f3 ph\u1ee7 m\u1ed9t l\u1edbp cacbon \u0111\u1eb7c bi\u1ec7t gi\u00fap d\u00e9p c\u00f3 kh\u1ea3 n\u0103ng ch\u1ed1ng t\u0129nh \u0111i\u1ec7n, ph\u00e2n t\u00e1n c\u00e1c h\u1ea1t \u0111i\u1ec7n t\u00edch ra b\u00ean ngo\u00e0i m\u00f4i tr\u01b0\u1eddng, ng\u0103n kh\u00f4ng cho ch\u00fang ti\u1ebfp x\u00fac v\u1edbi c\u01a1 th\u1ec3 ng\u01b0\u1eddi s\u1eed d\u1ee5ng \u0111\u1ea3m b\u1ea3o an to\u00e0n cho h\u1ecd.<\/p>\n<h3>Th\u00f4ng s\u1ed1 c\u1ee7a d\u00e9p ch\u1ed1ng t\u0129nh \u0111i\u1ec7n m\u00e0u xanh \u0111en<\/h3>\n<p>&#8211;\u00a0\u0110i\u1ec7n tr\u1edf b\u1ec1 m\u1eb7t: \u0111\u1ea1t chu\u1ea9n t\u1eeb 10^6 \u0111\u1ebfn 10^9 ohm.<\/p>\n<p>&#8211;\u00a0\u0110\u1ebf d\u00e9p m\u00e0u \u0111en, quai m\u00e0u xanh, kh\u00f4ng b\u00e1m b\u1ee5i b\u1ea9n khi s\u1eed d\u1ee5ng.<\/p>\n<p>&#8211;\u00a0\u0110\u1ed9 b\u1ec1n cao, kh\u00f4ng cong v\u00eanh khi s\u1eed d\u1ee5ng, si\u00eau nh\u1eb9.<\/p>\n<p>&#8211;\u00a0Ki\u1ec3u d\u00e1ng: gi\u1ed1ng v\u1edbi c\u00e1c l\u1ecba d\u00e9p th\u00f4ng th\u01b0\u1eddng.<\/p>\n<p>&#8211;\u00a0K\u00edch c\u1ee1 d\u00e9p: t\u1eeb 36 \u0111\u1ebfn 44.<\/p>\n<p>&#8211;\u00a0\u0110\u00f3ng g\u00f3i theo y\u00eau c\u1ea7u c\u1ee7a kh\u00e1ch h\u00e0ng.<\/p>\n<p>\u1ee8ng d\u1ee5ng: d\u00e9p ch\u1ed1ng t\u0129nh \u0111i\u1ec7n xanh \u0111en \u0111\u01b0\u1ee3c s\u1eed d\u1ee5ng r\u1ed9ng r\u00e3i trong m\u00f4i tr\u01b0\u1eddng c\u00f3 nh\u1eefng y\u00eau c\u1ea7u cao v\u1ec1 ch\u1ed1ng t\u0129nh \u0111i\u1ec7n, ph\u00f2ng s\u1ea1ch nh\u01b0 trong m\u00f4i tr\u01b0\u1eddng c\u00f4ng nghi\u1ec7p \u0111i\u1ec7n t\u1eed, s\u1ea3n xu\u1ea5t c\u00e1c linh ki\u1ec7n, thi\u1ebft b\u1ecb b\u00e1n d\u1eabn, m\u1ea5y t\u00ednh, hay trong ng\u00e0nh y t\u1ebf, h\u00f3a h\u1ecdc, sinh h\u1ecdc,\u2026<\/p>\n","protected":false},"excerpt":{"rendered":"<p>D\u00e9p PVC xanh \u0111en V\u1edbi t\u00e1c d\u1ee5ng b\u1ea3o v\u1ec7 c\u01a1 th\u1ec3 kh\u1ecfi nguy c\u01a1 b\u1ecb nhi\u1ec5m \u0111i\u1ec7n khi ph\u1ea3i l\u00e0m vi\u1ec7c trong m\u00f4i tr\u01b0\u1eddng c\u00f3 \u0111\u1ed9 t\u0129nh \u0111i\u1ec7n cao, c\u00e1c s\u1ea3n ph\u1ea9m b\u1ea3o v\u1ec7 c\u01a1 th\u1ec3 nh\u01b0 qu\u1ea7n \u00e1o, gi\u00e0y d\u00e9p, m\u0169,\u2026 \u0111\u00e3 tr\u1edf th\u00e0nh nh\u1eefng v\u1eadt d\u1ee5ng kh\u00f4ng th\u1ec3 thi\u1ebfu trong c\u00f4ng vi\u1ec7c c\u1ee7a&#8230;<\/p>\n","protected":false},"featured_media":1019,"comment_status":"open","ping_status":"closed","template":"","meta":{"_acf_changed":false},"product_brand":[],"product_cat":[22],"product_tag":[],"class_list":{"0":"post-1020","1":"product","2":"type-product","3":"status-publish","4":"has-post-thumbnail","6":"product_cat-san-pham-ban-chay","8":"first","9":"instock","10":"shipping-taxable","11":"product-type-simple"},"acf":[],"_links":{"self":[{"href":"https:\/\/laprovina.com\/index.php?rest_route=\/wp\/v2\/product\/1020","targetHints":{"allow":["GET"]}}],"collection":[{"href":"https:\/\/laprovina.com\/index.php?rest_route=\/wp\/v2\/product"}],"about":[{"href":"https:\/\/laprovina.com\/index.php?rest_route=\/wp\/v2\/types\/product"}],"replies":[{"embeddable":true,"href":"https:\/\/laprovina.com\/index.php?rest_route=%2Fwp%2Fv2%2Fcomments&post=1020"}],"wp:featuredmedia":[{"embeddable":true,"href":"https:\/\/laprovina.com\/index.php?rest_route=\/wp\/v2\/media\/1019"}],"wp:attachment":[{"href":"https:\/\/laprovina.com\/index.php?rest_route=%2Fwp%2Fv2%2Fmedia&parent=1020"}],"wp:term":[{"taxonomy":"product_brand","embeddable":true,"href":"https:\/\/laprovina.com\/index.php?rest_route=%2Fwp%2Fv2%2Fproduct_brand&post=1020"},{"taxonomy":"product_cat","embeddable":true,"href":"https:\/\/laprovina.com\/index.php?rest_route=%2Fwp%2Fv2%2Fproduct_cat&post=1020"},{"taxonomy":"product_tag","embeddable":true,"href":"https:\/\/laprovina.com\/index.php?rest_route=%2Fwp%2Fv2%2Fproduct_tag&post=1020"}],"curies":[{"name":"wp","href":"https:\/\/api.w.org\/{rel}","templated":true}]}}