{"id":1021,"date":"2024-04-12T01:42:21","date_gmt":"2024-04-12T01:42:21","guid":{"rendered":"https:\/\/laprovina.com\/?post_type=product&#038;p=1021"},"modified":"2025-10-13T05:51:18","modified_gmt":"2025-10-13T05:51:18","slug":"giay-chong-tinh-dien-pvc-4-lo","status":"publish","type":"product","link":"https:\/\/laprovina.com\/?product=giay-chong-tinh-dien-pvc-4-lo","title":{"rendered":"GI\u00c0Y CH\u1ed0NG T\u0128NH \u0110I\u1ec6N PVC 4 L\u1ed6"},"content":{"rendered":"<p><strong>Gi\u00e0y ch\u1ed1ng t\u0129nh \u0111i\u1ec7n PVC 4 l\u1ed7<\/strong><\/p>\n<p><em>C\u00f4ng ty TNHH\u00a0<\/em><span style=\"font-size: 14.4px;\"><i>Mega line<\/i><\/span>\u00a0ti\u1ebfp t\u1ee5c \u0111\u1ed3ng h\u00e0nh c\u00f9ng ng\u01b0\u1eddi ti\u00eau d\u00f9ng v\u1edbi nh\u1eefng s\u1ea3n ph\u1ea9m b\u1ea3o h\u1ed9 ch\u1ed1ng t\u0129nh \u0111i\u1ec7n, gi\u00fap h\u1ea1n ch\u1ebf nh\u1eefng t\u00e1c \u0111\u1ed9ng t\u1eeb b\u00ean ngo\u00e0i \u1ea3nh h\u01b0\u1edfng t\u1edbi c\u01a1 th\u1ec3 khi l\u00e0m vi\u1ec7c trong m\u00f4i tr\u01b0\u1eddng c\u00f3 s\u1eed d\u1ee5ng \u0111i\u1ec7n n\u0103ng.\u00a0<strong>Gi\u00e0y ch\u1ed1ng tinh \u0111i\u1ec7n PVC 4 l\u1ed7<\/strong>\u00a0l\u00e0 m\u1ed9t trong nh\u1eefng s\u1ea3n ph\u1ea9m m\u00e0 ch\u00fang t\u00f4i \u0111em \u0111\u1ebfn cho b\u1ea1n s\u1ef1 tin t\u01b0\u1edfng ch\u1ecdn l\u1ef1a.<\/p>\n<h2><em>\u0110\u1eb7c \u0111i\u1ec3m c\u1ee7a gi\u00e0y ch\u1ed1ng <span style=\"font-size: 23.04px;\">t\u0129nh<\/span>\u00a0\u0111i\u1ec7n PVC 4 l\u1ed7<\/em><\/h2>\n<p>C\u0169ng nh\u01b0 c\u00e1c s\u1ea3n ph\u1ea9m gi\u00e0y ch\u1ed1ng t\u0129nh \u0111i\u1ec7n\u00a0kh\u00e1c m\u00e0 B\u1ea3o h\u1ed9 Nam L\u00e2n \u0111em \u0111\u1ebfn<em>, gi\u00e0y ch\u1ed1ng tinh \u0111i\u1ec7n PVC 4 l\u1ed7<\/em>\u00a0l\u00e0 s\u1ea3n ph\u1ea9m v\u00f4 c\u00f9ng c\u1ea7n thi\u1ebft cho c\u00e1c nh\u00e0 m\u00e1y, ph\u00e2n x\u01b0\u1edfng c\u00f3 \u0111\u1ed9 t\u0129nh \u0111i\u1ec7n cao. S\u1ea3n ph\u1ea9m \u0111\u01b0\u1ee3c\u00a0 thi\u1ebft k\u1ebf v\u1edbi ki\u1ec3u d\u00e1ng g\u1ecdn nh\u1eb9 \u00f4m ch\u00e2n t\u1ea1o c\u1ea3m gi\u00e1c linh ho\u1ea1t trong qu\u00e1 tr\u00ecnh ho\u1ea1t \u0111\u1ed9ng m\u00e0 v\u1eabn \u0111em l\u1ea1i s\u1ef1 an to\u00e0n \u1ea5m \u00e1p trong m\u00f9a \u0111\u00f4ng hay trong \u0111i\u1ec1u ki\u1ec7n l\u00e0m vi\u1ec7c c\u00f3 nhi\u1ec7t \u0111\u1ed9 th\u1ea5p.<\/p>\n<p><img decoding=\"async\" src=\"https:\/\/megaline.com.vn\/upload\/images\/giay%20chong%20tinh%20dien%20pvc%204%20lo.jpg\" alt=\"\" \/><img loading=\"lazy\" decoding=\"async\" class=\"aligncenter size-full wp-image-1022\" src=\"https:\/\/laprovina.com\/wp-content\/uploads\/2024\/04\/giay-4-lo.jpg\" alt=\"\" width=\"800\" height=\"532\" srcset=\"https:\/\/laprovina.com\/wp-content\/uploads\/2024\/04\/giay-4-lo.jpg 800w, https:\/\/laprovina.com\/wp-content\/uploads\/2024\/04\/giay-4-lo-600x399.jpg 600w\" sizes=\"auto, (max-width: 800px) 100vw, 800px\" \/><\/p>\n<p>H\u01a1n n\u1eefa gi\u00e0y ch\u1ed1ng t\u0129nh \u0111i\u1ec7n c\u00f2n v\u00f4 c\u00f9ng ph\u00f9 h\u1ee3p cho nhi\u1ec1u l\u1ee9a tu\u1ed5i b\u1edfi m\u00e0u tr\u1eafng nh\u00e3 nh\u1eb7n, thanh tho\u00e1t c\u0169ng nh\u01b0 ki\u1ec3u d\u00e1ng thanh l\u1ecbch. PVC_lo\u1ea1i v\u1eadt li\u1ec7u \u0111\u01b0\u1ee3c s\u1eed d\u1ee5ng \u0111\u1ec3 ch\u1ebf t\u1ea1o v\u1eadt li\u1ec7u ch\u1ed1ng t\u0129nh \u0111i\u1ec7n \u0111\u01b0\u1ee3c d\u00f9ng ph\u1ed5 bi\u1ebfn hi\u1ec7n nay c\u0169ng l\u00e0 s\u1ef1 l\u1ef1a ch\u1ecdn \u0111\u1ec3 s\u1ea3n xu\u1ea5t d\u00f2ng s\u1ea3n ph\u1ea9m n\u00e0y.<\/p>\n<p>M\u1ed9t \u0111i\u1ec3m c\u1ed9ng cho ph\u1ea7n thi\u1ebft k\u1ebf \u0111\u00f3 l\u00e0 4 l\u1ed7 \u0111\u01b0\u1ee3c ph\u00e2n b\u1ed1 tr\u00ean b\u1ec1 m\u1eb7t ph\u1ea7n mu b\u00e0n ch\u00e2n gi\u00fap t\u1ea1o \u0111\u1ed9 th\u00f4ng tho\u00e1ng, x\u00f3a b\u1ecf s\u1ef1 lo l\u1eafng b\u00ed b\u00edch khi mang gi\u00e0y \u0111\u1eb7c bi\u1ec7t l\u00e0 trong c\u00e1c ng\u00e0y h\u00e8 n\u00f3ng n\u1ef1c. V\u1edbi \u0111\u1ed9 b\u1ec1n c\u01a1 h\u1ecdc cao v\u00e0 \u0111\u1ed9 x\u1ed1p \u0111\u1ea3m b\u1ea3o s\u1ebd khi\u1ebfn b\u1ea1n ho\u00e0n to\u00e0n tho\u1ea3i m\u00e1i v\u1ec1 ch\u1ea5t l\u01b0\u1ee3ng l\u00e2u d\u00e0i c\u1ee7a s\u1ea3n ph\u1ea9m.<\/p>\n<p>Th\u00eam v\u00e0o \u0111\u00f3 l\u00e0 \u0111\u1eb7c \u0111i\u1ec3m kh\u00f4ng b\u00e1m b\u1ee5i khi s\u1eed d\u1ee5ng v\u00ec th\u1ebf ng\u01b0\u1eddi d\u00f9ng d\u00f9 ho\u1ea1t \u0111\u1ed9ng trong c\u00e1c tr\u01b0\u1eddng h\u1ee3p l\u00e0m vi\u1ec7c \u1edf n\u01a1i c\u00f3 nhi\u1ec1u b\u1ee5i b\u1ea9n nh\u01b0ng v\u1eabn c\u00f3 th\u1ec3 l\u00e0m s\u1ea1ch m\u1ed9t c\u00e1ch d\u1ec5 d\u00e0ng thu\u1eadn ti\u1ec7n.<\/p>\n<p>Kh\u1ea3 n\u0103ng ch\u1ed1ng t\u0129nh \u0111i\u1ec7n hi\u1ec7u qu\u1ea3 v\u1edbi \u0111i\u1ec7n tr\u1edf b\u1ec1 m\u1eb7t thu\u1ed9c kho\u1ea3ng 10<sup>6<\/sup>\u00a0\u0111\u1ebfn 10<sup>9<\/sup>\u00a0omh v\u00ec th\u1ebf b\u1ea1n c\u00f3 th\u1ec3 y\u00ean t\u00e2m khi s\u1eed d\u1ee5ng s\u1ea3n ph\u1ea9m m\u00e0 kh\u00f4ng ph\u1ea3i lo l\u1eafng v\u1ec1 ch\u1ea5t l\u01b0\u1ee3ng b\u1ea3o h\u1ed9 m\u00e0 Megaline \u0111\u01b0a ra. K\u00e8m theo \u0111\u00f3 Megaline tung ra s\u1ea3n ph\u1ea9m n\u00e0y v\u1edbi c\u00e1c c\u1ee1 t\u1eeb 225 \u0111\u1ebfn 275.<\/p>\n<h2><em>\u1ee8ng d\u1ee5ng c\u1ee7a gi\u00e0y ch\u1ed1ng t\u0129nh \u0111i\u1ec7n PVC 4 l\u1ed7<\/em><\/h2>\n<p>V\u1edbi c\u00e1c \u0111\u1eb7c \u0111i\u1ec3m n\u1ed5i b\u1eadt tr\u00ean, gi\u00e0y ch\u1ed1ng t\u0129nh \u0111i\u1ec7n PVC 4 l\u1ed7 r\u1ea5t ph\u00f9 h\u1ee3p cho c\u00e1c m\u00f4i tr\u01b0\u1eddng l\u00e0m vi\u1ec7c c\u00f3 \u0111\u1ed9 b\u1ee5i cao, nhi\u1ec7t \u0111\u1ed9 th\u1ea5p v\u00e0 m\u00f4i tr\u01b0\u1eddng c\u1ea7n s\u1ef1 an to\u00e0n v\u1ec1 t\u0129nh \u0111i\u1ec7n cao: s\u1ea3n xu\u1ea5t linh ki\u1ec7n \u0111i\u1ec7n t\u1eed, l\u0129nh v\u1ef1c y t\u00ea, b\u1ea3o qu\u1ea3n l\u1ea1nh, kh\u1ea3o nghi\u1ec7m, nghi\u00ean c\u1ee9u khoa h\u1ecdc\u2026<\/p>\n<p><em><b>\u0110\u1ebfn v\u1edbi C\u00f4ng ty TNHH Lapro Vina b\u1ea1n ch\u1eafc ch\u1eafn s\u1ebd nh\u1eadn \u0111\u01b0\u1ee3c nh\u1eefng s\u1ea3n ph\u1ea9m b\u1ea3o h\u1ed9 lao \u0111\u1ed9ng v\u1edbi ch\u1ea5t l\u01b0\u1ee3ng t\u1ed1t <\/b><span style=\"font-size: 14.4px;\"><b>nh\u1ea5t<\/b><\/span><b>!<\/b><\/em><\/p>\n","protected":false},"excerpt":{"rendered":"<p>Gi\u00e0y ch\u1ed1ng t\u0129nh \u0111i\u1ec7n PVC 4 l\u1ed7 C\u00f4ng ty TNHH\u00a0Mega line\u00a0ti\u1ebfp t\u1ee5c \u0111\u1ed3ng h\u00e0nh c\u00f9ng ng\u01b0\u1eddi ti\u00eau d\u00f9ng v\u1edbi nh\u1eefng s\u1ea3n ph\u1ea9m b\u1ea3o h\u1ed9 ch\u1ed1ng t\u0129nh \u0111i\u1ec7n, gi\u00fap h\u1ea1n ch\u1ebf nh\u1eefng t\u00e1c \u0111\u1ed9ng t\u1eeb b\u00ean ngo\u00e0i \u1ea3nh h\u01b0\u1edfng t\u1edbi c\u01a1 th\u1ec3 khi l\u00e0m vi\u1ec7c trong m\u00f4i tr\u01b0\u1eddng c\u00f3 s\u1eed d\u1ee5ng \u0111i\u1ec7n n\u0103ng.\u00a0Gi\u00e0y ch\u1ed1ng tinh \u0111i\u1ec7n&#8230;<\/p>\n","protected":false},"featured_media":1022,"comment_status":"open","ping_status":"closed","template":"","meta":{"_acf_changed":false},"product_brand":[],"product_cat":[85],"product_tag":[],"class_list":{"0":"post-1021","1":"product","2":"type-product","3":"status-publish","4":"has-post-thumbnail","6":"product_cat-giay-pvc","8":"first","9":"instock","10":"shipping-taxable","11":"product-type-simple"},"acf":[],"_links":{"self":[{"href":"https:\/\/laprovina.com\/index.php?rest_route=\/wp\/v2\/product\/1021","targetHints":{"allow":["GET"]}}],"collection":[{"href":"https:\/\/laprovina.com\/index.php?rest_route=\/wp\/v2\/product"}],"about":[{"href":"https:\/\/laprovina.com\/index.php?rest_route=\/wp\/v2\/types\/product"}],"replies":[{"embeddable":true,"href":"https:\/\/laprovina.com\/index.php?rest_route=%2Fwp%2Fv2%2Fcomments&post=1021"}],"wp:featuredmedia":[{"embeddable":true,"href":"https:\/\/laprovina.com\/index.php?rest_route=\/wp\/v2\/media\/1022"}],"wp:attachment":[{"href":"https:\/\/laprovina.com\/index.php?rest_route=%2Fwp%2Fv2%2Fmedia&parent=1021"}],"wp:term":[{"taxonomy":"product_brand","embeddable":true,"href":"https:\/\/laprovina.com\/index.php?rest_route=%2Fwp%2Fv2%2Fproduct_brand&post=1021"},{"taxonomy":"product_cat","embeddable":true,"href":"https:\/\/laprovina.com\/index.php?rest_route=%2Fwp%2Fv2%2Fproduct_cat&post=1021"},{"taxonomy":"product_tag","embeddable":true,"href":"https:\/\/laprovina.com\/index.php?rest_route=%2Fwp%2Fv2%2Fproduct_tag&post=1021"}],"curies":[{"name":"wp","href":"https:\/\/api.w.org\/{rel}","templated":true}]}}