{"id":1033,"date":"2024-04-12T02:02:32","date_gmt":"2024-04-12T02:02:32","guid":{"rendered":"https:\/\/laprovina.com\/?post_type=product&#038;p=1033"},"modified":"2024-04-12T02:02:32","modified_gmt":"2024-04-12T02:02:32","slug":"bao-ngon-tay-cam-san-chong-tinh-dien","status":"publish","type":"product","link":"https:\/\/laprovina.com\/?product=bao-ngon-tay-cam-san-chong-tinh-dien","title":{"rendered":"BAO NG\u00d3N TAY CAM S\u1ea6N CH\u1ed0NG T\u0128NH \u0110I\u1ec6N"},"content":{"rendered":"<h2><strong>Bao ng\u00f3n tay cao su ch\u1ed1ng t\u0129nh \u0111i\u1ec7n s\u1ea7n cam<\/strong><\/h2>\n<p>Hi\u1ec7n nay, trong c\u00e1c m\u00f4i tr\u01b0\u1eddng c\u00f4ng nghi\u1ec7p s\u1ea3n xu\u1ea5t th\u00ec bao ng\u00f3n tay cao su cam s\u1ea7n\u00a0ch\u1ed1ng t\u0129nh \u0111i\u1ec7n c\u00f3 h\u1ea1t s\u1ea7n \u0111\u1ea7u ng\u00f3n l\u1ea1i \u0111\u01b0\u01a1c nhi\u1ec1u khu c\u00f4ng nghi\u1ec7p s\u1eed d\u1ee5ng b\u1edfi c\u00f3 h\u1ea1t s\u1ea7n \u0111\u1ea7u ng\u00f3n, l\u00e0m gia t\u0103ng \u0111\u1ed9 ma s\u00e1t khi l\u00e0m vi\u1ec7c tr\u00ean nh\u1eefng b\u1ec1 m\u1eb7t m\u1ecbn v\u00e0 h\u01a1n th\u1ebf n\u1eefa n\u00f3 c\u00f2n tho\u1ea3i m\u00e1i v\u00e0 d\u1ec5 ch\u1ecbu khi s\u1eed d\u1ee5ng.<\/p>\n<p><img decoding=\"async\" src=\"http:\/\/namlan.com.vn\/uploads\/files\/zve1466842569(1).jpg\" alt=\"\" \/><img loading=\"lazy\" decoding=\"async\" class=\"aligncenter size-full wp-image-1034\" src=\"https:\/\/laprovina.com\/wp-content\/uploads\/2024\/04\/bao-cam.jpg\" alt=\"\" width=\"600\" height=\"557\" \/><\/p>\n<p>Bao ng\u00f3n tay cam s\u1ea7n \u0111\u01b0\u1ee3c l\u00e0m b\u1eb1ng cao su, kh\u00f4ng s\u1eed d\u1ee5ng b\u1ed9t b\u00ean trong, s\u1eed d\u1ee5ng clo v\u00e0ng trong su\u1ed1t tr\u00ean b\u1ec1 m\u1eb7t l\u00e0m gi\u1ea3m s\u1ef1 \u0103n m\u00f2n kim lo\u1ea1i, gi\u1ea3m s\u1ef1 \u1ea3nh h\u01b0\u1edfng c\u1ee7a t\u0129nh \u0111i\u1ec7n v\u00e0o c\u00e1c b\u1ed9 ph\u1eadn \u0111i\u1ec7n t\u1eed. K\u1ebft c\u1ea5u m\u0169i c\u1ee7a bao ng\u00f3n tay l\u00e0 nh\u1eefng h\u1ea1t s\u1ea7n c\u00f3 \u0111\u1ed9 ma s\u00e1t cao. \u0110\u01b0\u1ee3c l\u00e0m b\u1eb1ng 100% cao su thi\u00ean nhi\u00ean tinh khi\u1ebft. S\u1ea3n xu\u1ea5t kh\u00f4ng c\u00f3 ch\u1ea5t h\u00f3a d\u1ebbo, d\u1ea7u silicon v\u00e0 amide.<\/p>\n<p><a href=\"http:\/\/megaline.com.vn\/bao-ngon-tay-cao-su-145.html\" target=\"_blank\" rel=\"noopener\">Bao ng\u00f3n tay cao su<\/a>\u00a0m\u1ec1m n\u00ean khi s\u1eed d\u1ee5ng r\u1ea5t t\u1ed1t cho tu\u1ea7n ho\u00e0n m\u00e1u \u1edf c\u00e1c \u0111\u1ea7u ng\u00f3n ty. S\u1ef1 co d\u00e3n l\u00ean \u0111\u1ebfn 600% k\u00e9o d\u00e0i, s\u1eed d\u1ee5ng b\u1ed9t l\u00e0m s\u1ea1ch n\u00ean \u0111em \u0111\u1ebfn c\u1ea3m gi\u00e1c d\u1ec5 ch\u1ecbu kh\u00f4ng ng\u1ee9a ph\u00f9 h\u1ee3p cho s\u1eed d\u1ee5ng ch\u1ed1ng t\u0129nh \u0111i\u1ec7n ph\u00f2ng s\u1ea1ch.<\/p>\n<h3><em>C\u00e1c th\u00f4ng s\u1ed1 k\u1ef9 thu\u1eadt bao ng\u00f3n tay cao su s\u1ea7n m\u00e0u cam ch\u1ed1ng t\u0129nh \u0111i\u1ec7n<\/em><\/h3>\n<p>&#8211; M\u00e0u s\u1eafc: m\u00e0u cam<\/p>\n<p>&#8211; K\u00edch th\u01b0\u1edbc: \u0111\u1ee7 size S, M, L<\/p>\n<p>&#8211; Tr\u1ecdng l\u01b0\u1ee3ng si\u00eau nh\u1eb9 ch\u1ec9 42g<\/p>\n<p>&#8211; Ch\u1ea5t li\u1ec7u: cao su thi\u00ean nhi\u00ean 100% v\u1edbi \u0111\u1ed9 \u0111\u00e0n h\u1ed3i l\u00ean \u0111\u1ebfn 600%<\/p>\n<p>&#8211; \u0110i\u1ec7n tr\u1edf b\u1ec1 m\u1eb7t: 10^6 \u0111\u1ebfn 10^9 Ohm<\/p>\n<p>&#8211; \u0110\u1ea1t ti\u00eau chu\u1ea9n ISO 9000-14000, th\u00f4ng t\u01b0 ASTMD 257<\/p>\n<p>&#8211; \u0110\u00f3ng g\u00f3i 1440 chi\u1ebfc\/t\u00fai, 20 t\u00fai\/carton<\/p>\n<p>Bao ng\u00f3n tay cao su ch\u1ed1ng t\u0129nh \u0111i\u1ec7n \u0111\u01b0\u1ee3c s\u1eed d\u1ee5ng r\u1ed9ng r\u00e3i trong c\u00e1c m\u00f4i tr\u01b0\u1eddng l\u00e0m vi\u1ec7c c\u00f4ng nghi\u1ec7p hi\u1ec7n nay. M\u1ee5c \u0111\u00edch ra \u0111\u1eddi c\u1ee7a s\u1ea3n ph\u1ea9m n\u00e0y l\u00e0 ng\u0103n ch\u1eb7n c\u00e1c tr\u01b0\u1eddng t\u0129nh \u0111i\u1ec7n \u0111\u01b0\u1ee3c t\u1ea1o ra b\u1edfi qu\u1ea7n \u00e1o v\u00e0 c\u00e1c lo\u1ea1i d\u1ea7u t\u1eeb b\u00e0n tay \u0111\u1ec3 \u0111\u1ea1t c\u00e1c b\u1ea3n m\u1ea1ch v\u00e0 ph\u1ea7n \u0111i\u1ec7n t\u1eed kh\u00e1c c\u00f3 hi\u1ec7u qu\u1ea3 cao h\u01a1n v\u00e0 c\u0169ng nh\u01b0 kh\u00f4ng g\u00e2y ra tr\u01b0\u1eddng t\u0129nh g\u00e2y thi\u1ec7t h\u1ea1i cho c\u00e1c th\u00e0nh ph\u1ea7n m\u00e0 b\u1ea1n kh\u00f4ng h\u1ec1 ch\u1ea1m v\u00e0o ch\u00fang.<\/p>\n<p><img decoding=\"async\" src=\"http:\/\/namlan.com.vn\/uploads\/files\/Orange%20anti-slip%20finger%20cots.jpg\" alt=\"\" \/><img loading=\"lazy\" decoding=\"async\" class=\"aligncenter size-full wp-image-1035\" src=\"https:\/\/laprovina.com\/wp-content\/uploads\/2024\/04\/Orange-anti-slip-finger-cots.jpg\" alt=\"\" width=\"600\" height=\"548\" \/><\/p>\n<p>Bao ng\u00f3n tay cao su ch\u1ed1ng t\u0129nh \u0111i\u1ec7n\u00a0l\u00e0 s\u1ea3n ph\u1ea9m t\u1ed1t, l\u00e0 l\u1ef1a ch\u1ecdn ho\u00e0n h\u1ea3o cho nh\u1eefng nh\u00e0 s\u1ea3n xu\u1ea5t, nh\u1eefng x\u01b0\u1edfng s\u1ea3n xu\u1ea5t c\u00f4ng nghi\u1ec7p \u0111\u1ec3 c\u00f3 th\u1ec3 \u0111\u1ea1t \u0111\u01b0\u1ee3c hi\u1ec7u su\u1ea5t l\u00e0m vi\u1ec7c cao h\u01a1n v\u00e0 gi\u1eef \u0111\u01b0\u1ee3c s\u1ee9c kh\u1ecfe cho ng\u01b0\u1eddi c\u00f4ng nh\u00e2n.<\/p>\n","protected":false},"excerpt":{"rendered":"<p>Bao ng\u00f3n tay cao su ch\u1ed1ng t\u0129nh \u0111i\u1ec7n s\u1ea7n cam Hi\u1ec7n nay, trong c\u00e1c m\u00f4i tr\u01b0\u1eddng c\u00f4ng nghi\u1ec7p s\u1ea3n xu\u1ea5t th\u00ec bao ng\u00f3n tay cao su cam s\u1ea7n\u00a0ch\u1ed1ng t\u0129nh \u0111i\u1ec7n c\u00f3 h\u1ea1t s\u1ea7n \u0111\u1ea7u ng\u00f3n l\u1ea1i \u0111\u01b0\u01a1c nhi\u1ec1u khu c\u00f4ng nghi\u1ec7p s\u1eed d\u1ee5ng b\u1edfi c\u00f3 h\u1ea1t s\u1ea7n \u0111\u1ea7u ng\u00f3n, l\u00e0m gia t\u0103ng \u0111\u1ed9 ma s\u00e1t&#8230;<\/p>\n","protected":false},"featured_media":1034,"comment_status":"open","ping_status":"closed","template":"","meta":{"_acf_changed":false},"product_brand":[],"product_cat":[90],"product_tag":[],"class_list":{"0":"post-1033","1":"product","2":"type-product","3":"status-publish","4":"has-post-thumbnail","6":"product_cat-bao-ngon-co-vanh","8":"first","9":"instock","10":"shipping-taxable","11":"product-type-simple"},"acf":[],"_links":{"self":[{"href":"https:\/\/laprovina.com\/index.php?rest_route=\/wp\/v2\/product\/1033","targetHints":{"allow":["GET"]}}],"collection":[{"href":"https:\/\/laprovina.com\/index.php?rest_route=\/wp\/v2\/product"}],"about":[{"href":"https:\/\/laprovina.com\/index.php?rest_route=\/wp\/v2\/types\/product"}],"replies":[{"embeddable":true,"href":"https:\/\/laprovina.com\/index.php?rest_route=%2Fwp%2Fv2%2Fcomments&post=1033"}],"wp:featuredmedia":[{"embeddable":true,"href":"https:\/\/laprovina.com\/index.php?rest_route=\/wp\/v2\/media\/1034"}],"wp:attachment":[{"href":"https:\/\/laprovina.com\/index.php?rest_route=%2Fwp%2Fv2%2Fmedia&parent=1033"}],"wp:term":[{"taxonomy":"product_brand","embeddable":true,"href":"https:\/\/laprovina.com\/index.php?rest_route=%2Fwp%2Fv2%2Fproduct_brand&post=1033"},{"taxonomy":"product_cat","embeddable":true,"href":"https:\/\/laprovina.com\/index.php?rest_route=%2Fwp%2Fv2%2Fproduct_cat&post=1033"},{"taxonomy":"product_tag","embeddable":true,"href":"https:\/\/laprovina.com\/index.php?rest_route=%2Fwp%2Fv2%2Fproduct_tag&post=1033"}],"curies":[{"name":"wp","href":"https:\/\/api.w.org\/{rel}","templated":true}]}}