{"id":1091,"date":"2024-04-12T02:21:02","date_gmt":"2024-04-12T02:21:02","guid":{"rendered":"https:\/\/laprovina.com\/?post_type=product&#038;p=1091"},"modified":"2024-04-12T02:21:02","modified_gmt":"2024-04-12T02:21:02","slug":"suat-an-cho-cong-ty-xi-nghiep","status":"publish","type":"product","link":"https:\/\/laprovina.com\/?product=suat-an-cho-cong-ty-xi-nghiep","title":{"rendered":"SU\u1ea4T \u0102N CHO C\u00d4NG TY &#8211; X\u00cd NGHI\u1ec6P"},"content":{"rendered":"<h1>Cung c\u1ea5p su\u1ea5t \u0103n c\u00f4ng nghi\u1ec7p<\/h1>\n<p><b>Haseca \u2013 \u0111\u01a1n v\u1ecb uy t\u00edn, chuy\u00ean cung c\u1ea5p su\u1ea5t \u0103n c\u00f4ng nghi\u1ec7p\u00a0v\u1edbi th\u1ef1c \u0111\u01a1n phong ph\u00fa, m\u00f3n \u0103n ngon, \u0111\u1ea3m b\u1ea3o an to\u00e0n th\u1ef1c ph\u1ea9m cho r\u1ea5t nhi\u1ec1u \u0111\u01a1n v\u1ecb trong th\u1eddi gian qua.<\/b><\/p>\n<p>V\u1edbi s\u1ef1 ph\u00e1t tri\u1ec3n kh\u00f4ng ng\u1eebng c\u1ee7a cu\u1ed9c s\u1ed1ng, nh\u1eafc t\u1edbi su\u1ea5t \u0103n c\u00f4ng nghi\u1ec7p, ng\u01b0\u1eddi ta th\u01b0\u1eddng ngh\u0129 ngay t\u1edbi c\u00e1c su\u1ea5t \u0103n t\u1ea1i nh\u1eefng khu c\u00f4ng nghi\u1ec7p, nh\u00e0 m\u00e1y, x\u00ed nghi\u1ec7p d\u00e0nh cho c\u00f4ng nh\u00e2n, nh\u01b0ng tr\u00ean th\u1ef1c t\u1ebf, t\u1ea1i h\u1ea7u kh\u1eafp c\u00e1c b\u1ec7nh vi\u1ec7n, tr\u01b0\u1eddng h\u1ecdc\u2026 \u0111\u1ec1u s\u1eed d\u1ee5ng c\u00e1c su\u1ea5t \u0103n c\u00f4ng nghi\u1ec7p l\u00e0m th\u1ef1c \u0111\u01a1n. \u0110\u1ec3 \u0111\u00e1p \u1ee9ng nhu c\u1ea7u ng\u00e0y c\u00e0ng cao \u0111\u00f3, d\u1ecbch v\u1ee5\u00a0<b>cung c\u1ea5p su\u1ea5t \u0103n c\u00f4ng nghi\u1ec7p<\/b> \u0111\u01b0\u1ee3c ra \u0111\u1eddi v\u00e0 cung c\u1ea5p b\u1edfi r\u1ea5t nhi\u1ec1u c\u00f4ng ty kh\u00e1c nhau t\u1ea1i kh\u1eafp m\u1ecdi t\u1ec9nh th\u00e0nh tr\u00ean c\u1ea3 n\u01b0\u1edbc, trong \u0111\u00f3 kh\u00f4ng th\u1ec3 kh\u00f4ng nh\u1eafc t\u1edbi C\u00f4ng ty TNHH Lapro Vina. Hi\u1ec7n \u0111ang l\u00e0 \u0111\u01a1n v\u1ecb cung c\u1ea5p su\u1ea5t \u0103n c\u00f4ng nghi\u1ec7p h\u00e0ng ng\u00e0y cho r\u1ea5t nhi\u1ec1u nh\u00e0 m\u00e1y, x\u00ed nghi\u1ec7p, tr\u01b0\u1eddng h\u1ecdc, b\u1eb1ng kinh nghi\u1ec7m l\u00e2u n\u0103m, t\u00e1c phong chuy\u00ean nghi\u1ec7p, Nam L\u00e2n \u2013 th\u01b0\u01a1ng hi\u1ec7u uy t\u00edn\u00a0<b>cung c\u1ea5p su\u1ea5t \u0103n c\u00f4ng nghi\u1ec7p<\/b>\u00a0h\u00e0ng \u0111\u1ea7u t\u1ea1i mi\u1ec1n b\u1eafc.<\/p>\n<p><img decoding=\"async\" src=\"https:\/\/bizweb.dktcdn.net\/100\/290\/079\/files\/suat-an-cong-nghiep-1.jpg?v=1520247683545\" data-thumb=\"original\" \/><\/p>\n<h2><b>C\u00f4ng ty TNHH Lapro Vina\u2013 \u0111\u01a1n v\u1ecb cung c\u1ea5p su\u1ea5t \u0103n c\u00f4ng nghi\u1ec7p uy t\u00edn v\u00e0 ch\u1ea5t l\u01b0\u1ee3ng<\/b><\/h2>\n<h2>Su\u1ea5t \u0103n c\u00f4ng nghi\u1ec7p l\u00e0 b\u1eefa c\u01a1m gi\u1eefa c\u00e1c ca l\u00e0m vi\u1ec7c, th\u1eddi gian ngh\u1ec9 c\u1ee7a c\u00f4ng nh\u00e2n vi\u00ean, h\u1ecdc sinh, \u0111\u1ec3 \u0111\u00e1p \u1ee9ng nhu c\u1ea7u l\u1edbn, su\u1ea5t \u0103n c\u00f4ng nghi\u1ec7p th\u01b0\u1eddng s\u1ea3n xu\u1ea5t v\u1edbi s\u1ed1 l\u01b0\u1ee3ng nhi\u1ec1u, gi\u00e1 th\u00e0nh \u1ed5n \u0111\u1ecbnh, ph\u00f9 h\u1ee3p v\u1edbi nhu c\u1ea7u c\u1ee7a m\u1ecdi ng\u01b0\u1eddi. \u0110\u01b0\u1ee3c bi\u1ebft \u0111\u1ebfn \u0111\u1ecba ch\u1ec9 kh\u00f4ng c\u00f2n xa l\u1ea1 v\u1edbi \u0111\u00f4ng \u0111\u1ea3o kh\u00e1ch h\u00e0ng trong th\u1eddi gian qua, C\u00f4ng ty TNHH Lapro Vina \u2013 nh\u00e0 cung c\u1ea5p su\u1ea5t \u0103n c\u00f4ng nghi\u1ec7p uy t\u00edn v\u1edbi nh\u1eefng b\u1eefa c\u01a1m ch\u1ea5t l\u01b0\u1ee3ng, an to\u00e0n v\u00e0 dinh d\u01b0\u1ee1ng.<\/h2>\n<p>V\u1edbi kinh nghi\u1ec7m h\u01a1n 10 n\u0103m trong l\u0129nh v\u1ef1c cung c\u1ea5p su\u1ea5t \u0103n c\u00f4ng nghi\u1ec7p tr\u00ean ti\u00eau ch\u00ed \u0111\u1ea3m b\u1ea3o tuy\u1ec7t \u0111\u1ed1i \u0111\u1ea3m b\u1ea3o s\u1ee9c kh\u1ecfe v\u00e0 v\u1ec7 sinh an to\u00e0n th\u1ef1c ph\u1ea9m, d\u1ecbch v\u1ee5 su\u1ea5t \u0103n c\u00f4ng nghi\u1ec7p c\u1ee7a C\u00f4ng ty TNHH Lapro Vina \u0111\u01b0\u1ee3c \u0111\u00e1nh gi\u00e1 cao b\u1edfi nh\u1eefng \u01b0u \u0111i\u1ec3m nh\u01b0:<\/p>\n<p><strong>Ngu\u1ed3n th\u1ef1c ph\u1ea9m an to\u00e0n:<\/strong> T\u1ea5t c\u1ea3 nh\u1eefng th\u1ef1c ph\u1ea9m trong su\u1ea5t \u0103n cung c\u1ea5p b\u1edfi C\u00f4ng ty TNHH Lapro Vina \u0111\u1ec1u \u0111\u01b0\u1ee3c ki\u1ec3m duy\u1ec7t nghi\u00eam ng\u1eb7t t\u1eeb kh\u00e2u ch\u1ecdn l\u1ecdc ngu\u1ed3n nguy\u00ean li\u1ec7u tr\u01b0\u1edbc khi \u0111\u01b0a v\u00e0 quy tr\u00ecnh ch\u1ebf bi\u1ebfn th\u00e0nh m\u00f3n \u0103n \u0111\u1ec3 \u0111\u1ea3m b\u1ea3o \u0111\u00e1p \u1ee9ng \u0111\u1ea7y \u0111\u1ee7 c\u00e1c ti\u00eau chu\u1ea9n v\u1ec7 sinh an to\u00e0n th\u1ef1c ph\u1ea9m<\/p>\n<p><strong>Quy tr\u00ecnh ch\u1ebf bi\u1ebfn kh\u00e9p k\u00edn, trong m\u00f4i tr\u01b0\u1eddng s\u1ea1ch:<\/strong>\u00a0Kh\u00f4ng ng\u1eebng \u0111\u1ea7u t\u01b0 n\u00e2ng c\u1ea5p h\u1ec7 th\u1ed1ng nh\u00e0 b\u1ebfp, ch\u1ebf bi\u1ebfn, ch\u00fang t\u00f4i cam k\u1ebft mang t\u1edbi c\u00e1c b\u1eefa \u0103n s\u1ea1ch \u0111\u1ebfn v\u1edbi ng\u01b0\u1eddi d\u00f9ng.<\/p>\n<p><strong>\u0110\u1ed9i ng\u0169 qu\u1ea3n l\u00fd, \u0111\u1ea7u b\u1ebfp chuy\u00ean nghi\u1ec7p:\u00a0<\/strong>S\u1edf h\u1eefu \u0111\u1ed9i ng\u0169 nh\u00e2n vi\u00ean b\u1ebfp l\u00e0 nh\u1eefng ng\u01b0\u1eddi gi\u00e0u kinh nghi\u1ec7m trong vi\u1ec7c n\u1ea5u \u0103n, \u0111\u01b0\u1ee3c kh\u00e1m s\u1ee9c kh\u1ecfe \u0111\u1ecbnh k\u1ef3 \u0111\u1ed3ng th\u1eddi \u0111\u00e3 tr\u1ea3i qua c\u00e1c kh\u00f3a hu\u1ea5n luy\u1ec7n \u0111\u00e0o t\u1ea1o k\u1ef9 n\u0103ng chuy\u00ean m\u00f4n, l\u1ef1a ch\u1ecdn su\u1ea5t \u0103n c\u00f4ng nghi\u1ec7p c\u1ee7a C\u00f4ng ty TNHH Lapro Vina, b\u1ea1n c\u00f3 th\u1ec3 ho\u00e0n to\u00e0n an t\u00e2m kh\u00f4ng ch\u1ec9 v\u1ec1 ch\u1ea5t l\u01b0\u1ee3ng m\u00e0 c\u00f2n v\u1ec1 h\u01b0\u01a1ng v\u1ecb th\u01a1m ngon t\u1eeb m\u00f3n \u0103n.<\/p>\n<p><img decoding=\"async\" src=\"https:\/\/bizweb.dktcdn.net\/100\/290\/079\/files\/suat-an-cong-nghiep-2-jpg.jpg?v=1520247706364\" data-thumb=\"original\" \/><\/p>\n<h2><b>Nh\u1eefng l\u1ee3i \u00edch khi s\u1eed d\u1ee5ng d\u1ecbch v\u1ee5 cung c\u1ea5p su\u1ea5t \u0103n c\u00f4ng nghi\u1ec7p t\u1eeb C\u00f4ng ty TNHH Lapro Vina<\/b><\/h2>\n<h2><strong>Th\u1ef1c \u0111\u01a1n l\u00e0nh m\u1ea1nh:\u00a0<\/strong>V\u1edbi \u0111\u1ed9i ng\u0169 chuy\u00ean gia dinh d\u01b0\u1ee1ng gi\u00e0u kinh nghi\u1ec7m, C\u00f4ng ty TNHH Lapro Vina cung c\u1ea5p nh\u1eefng su\u1ea5t \u0103n l\u00e0nh m\u1ea1nh \u0111\u1ea7y \u0111\u1ee7 dinh d\u01b0\u1ee1ng \u0111\u01b0\u1ee3c c\u00e2n \u0111\u1ed1i gi\u1eefa rau t\u01b0\u01a1i, c\u00e1c lo\u1ea1i \u0111\u1ea1m t\u1eeb m\u00f3n \u0103n ch\u00ednh \u0111\u1ec3 \u0111\u1ea3m b\u1ea3o n\u0103ng l\u01b0\u1ee3ng cho qu\u00e1 tr\u00ecnh l\u00e0m vi\u1ec7c c\u1ee7a c\u00f4ng nh\u00e2n c\u0169ng nh\u01b0 h\u1ecdc t\u1eadp c\u1ee7a h\u1ecdc sinh.<\/h2>\n<p><strong>Th\u1ef1c \u0111\u01a1n \u0111a d\u1ea1ng ph\u00f9 h\u1ee3p v\u1edbi nhu c\u1ea7u:\u00a0<\/strong>Mang t\u1edbi 3 lo\u1ea1i th\u1ef1c \u0111\u01a1n ch\u00ednh v\u1edbi c\u00e1c m\u00f3n \u0103n thi\u1ebft k\u1ebf \u0111a d\u1ea1ng \u0111\u1eb7c tr\u01b0ng theo v\u00f9ng mi\u1ec1n, s\u1edf th\u00edch c\u1ee7a kh\u00e1ch h\u00e0ng c\u00f9ng m\u1ee9c gi\u00e1 ph\u00f9.<\/p>\n<p>V\u00ec th\u1ebf, khi l\u1ef1a ch\u1ecdn \u0111\u01a1n v\u1ecb cung c\u1ea5p su\u1ea5t \u0103n c\u00f4ng nghi\u1ec7p C\u00f4ng ty TNHH Lapro Vina, b\u1ea1n c\u00f3 th\u1ec3 d\u1ec5 d\u00e0ng h\u01a1n trong vi\u1ec7c l\u00ean th\u1ef1c \u0111\u01a1n t\u01b0\u01a1ng \u1ee9ng th\u00edch h\u1ee3p cho nhu c\u1ea7u c\u1ee7a \u0111\u01a1n v\u1ecb. V\u1edbi m\u1ee9c gi\u00e1 t\u1ed1t, th\u1ef1c \u0111\u01a1n phong ph\u00fa c\u00f9ng c\u00e1c m\u00f3n \u0103n s\u1ea1ch t\u1eeb kh\u00e2u tuy\u1ec3n ch\u1ecdn nguy\u00ean li\u1ec7u t\u1edbi kh\u00e2u ch\u1ebf bi\u1ebfn, d\u1ecbch v\u1ee5 cung c\u1ea5p su\u1ea5t \u0103n c\u00f4ng nghi\u1ec7p t\u1ea1i C\u00f4ng ty TNHH Lapro Vina \u2013 an to\u00e0n \u2013 uy t\u00edn v\u00e0 ch\u1ea5t l\u01b0\u1ee3ng.<\/p>\n","protected":false},"excerpt":{"rendered":"<p>Cung c\u1ea5p su\u1ea5t \u0103n c\u00f4ng nghi\u1ec7p Haseca \u2013 \u0111\u01a1n v\u1ecb uy t\u00edn, chuy\u00ean cung c\u1ea5p su\u1ea5t \u0103n c\u00f4ng nghi\u1ec7p\u00a0v\u1edbi th\u1ef1c \u0111\u01a1n phong ph\u00fa, m\u00f3n \u0103n ngon, \u0111\u1ea3m b\u1ea3o an to\u00e0n th\u1ef1c ph\u1ea9m cho r\u1ea5t nhi\u1ec1u \u0111\u01a1n v\u1ecb trong th\u1eddi gian qua. V\u1edbi s\u1ef1 ph\u00e1t tri\u1ec3n kh\u00f4ng ng\u1eebng c\u1ee7a cu\u1ed9c s\u1ed1ng, nh\u1eafc t\u1edbi su\u1ea5t \u0103n c\u00f4ng&#8230;<\/p>\n","protected":false},"featured_media":1092,"comment_status":"open","ping_status":"closed","template":"","meta":{"_acf_changed":false},"product_brand":[],"product_cat":[92],"product_tag":[],"class_list":{"0":"post-1091","1":"product","2":"type-product","3":"status-publish","4":"has-post-thumbnail","6":"product_cat-suat-an","8":"first","9":"instock","10":"shipping-taxable","11":"product-type-simple"},"acf":[],"_links":{"self":[{"href":"https:\/\/laprovina.com\/index.php?rest_route=\/wp\/v2\/product\/1091","targetHints":{"allow":["GET"]}}],"collection":[{"href":"https:\/\/laprovina.com\/index.php?rest_route=\/wp\/v2\/product"}],"about":[{"href":"https:\/\/laprovina.com\/index.php?rest_route=\/wp\/v2\/types\/product"}],"replies":[{"embeddable":true,"href":"https:\/\/laprovina.com\/index.php?rest_route=%2Fwp%2Fv2%2Fcomments&post=1091"}],"wp:featuredmedia":[{"embeddable":true,"href":"https:\/\/laprovina.com\/index.php?rest_route=\/wp\/v2\/media\/1092"}],"wp:attachment":[{"href":"https:\/\/laprovina.com\/index.php?rest_route=%2Fwp%2Fv2%2Fmedia&parent=1091"}],"wp:term":[{"taxonomy":"product_brand","embeddable":true,"href":"https:\/\/laprovina.com\/index.php?rest_route=%2Fwp%2Fv2%2Fproduct_brand&post=1091"},{"taxonomy":"product_cat","embeddable":true,"href":"https:\/\/laprovina.com\/index.php?rest_route=%2Fwp%2Fv2%2Fproduct_cat&post=1091"},{"taxonomy":"product_tag","embeddable":true,"href":"https:\/\/laprovina.com\/index.php?rest_route=%2Fwp%2Fv2%2Fproduct_tag&post=1091"}],"curies":[{"name":"wp","href":"https:\/\/api.w.org\/{rel}","templated":true}]}}