{"id":1098,"date":"2024-04-12T02:22:54","date_gmt":"2024-04-12T02:22:54","guid":{"rendered":"https:\/\/laprovina.com\/?post_type=product&#038;p=1098"},"modified":"2025-12-19T22:47:42","modified_gmt":"2025-12-19T22:47:42","slug":"dau-cham-gel-stick","status":"publish","type":"product","link":"https:\/\/laprovina.com\/?product=dau-cham-gel-stick","title":{"rendered":"\u0110\u1ea6U CH\u1ea4M GEL STICK"},"content":{"rendered":"<p><strong>\u0110\u1ea6U CH\u1ea4M GEL STICK<\/strong><\/p>\n<p>\u0110\u1ea7u ch\u1ea5m silicone, gel sticky silicone gi\u00fap \u00a0ng\u01b0\u1eddi s\u1eed d\u1ee5ng\u00a0lo\u1ea1i b\u1ecf b\u1ee5i t\u1eeb v\u00f9ng r\u00e3nh v\u00e0 r\u00e3nh nh\u1ecf. N\u00f3 th\u01b0\u1eddng \u0111\u01b0\u1ee3c s\u1eed d\u1ee5ng \u0111\u1ec3 l\u00e0m s\u1ea1ch c\u00e1c b\u1ed9 ph\u1eadn theo d\u00f5i,\u00a0k\u00ednh hi\u1ec3n vi g\u01b0\u01a1ng, c\u1ea3m bi\u1ebfn c\u1ee7a m\u00e1y \u1ea3nh, d\u1ee5ng c\u1ee5 \u0111i\u1ec1u khi\u1ec3n \u0111\u0129a c\u1ee9ng v\u00e0 \u0111\u1ed9 ch\u00ednh x\u00e1c. Megaline l\u00e0 \u0111\u01a1n v\u1ecb chuy\u00ean cung c\u1ea5p c\u00e1c lo\u1ea1i \u0111\u1ea7u ch\u1ea5m silicone , \u0111\u1ea7u ch\u1ea5m \u00a0silicone gel , gel sticky trong vi\u1ec7c l\u00e0m s\u1ea1ch c\u00e1c thi\u1ebft b\u1ecb c\u1ea3m \u1eebng, ng\u00e0nh c\u00f4ng nghi\u1ec7p LCD, \u0111i\u1ec7n t\u1eed, b\u00e1n d\u1eabn, PCB, SMT m\u00e1y t\u00ednh v\u00e0 m\u00e0n h\u00ecnh c\u1ea3m \u1ee9ng<br \/>\nT\u00ednh n\u0103ng<\/p>\n<p>\u0110\u1ea7u d\u00ednh nh\u1ecf g\u1ecdn v\u00e0 linh ho\u1ea1t, d\u1ec5 d\u00e0ng ho\u1ea1t \u0111\u1ed9ng,\u0110\u1ea7u d\u00ednh m\u1ec1m m\u1ea1i, kh\u00f4ng l\u00e0m h\u1ecfng thi\u1ebft b\u1ecb,Gi\u00fap b\u1ec1 m\u0103t s\u1ea3n ph\u1ea9m kh\u00f4ng b\u1ecb kh\u00f4ng b\u1ecb x\u01b0\u1edbc ho\u1eb7c v\u00e2n tay trong qu\u00e1 tr\u00ecnh s\u1eed d\u1ee5ng,C\u1eb7n bay h\u01a1i th\u1ea5p,Th\u1ebf h\u1ec7 h\u1ea1t th\u1ea5p,T\u1ed1t sorbency v\u00e0 gi\u1eef dung m\u00f4i tuy\u1ec7t v\u1eddi,Kh\u00f4ng c\u00f3 ch\u1ea5t k\u1ebft d\u00ednh v\u00e0 l\u00e2y nhi\u1ec5m,Ki\u1ec3m ESD m\u00e0 kh\u00f4ng l\u00e0m \u00f4 nhi\u1ec5m carbon ho\u1eb7c kim lo\u1ea1i t\u1ea3i. Kh\u00f4ng n\u1edf antistats ion,Kh\u00f4ng c\u00f3 l\u1edbp ph\u1ee7 v\u00e0 l\u00e2y nhi\u1ec5m, Ki\u1ec3m so\u00e1t \u0111\u1ed9 \u1ea9m ESD-\u0111\u1ed9c l\u1eadp cho hi\u1ec7u qu\u1ea3 nh\u1ea5t qu\u00e1n, An to\u00e0n ti\u00eau hao ph\u00ed trong hai gi\u00e2y khi \u0111\u01b0\u1ee3c s\u1eed d\u1ee5ng v\u1edbi m\u1ed9t dung m\u00f4i nh\u01b0 IPA<\/p>\n<h2>\u1ee8ng d\u1ee5ng<\/h2>\n<p>L\u00e0m s\u1ea1ch c\u00e1c b\u1ed9 ph\u1eadn theo d\u00f5i.L\u00e0m s\u1ea1ch k\u00ednh g\u01b0\u01a1ng,\u00a0L\u00e0m s\u1ea1ch b\u1ed9 c\u1ea3m bi\u1ebfn c\u1ee7a m\u00e1y \u1ea3nh,\u00a0L\u00e0m s\u1ea1ch c\u00e1c tr\u00ecnh \u0111i\u1ec1u khi\u1ec3n \u0111\u0129a c\u1ee9ng,L\u00e0m s\u1ea1ch d\u1ee5ng c\u1ee5 ch\u00ednh x\u00e1c,L\u00e0m s\u1ea1ch c\u00e1c khu v\u1ef1c nh\u1ecf,\u00a0Lo\u1ea1i b\u1ecf c\u00e1c v\u1eadt li\u1ec7u d\u01b0 th\u1eeba<\/p>\n<h2>Th\u00f4ng s\u1ed1 k\u0129 thu\u1eadt<\/h2>\n<p>Chi\u1ec1u r\u1ed9ng 2,0 mm (0,079 \u201c)<\/p>\n<p>\u0111\u1ed9 d\u00e0y 2,0 mm (0,079 \u201c)<br \/>\n\u0110\u1ed9 d\u00e0i \u0111\u1ea7u \u00a0d\u00ednh2,0 mm (0,079 \u201c)<br \/>\nX\u1eed l\u00fd nguy\u00ean li\u1ec7u th\u00e9p kh\u00f4ng g\u1ec9<br \/>\nX\u1eed l\u00fd r\u1ed9ng 1,0 mm (0,039 \u201c)<br \/>\nX\u1eed l\u00fd \u0111\u1ed9 d\u00e0y 1,0 mm (0,039 \u201c)<br \/>\nChi\u1ec1u d\u00e0i tay c\u1ea7m 68,0 mm (2,677 \u201c)<br \/>\nT\u1ed5ng t\u0103m d\u00e0i 70,0 mm (2,756 \u201c)<br \/>\n\u0110\u00f3ng g\u00f3i 10pcs \/t\u00fai<\/p>\n","protected":false},"excerpt":{"rendered":"<p>\u0110\u1ea6U CH\u1ea4M GEL STICK \u0110\u1ea7u ch\u1ea5m silicone, gel sticky silicone gi\u00fap \u00a0ng\u01b0\u1eddi s\u1eed d\u1ee5ng\u00a0lo\u1ea1i b\u1ecf b\u1ee5i t\u1eeb v\u00f9ng r\u00e3nh v\u00e0 r\u00e3nh nh\u1ecf. N\u00f3 th\u01b0\u1eddng \u0111\u01b0\u1ee3c s\u1eed d\u1ee5ng \u0111\u1ec3 l\u00e0m s\u1ea1ch c\u00e1c b\u1ed9 ph\u1eadn theo d\u00f5i,\u00a0k\u00ednh hi\u1ec3n vi g\u01b0\u01a1ng, c\u1ea3m bi\u1ebfn c\u1ee7a m\u00e1y \u1ea3nh, d\u1ee5ng c\u1ee5 \u0111i\u1ec1u khi\u1ec3n \u0111\u0129a c\u1ee9ng v\u00e0 \u0111\u1ed9 ch\u00ednh x\u00e1c. Megaline l\u00e0&#8230;<\/p>\n","protected":false},"featured_media":1099,"comment_status":"open","ping_status":"closed","template":"","meta":{"_acf_changed":false},"product_brand":[],"product_cat":[93],"product_tag":[],"class_list":{"0":"post-1098","1":"product","2":"type-product","3":"status-publish","4":"has-post-thumbnail","6":"product_cat-dau-cham-gel-stick","8":"first","9":"instock","10":"shipping-taxable","11":"product-type-simple"},"acf":[],"_links":{"self":[{"href":"https:\/\/laprovina.com\/index.php?rest_route=\/wp\/v2\/product\/1098","targetHints":{"allow":["GET"]}}],"collection":[{"href":"https:\/\/laprovina.com\/index.php?rest_route=\/wp\/v2\/product"}],"about":[{"href":"https:\/\/laprovina.com\/index.php?rest_route=\/wp\/v2\/types\/product"}],"replies":[{"embeddable":true,"href":"https:\/\/laprovina.com\/index.php?rest_route=%2Fwp%2Fv2%2Fcomments&post=1098"}],"wp:featuredmedia":[{"embeddable":true,"href":"https:\/\/laprovina.com\/index.php?rest_route=\/wp\/v2\/media\/1099"}],"wp:attachment":[{"href":"https:\/\/laprovina.com\/index.php?rest_route=%2Fwp%2Fv2%2Fmedia&parent=1098"}],"wp:term":[{"taxonomy":"product_brand","embeddable":true,"href":"https:\/\/laprovina.com\/index.php?rest_route=%2Fwp%2Fv2%2Fproduct_brand&post=1098"},{"taxonomy":"product_cat","embeddable":true,"href":"https:\/\/laprovina.com\/index.php?rest_route=%2Fwp%2Fv2%2Fproduct_cat&post=1098"},{"taxonomy":"product_tag","embeddable":true,"href":"https:\/\/laprovina.com\/index.php?rest_route=%2Fwp%2Fv2%2Fproduct_tag&post=1098"}],"curies":[{"name":"wp","href":"https:\/\/api.w.org\/{rel}","templated":true}]}}