{"id":910,"date":"2024-04-10T02:48:53","date_gmt":"2024-04-10T02:48:53","guid":{"rendered":"https:\/\/laprovina.com\/?post_type=product&#038;p=910"},"modified":"2025-10-13T05:47:57","modified_gmt":"2025-10-13T05:47:57","slug":"gang-tay-cao-su-latex-chlorine-2-mat","status":"publish","type":"product","link":"https:\/\/laprovina.com\/?product=gang-tay-cao-su-latex-chlorine-2-mat","title":{"rendered":"G\u0102NG TAY CAO SU LATEX CHLORINE 2 M\u1eb6T"},"content":{"rendered":"<h2><strong>G\u0102NG TAY CAO SU LATEX CHLORINE 2 M\u1eb6T<\/strong><\/h2>\n<p>M\u00f4i tr\u01b0\u1eddng c\u00f4ng nghi\u1ec7p hi\u1ec7n \u0111\u1ea1i \u0111\u1eb7t ra r\u1ea5t nhi\u1ec1u nh\u1eefng ti\u00eau chu\u1ea9n v\u1ec1\u00a0<strong>ph\u00f2ng s\u1ea1ch<\/strong>\u00a0v\u00e0, c\u00f3 nguy c\u01a1\u00a0<strong>ch\u1ed1ng t\u0129nh \u0111i\u1ec7n<\/strong>\u00a0cao n\u00ean nh\u1eefng s\u1ea3n ph\u1ea9m b\u1ea3o v\u1ec7 c\u01a1 th\u1ec3 nh\u01b0 qu\u1ea7n \u00e1o, gi\u00e0y d\u00e9p, m\u0169 kh\u1ea9u trang,\u2026ph\u1ee5c v\u1ee5 cho Ph\u00f2ng s\u1ea1ch, ch\u1ed1ng t\u0129nh \u0111i\u1ec7n \u0111ang r\u1ea5t ph\u1ed5 bi\u1ebfn hi\u1ec7n nay. C\u00f4ng ty Nam L\u00e2n ch\u00fang t\u00f4i chuy\u00ean ph\u00e2n ph\u1ed1 c\u00e1c s\u1ea3n ph\u1ea9m ph\u00f2ng s\u1ea1ch, s\u1ea3n ph\u1ea9m ch\u1ed1ng t\u0129nh \u0111i\u1ec7n \u0111\u1ea3o b\u1ea3o ch\u1ea5t l\u01b0\u1ee3ng v\u00e0 ti\u1ec7n \u00edch nh\u1ea5t cho kh\u00e1ch h\u00e0ng.<\/p>\n<p>N\u1ebfu nh\u01b0 b\u1ea1n \u0111ang c\u1ea7n t\u00ecm ki\u1ebfm m\u1ed9t s\u1ea3n ph\u1ea9m gang tay ph\u00f2ng s\u1ea1ch th\u00ec\u00a0<strong>g\u0103ng tay cao su 2 m\u1eb7t Chlorine<\/strong>\u00a0c\u00f3 th\u1ec3 l\u00e0 m\u1ed9t s\u1ef1 l\u1ef1a ch\u1ecdn ph\u00f9 h\u1ee3p.<\/p>\n<p><img decoding=\"async\" src=\"https:\/\/megaline.com.vn\/upload\/images\/Gang%20tay%20cao%20su%20Chlorine%202%20mat.jpg\" alt=\"\" \/><img loading=\"lazy\" decoding=\"async\" class=\"aligncenter size-full wp-image-911\" src=\"https:\/\/laprovina.com\/wp-content\/uploads\/2024\/04\/Gang-tay-cao-su-Chlorine-2-mat.jpg\" alt=\"\" width=\"800\" height=\"645\" srcset=\"https:\/\/laprovina.com\/wp-content\/uploads\/2024\/04\/Gang-tay-cao-su-Chlorine-2-mat.jpg 800w, https:\/\/laprovina.com\/wp-content\/uploads\/2024\/04\/Gang-tay-cao-su-Chlorine-2-mat-600x484.jpg 600w\" sizes=\"auto, (max-width: 800px) 100vw, 800px\" \/><\/p>\n<h3>\u0110\u1eb7c \u0111i\u1ec3m cu\u1ea3 gang tay cao su Chlorine 2 m\u1eb7t<\/h3>\n<p>&#8211; \u0110\u01b0\u1ee3c l\u00e0m t\u1eeb nguy\u00ean li\u1ec7u m\u1ee7 latex ly t\u00e2m, l\u00e0 m\u1ed9t s\u1ea3n ph\u1ea9m m\u1ee7 cao su t\u1ef1 nhi\u00ean \u0111\u01b0\u1ee3c l\u1ea5y t\u1eeb c\u00e2y cao su theo ph\u01b0\u01a1ng ph\u00e1p \u0111\u1eb7c bi\u1ec7t, gi\u00fap cho s\u1ea3n ph\u1ea9m c\u00f3 \u0111\u1ed9 \u0111\u00e0n h\u1ed3i v\u00f4 c\u00f9ng t\u1ed1i \u01b0u, \u0111\u1ed9 b\u1ec1n c\u1ef1c cao, v\u00e0 h\u00e0m l\u01b0\u1ee3ng b\u1ed9t r\u1ea5t nh\u1ecf (trong kho\u1ea3ng 0 \u2013 2 mg\/ gang tay) Ch\u1ea5t li\u1ec7u ho\u00e0n to\u00e0n s\u1ea1ch, g\u0103ng tay Latex kh\u00f4ng ch\u1ee9a c\u00e1c ch\u1ea5t \u0111\u1ed9c h\u1ea1i g\u00e2y d\u1ecb \u1ee9ng cho ng\u01b0\u1eddi s\u1eed d\u1ee5ng v\u00e0 ph\u1ea3n \u1ee9ng v\u1edbi m\u00f4i tr\u01b0\u1eddng.<\/p>\n<p>&#8211; M\u00e0u s\u1eafc g\u0103ng tay l\u00e0 m\u00e0u cao su t\u1ef1 nhi\u00ean, v\u1edbi tr\u1ecdng l\u01b0\u1ee3ng (theo c\u1ee1 M) t\u1eeb 5,4 gr \u2013 6.2 gr.<\/p>\n<p>&#8211; C\u00f3 th\u1ec3 s\u1eed d\u1ee5ng c\u1ea3 2 m\u1eb7 c\u1ee7a gang tay, v\u00f4 c\u00f9ng ti\u1ec7n l\u1ee3i v\u00e0 ti\u1ebft ki\u1ec7m.<\/p>\n<p>&#8211; \u0110\u00f3ng g\u00f3i: 1 th\u00f9ng 10 h\u1ed9p. 1 h\u1ed9p 100 c\u00e1i.<\/p>\n<p>&#8211; B\u1ea3o qu\u1ea3n d\u1ec5 d\u00e0ng, \u1edf n\u01a1i kh\u00f4 r\u00e1o m\u00e1t m\u1ebb, nhi\u1ec7t \u0111\u1ed9 m\u00f4i tr\u01b0\u1eddng &lt;= 30 \u0111\u1ed9 C.<\/p>\n<h3>\u01afu \u0111i\u1ec3m c\u1ee7a g\u0103ng tay cao su Chlorine 2 m\u1eb7t<\/h3>\n<p>&#8211; Ch\u1ed1ng t\u0129nh \u0111i\u1ec7n: gi\u00fap b\u1ea3o v\u1ec7 c\u01a1 th\u1ec3 kh\u1ecfi nguy c\u01a1 t\u00ednh \u0111i\u1ec7n c\u1ee7a m\u00f4i tr\u01b0\u1eddng l\u00e0m vi\u1ec7c. \u0110i\u1ec7n tr\u1edf b\u1ec1 m\u1eb7t l\u00e0 10^6- 10^9 ohm.<\/p>\n<p>&#8211; \u0110\u1ed9 b\u1ec1n c\u01a1 h\u1ecdc cao: kh\u1ea3 n\u0103ng \u0111\u00e0n h\u1ed3i c\u1ef1c t\u1ed1t c\u1ee7a cao su thi\u00ean nhi\u00ean, gi\u00fap g\u0103ng tay \u0103n s\u00e1t v\u00e0o b\u00e0n tay gi\u00fap cho ng\u01b0\u1eddi s\u1eed d\u1ee5ng tho\u1ea3i m\u00e1i v\u00e0 d\u1ec5 d\u00e0ng c\u1ea7m n\u1eafm c\u00e1c v\u1eadt d\u1ee5ng.<\/p>\n<p>&#8211; G\u0103ng tay c\u00f3 2 m\u1eb7t gi\u1ed1ng h\u1ec7t nhau, ng\u01b0\u1eddi s\u1eed d\u1ee5ng c\u00f3 th\u1ec3 thay \u0111\u1ed5i khi c\u1ea7n thi\u1ebft.<\/p>\n<p>&#8211; H\u1ea1n s\u1ee7 d\u1ee5ng, b\u1ea3o qu\u1ea3n: trong 5 n\u0103m t\u1eeb ng\u00e0y s\u1ea3n xu\u1ea5t.<\/p>\n<p>\u1ee8ng d\u1ee5ng: S\u1eed d\u1ee5ng ph\u1ed5 bi\u1ebfn trong m\u00f4i tr\u01b0\u1eddng ph\u00f2ng s\u1ea1ch, s\u1eed d\u1ee5ng khi th\u00ed nghi\u1ec7m, l\u0129nh v\u1ef1c \u0111i\u1ec7n t\u1eed, b\u00e1n d\u1eabn&#8230;<\/p>\n","protected":false},"excerpt":{"rendered":"<p>Ch\u1ea5t li\u1ec7u: M\u1ee7 kem (latex) ly t\u00e2m t\u1ef1 nhi\u00ean<\/p>\n<p>&#8211; T\u00ednh n\u0103ng: S\u1eed d\u1ee5ng trong th\u00ed nghi\u1ec7m, \u0111i\u1ec7n t\u1eed, b\u00e1n d\u1eabn\u2026<\/p>\n<p>&#8211; M\u00e0u s\u1eafc: M\u00e0u cao su t\u1ef1 nhi\u00ean<\/p>\n<p>&#8211; Tr\u1ecdng l\u01b0\u1ee3ng: 5.4 gr, 5.8 gr, 6.0 gr, 6.2 gr<\/p>\n<p>&#8211; H\u00e0m l\u01b0\u1ee3ng b\u1ed9t: \u2264 2mg \/ g\u0103ng tay<\/p>\n<p>&#8211; N\u1ed3ng \u0111\u1ed9 Protein: \u226450ug\/ g\u0103ng tay<\/p>\n<p>&#8211; Quy c\u00e1ch: 100c\u00e1i \/ h\u1ed9p, 10 h\u1ed9p \/ th\u00f9ng<\/p>\n","protected":false},"featured_media":911,"comment_status":"open","ping_status":"closed","template":"","meta":{"_acf_changed":false},"product_brand":[],"product_cat":[51],"product_tag":[],"class_list":{"0":"post-910","1":"product","2":"type-product","3":"status-publish","4":"has-post-thumbnail","6":"product_cat-gang-tay-nitrile-latec","8":"first","9":"instock","10":"shipping-taxable","11":"product-type-simple"},"acf":[],"_links":{"self":[{"href":"https:\/\/laprovina.com\/index.php?rest_route=\/wp\/v2\/product\/910","targetHints":{"allow":["GET"]}}],"collection":[{"href":"https:\/\/laprovina.com\/index.php?rest_route=\/wp\/v2\/product"}],"about":[{"href":"https:\/\/laprovina.com\/index.php?rest_route=\/wp\/v2\/types\/product"}],"replies":[{"embeddable":true,"href":"https:\/\/laprovina.com\/index.php?rest_route=%2Fwp%2Fv2%2Fcomments&post=910"}],"wp:featuredmedia":[{"embeddable":true,"href":"https:\/\/laprovina.com\/index.php?rest_route=\/wp\/v2\/media\/911"}],"wp:attachment":[{"href":"https:\/\/laprovina.com\/index.php?rest_route=%2Fwp%2Fv2%2Fmedia&parent=910"}],"wp:term":[{"taxonomy":"product_brand","embeddable":true,"href":"https:\/\/laprovina.com\/index.php?rest_route=%2Fwp%2Fv2%2Fproduct_brand&post=910"},{"taxonomy":"product_cat","embeddable":true,"href":"https:\/\/laprovina.com\/index.php?rest_route=%2Fwp%2Fv2%2Fproduct_cat&post=910"},{"taxonomy":"product_tag","embeddable":true,"href":"https:\/\/laprovina.com\/index.php?rest_route=%2Fwp%2Fv2%2Fproduct_tag&post=910"}],"curies":[{"name":"wp","href":"https:\/\/api.w.org\/{rel}","templated":true}]}}