{"id":916,"date":"2024-04-10T03:36:35","date_gmt":"2024-04-10T03:36:35","guid":{"rendered":"https:\/\/laprovina.com\/?post_type=product&#038;p=916"},"modified":"2025-12-19T22:48:33","modified_gmt":"2025-12-19T22:48:33","slug":"gang-tay-cao-su-nitrile-300mm","status":"publish","type":"product","link":"https:\/\/laprovina.com\/?product=gang-tay-cao-su-nitrile-300mm","title":{"rendered":"G\u0102NG TAY CAO SU NITRILE 300MM"},"content":{"rendered":"<h2><strong>G\u0103ng tay nitrile 300mm<\/strong><\/h2>\n<p><strong>G\u0103ng tay cao su nitrile<\/strong>\u00a0300mm l\u00e0 m\u1ed9t s\u1ea3n ph\u1ea9m b\u1ea3o h\u1ed9 lao \u0111\u1ed9ng \u0111\u01b0\u1ee3c s\u1eed d\u1ee5ng ph\u1ed5 bi\u1ebfn trong m\u00f4i tr\u01b0\u1eddng ph\u00f2ng s\u1ea1ch. Ch\u1ee9c n\u0103ng ch\u00ednh c\u1ee7a n\u00f3 l\u00e0 gi\u00fap cho c\u00f4ng nh\u00e2n d\u1ec5 d\u00e0ng thao t\u00e1c v\u1edbi v\u1eadt d\u1ee5ng khi l\u00e0m vi\u1ec7c, gi\u1eef v\u1ec7 sinh \u1edf m\u1ee9c t\u1ed1i \u0111a trong m\u00f4i tr\u01b0\u1eddng ph\u00f2ng s\u1ea1ch v\u00e0 \u0111\u1ea3m b\u1ea3o an to\u00e0n kh\u1ecfi nguy c\u01a1 nhi\u1ec5m b\u1ea9n trong m\u1ed7i tr\u01b0\u1eddng l\u00e0m vi\u1ec7c c\u00f3 nhi\u1ec1u m\u00e1y m\u00f3c d\u1ec5 x\u1ea3y ra hi\u1ec7n t\u01b0\u1ee3ng t\u0129nh \u0111i\u1ec7n.<\/p>\n<p><em><strong>Chi ti\u1ebft th\u00f4ng s\u1ed1 k\u1ef9 thu\u1eadt v\u1ec1 g\u0103ng tay Nitrile 300mm<\/strong><\/em><\/p>\n<p><img loading=\"lazy\" decoding=\"async\" class=\"aligncenter size-full wp-image-917\" src=\"https:\/\/laprovina.com\/wp-content\/uploads\/2024\/04\/Gang-tay-nitrile-y-te.jpg\" alt=\"\" width=\"800\" height=\"642\" srcset=\"https:\/\/laprovina.com\/wp-content\/uploads\/2024\/04\/Gang-tay-nitrile-y-te.jpg 800w, https:\/\/laprovina.com\/wp-content\/uploads\/2024\/04\/Gang-tay-nitrile-y-te-600x482.jpg 600w\" sizes=\"auto, (max-width: 800px) 100vw, 800px\" \/><\/p>\n<p><em><strong><img decoding=\"async\" src=\"https:\/\/megaline.com.vn\/upload\/images\/Gang%20tay%20nitrile%20y%20te.jpg\" alt=\"\" \/><\/strong><\/em><\/p>\n<p><u>\u0110\u1eb7c \u0111i\u1ec3m g\u0103ng tay cao su nitrile 300mm<\/u><\/p>\n<p><b>G\u0103ng tay ph\u00f2ng s\u1ea1ch<\/b>\u00a0cao su nitrile \u0111\u01b0\u1ee3c l\u00e0m t\u1eeb nguy\u00ean li\u1ec7u cao su thi\u1ec7n nhi\u00ean v\u00e0 m\u1ed9t s\u1ed1 lo\u1ea1i b\u1ed9t kho\u00e1ng. \u0110\u00e2y \u0111\u1ec1u l\u00e0 nh\u1eefng nguy\u00ean li\u1ec7u th\u00e2n thi\u1ec7n v\u1edbi m\u00f4i tr\u01b0\u1eddng, kh\u00f4ng \u0111\u1ed9c h\u1ea1i v\u00e0 an to\u00e0n v\u1edbi ng\u01b0\u1eddi s\u1eed d\u1ee5ng \u0111\u1ec3 l\u00e0m vi\u1ec7c.<\/p>\n<p>\u0110\u01b0\u1ee3c s\u1ea3n xu\u1ea5t tr\u00ean d\u00e2y chuy\u1ec1n c\u00f4ng ngh\u1ec7 \u0111\u1eb7c bi\u1ec7t, n\u00ean b\u1ea1n c\u00f3 th\u1ec3 an t\u00e2m v\u1ec1 m\u1eb7t ch\u1ea5t l\u01b0\u1ee3ng, v\u1edbi kh\u1ea3 n\u0103ng d\u00ednh b\u00e1m t\u1ed1t, cao su t\u1ef1 nhi\u00ean c\u00f3 \u0111\u1ed9 \u0111\u00e0n h\u1ed3i cao gi\u00fap gang tay \u0103n s\u00e1t v\u00e0o l\u00f2ng b\u00e0n tay khi \u0111eo<\/p>\n<p>Chi\u1ec1u d\u00e0i 300mm gi\u00fap g\u0103ng tay c\u00f3 th\u1ec3 bao ph\u1ee7 to\u00e0n b\u1ed9 ph\u1ea7n c\u1ed5 tay, tr\u00e1nh cho ph\u1ea7n tay ti\u1ebfp x\u00fac v\u1edbi v\u1eadt ch\u1ea5t kh\u00e1c khi l\u1ea7m vi\u1ec7c, \u0111\u1ea3m b\u1ea3o y\u00eau c\u1ea7u ph\u00f2ng s\u1ea1ch.<\/p>\n<p>B\u1ea3o v\u1ec7 c\u01a1 th\u1ec3 kh\u1ecfi nguy c\u01a1 nhi\u1ec5m b\u1ee5i b\u1ea9n, ng\u0103n ch\u1eb7n s\u1ef1 t\u00edch t\u1ee5 \u0111i\u1ec7n \u1edf nh\u1eefng m\u00f4i tr\u01b0\u1eddng s\u1eed d\u1ee5ng nhi\u1ec1u \u0111i\u1ec7n n\u0103ng, d\u1ec5 x\u1ea3y ra hi\u1ec7n t\u01b0\u1ee3ng t\u00edch \u0111i\u1ec7n.<\/p>\n<p>M\u00e0u s\u1eafc gang tay: m\u00e0u tr\u1eafng.<\/p>\n<h3><u>C\u00f4ng d\u1ee5ng g\u0103ng tay ph\u00f2ng s\u1ea1ch cao su Nitrile 300mm<\/u><\/h3>\n<p>\u0110\u01b0\u1ee3c s\u1eed d\u1ee5ng r\u00f4ng r\u00e3i trong m\u00f4i tr\u01b0\u1eddng ph\u00f2ng s\u1ea1ch nh\u01b0 trong c\u00e1c ph\u00f2ng th\u00ed nghi\u1ec7m, trong l\u0129nh v\u1ef1c y t\u1ebf; ch\u1ed1ng t\u0129nh \u0111i\u1ec7n trong m\u00f4i tr\u01b0\u1eddng c\u00f4ng nghi\u1ec7p \u1edf c\u00e1c nh\u00e0 m\u00e1y, x\u00ed nghi\u1ec7p s\u1ea3n xu\u1ea5t c\u00e1c linh ki\u1ec7n hay ch\u1ea5t b\u00e1n d\u1eabn \u0111i\u1ec7n t\u1eed,\u2026 ho\u1eb7c\u00a0 trong d\u1eddi s\u1ed1ng h\u1eb1ng ng\u00e0y ph\u1ee5c v\u1ee5 sinh ho\u1ea1t c\u1ee7a con ng\u01b0\u1eddi.<\/p>\n<p>&nbsp;<\/p>\n","protected":false},"excerpt":{"rendered":"<p>Ch\u1ea5t li\u1ec7u: Cao su Nitrile nh\u00e2n t\u1ea1o<\/p>\n<p>&#8211; T\u00ednh n\u0103ng: Chuy\u00ean d\u00f9ng cho ng\u00e0nh \u0111i\u1ec7n t\u1eed, b\u00e1n d\u1eabn\u2026<\/p>\n<p>&#8211; M\u00e0u s\u1eafc: M\u00e0u tr\u1eafng, xanh d\u01b0\u01a1ng<\/p>\n<p>&#8211; Tr\u1ecdng l\u01b0\u1ee3ng: 7.5 gr \u00b1 0.2<\/p>\n<p>&#8211; H\u00e0m l\u01b0\u1ee3ng b\u1ed9t: \u2264 2mg \/ g\u0103ng tay<\/p>\n<p>&#8211; N\u1ed3ng \u0111\u1ed9 Protein: Kh\u00f4ng c\u00f3 protein<\/p>\n<p>&#8211; Quy c\u00e1ch: 100c\u00e1i \/ h\u1ed9p, 10 h\u1ed9p \/ th\u00f9ng<\/p>\n","protected":false},"featured_media":917,"comment_status":"open","ping_status":"closed","template":"","meta":{"_acf_changed":false},"product_brand":[],"product_cat":[51],"product_tag":[],"class_list":{"0":"post-916","1":"product","2":"type-product","3":"status-publish","4":"has-post-thumbnail","6":"product_cat-gang-tay-nitrile-latec","8":"first","9":"instock","10":"shipping-taxable","11":"product-type-simple"},"acf":[],"_links":{"self":[{"href":"https:\/\/laprovina.com\/index.php?rest_route=\/wp\/v2\/product\/916","targetHints":{"allow":["GET"]}}],"collection":[{"href":"https:\/\/laprovina.com\/index.php?rest_route=\/wp\/v2\/product"}],"about":[{"href":"https:\/\/laprovina.com\/index.php?rest_route=\/wp\/v2\/types\/product"}],"replies":[{"embeddable":true,"href":"https:\/\/laprovina.com\/index.php?rest_route=%2Fwp%2Fv2%2Fcomments&post=916"}],"wp:featuredmedia":[{"embeddable":true,"href":"https:\/\/laprovina.com\/index.php?rest_route=\/wp\/v2\/media\/917"}],"wp:attachment":[{"href":"https:\/\/laprovina.com\/index.php?rest_route=%2Fwp%2Fv2%2Fmedia&parent=916"}],"wp:term":[{"taxonomy":"product_brand","embeddable":true,"href":"https:\/\/laprovina.com\/index.php?rest_route=%2Fwp%2Fv2%2Fproduct_brand&post=916"},{"taxonomy":"product_cat","embeddable":true,"href":"https:\/\/laprovina.com\/index.php?rest_route=%2Fwp%2Fv2%2Fproduct_cat&post=916"},{"taxonomy":"product_tag","embeddable":true,"href":"https:\/\/laprovina.com\/index.php?rest_route=%2Fwp%2Fv2%2Fproduct_tag&post=916"}],"curies":[{"name":"wp","href":"https:\/\/api.w.org\/{rel}","templated":true}]}}