{"id":927,"date":"2024-04-11T02:35:45","date_gmt":"2024-04-11T02:35:45","guid":{"rendered":"https:\/\/laprovina.com\/?post_type=product&#038;p=927"},"modified":"2025-10-13T05:48:55","modified_gmt":"2025-10-13T05:48:55","slug":"gang-tay-phu-ngon-ban-tay-trang","status":"publish","type":"product","link":"https:\/\/laprovina.com\/?product=gang-tay-phu-ngon-ban-tay-trang","title":{"rendered":"G\u0102NG TAY PH\u1ee6 NG\u00d3N B\u00c0N TAY TR\u1eaeNG"},"content":{"rendered":"<p><strong>Ch\u1ea5t li\u1ec7u<\/strong>: 100% polyester s\u1ee3i PU<\/p>\n<p><strong>\u0110\u1ed9 ch\u1ed1ng t\u0129nh \u0111i\u1ec7n<\/strong>: 10^6 \u2013 10^9 \u2126<\/p>\n<p><strong>Size<\/strong>: S ,M ,L<\/p>\n<p><strong>T\u00ednh n\u0103ng<\/strong>: Ch\u1ed1ng t\u0129nh \u0111i\u1ec7n<\/p>\n<p><strong> \u0110\u00f3ng g\u00f3i<\/strong>: 10\u0111\u00f4i\/t\u00fai, 50 t\u00fai\/ th\u00f9ng, ho\u1eb7c theo y\u00eau c\u1ea7u c\u1ee7a kh\u00e1ch h\u00e0ng.<\/p>\n<p><strong>Th\u1eddi gian<\/strong>: C\u00f3 s\u1eb5n<\/p>\n","protected":false},"excerpt":{"rendered":"<p>Ch\u1ea5t li\u1ec7u: 100% polyester s\u1ee3i PU \u0110\u1ed9 ch\u1ed1ng t\u0129nh \u0111i\u1ec7n: 10^6 \u2013 10^9 \u2126 Size: S ,M ,L T\u00ednh n\u0103ng: Ch\u1ed1ng t\u0129nh \u0111i\u1ec7n \u0110\u00f3ng g\u00f3i: 10\u0111\u00f4i\/t\u00fai, 50 t\u00fai\/ th\u00f9ng, ho\u1eb7c theo y\u00eau c\u1ea7u c\u1ee7a kh\u00e1ch h\u00e0ng. Th\u1eddi gian: C\u00f3 s\u1eb5n<\/p>\n","protected":false},"featured_media":1102,"comment_status":"open","ping_status":"closed","template":"","meta":{"_acf_changed":false},"product_brand":[],"product_cat":[50],"product_tag":[],"class_list":{"0":"post-927","1":"product","2":"type-product","3":"status-publish","4":"has-post-thumbnail","6":"product_cat-gang-tay","8":"first","9":"instock","10":"shipping-taxable","11":"product-type-simple"},"acf":[],"_links":{"self":[{"href":"https:\/\/laprovina.com\/index.php?rest_route=\/wp\/v2\/product\/927","targetHints":{"allow":["GET"]}}],"collection":[{"href":"https:\/\/laprovina.com\/index.php?rest_route=\/wp\/v2\/product"}],"about":[{"href":"https:\/\/laprovina.com\/index.php?rest_route=\/wp\/v2\/types\/product"}],"replies":[{"embeddable":true,"href":"https:\/\/laprovina.com\/index.php?rest_route=%2Fwp%2Fv2%2Fcomments&post=927"}],"wp:featuredmedia":[{"embeddable":true,"href":"https:\/\/laprovina.com\/index.php?rest_route=\/wp\/v2\/media\/1102"}],"wp:attachment":[{"href":"https:\/\/laprovina.com\/index.php?rest_route=%2Fwp%2Fv2%2Fmedia&parent=927"}],"wp:term":[{"taxonomy":"product_brand","embeddable":true,"href":"https:\/\/laprovina.com\/index.php?rest_route=%2Fwp%2Fv2%2Fproduct_brand&post=927"},{"taxonomy":"product_cat","embeddable":true,"href":"https:\/\/laprovina.com\/index.php?rest_route=%2Fwp%2Fv2%2Fproduct_cat&post=927"},{"taxonomy":"product_tag","embeddable":true,"href":"https:\/\/laprovina.com\/index.php?rest_route=%2Fwp%2Fv2%2Fproduct_tag&post=927"}],"curies":[{"name":"wp","href":"https:\/\/api.w.org\/{rel}","templated":true}]}}