{"id":928,"date":"2024-04-11T02:44:33","date_gmt":"2024-04-11T02:44:33","guid":{"rendered":"https:\/\/laprovina.com\/?post_type=product&#038;p=928"},"modified":"2025-12-19T22:49:45","modified_gmt":"2025-12-19T22:49:45","slug":"gang-tay-pu-phu-ngon-tay-xam","status":"publish","type":"product","link":"https:\/\/laprovina.com\/?product=gang-tay-pu-phu-ngon-tay-xam","title":{"rendered":"G\u0102NG TAY PU PH\u1ee6 NG\u00d3N TAY X\u00c1M"},"content":{"rendered":"<h1>G\u0103ng tay ph\u00f2ng s\u1ea1ch PU Ng\u00f3n m\u00e0u x\u00e1m<\/h1>\n<p align=\"center\"><img decoding=\"async\" src=\"http:\/\/namlan.com.vn\/uploads\/files\/G%C4%83ng_tay_ph%E1%BB%A7_PU_ng%C3%B3n_tay_x%C3%A1m(1).gif\" alt=\"\" \/><\/p>\n<ul>\n<li><strong>Th\u00f4ng tin s\u1ea3n ph\u1ea9m:<\/strong><\/li>\n<\/ul>\n<p><strong>Ch\u1ea5t li\u1ec7u :<\/strong>\u00a0100% s\u1ee3i polyeste.<\/p>\n<p><strong>C\u1ea5u t\u1ea1o :\u00a0<\/strong>Ph\u1ee7 PU ng\u00f3n<\/p>\n<p><strong>Ch\u1ed1ng t\u0129nh \u0111i\u1ec7n :\u00a0<\/strong>10^6\u00a0 \u2013\u00a0 10^9.<\/p>\n<p><strong>M\u00e0u s\u1eafc:<\/strong>\u00a0X\u00e1m, \u0111en<\/p>\n<p><strong>\u0110\u00f3ng g\u00f3i :\u00a0<\/strong>10 \u0111\u00f4i\/t\u00fai ,50 t\u00fai\/ carton, ho\u1eb7c theo y\u00eau c\u1ea7u c\u1ea7u c\u1ee7a qu\u00fd kh\u00e1ch h\u00e0ng.<\/p>\n<p><strong>K\u00edch c\u1ee1 :\u00a0<\/strong>S, M, L<\/p>\n<p>C\u00f4ng nghi\u1ec7p s\u1ea3n xu\u1ea5t \u0111i\u1ec7n t\u1eed, b\u00e1n d\u1eabn\u2026 v\u1edbi y\u00eau c\u1ea7u ph\u00f2ng s\u1ea1ch, ch\u1ed1ng t\u0129nh \u0111i\u1ec7n cao. Th\u00ec\u00a0<a href=\"http:\/\/megaline.com.vn\/gang-tay-cong-nghiep-110.html\" target=\"_blank\" rel=\"noopener\">g\u0103ng tay ph\u1ee7 pu\u00a0<\/a>l\u00e0 s\u1ea3n ph\u1ea9m t\u1ed1i c\u1ea7n thi\u1ebft, trong \u0111\u00f3 g\u0103ng tay ch\u1ed1ng t\u0129nh \u0111i\u1ec7n m\u00e0u x\u00e1m \u0111\u01b0\u1ee3c s\u1ea3n xu\u1ea5t trong d\u00e2y truy\u1ec1n c\u00f4ng ngh\u1ec7 H\u00e0n Qu\u1ed1c.<\/p>\n<p><strong><em>G\u0103ng tay ch\u1ed1ng t\u0129nh \u0111i\u1ec7n\u00a0<\/em><\/strong>PU m\u00e0u x\u00e1m 100% s\u1ee3i polyeste c\u00f3 \u01b0u \u0111i\u1ec3m kh\u00f4ng h\u00fat \u1ea9m, kh\u00f4ng b\u1ecb co khi gi\u1eb7t, ch\u1ed1ng nh\u0103n v\u00e0 c\u00e1ch nhi\u1ec7t hi\u1ec7u qu\u1ea3. Polyeste ch\u1ed1ng l\u1ea1i c\u00e1c v\u1ebft b\u1ea9n m\u1ed9t c\u00e1ch t\u1ef1 nhi\u00ean.<\/p>\n<p>M\u00e0u s\u1eafc l\u1ef1a ch\u1ecdn ph\u00f9 h\u1ee3p v\u1edbi c\u00e1c c\u00f4ng x\u01b0\u1edfng \u0111i\u1ec7n t\u1eed, b\u00e1n d\u1eabn\u2026 khi ph\u1ea3i ti\u1ebfp x\u00fac v\u00e0 l\u00e0m vi\u1ec7c trong\u00a0 nh\u1eefng m\u00f4i tr\u01b0\u1eddng n\u00e0y s\u1ebd \u0111em l\u1ea1i \u0111\u1ed9 b\u1ea9n cao. V\u00ec v\u1eady, m\u00e0u x\u00e1m &amp; \u0111en s\u1ebd l\u00e0 m\u00e0u s\u1eafc l\u1ef1a ch\u1ecdn t\u1ed1t nh\u1ea5t cho b\u1ea1n.<\/p>\n<p>\u0110\u00f3ng g\u00f3i hi\u1ec7n nay ch\u1ee7 y\u1ebfu s\u1ebd l\u00e0 500 \u0111\u00f4i trong 1 th\u00f9ng carton v\u00e0 10 \u0111\u00f4i trong m\u1ed9t t\u00fai. Ngo\u00e0i ra, quy c\u00e1ch \u0111\u00f3ng g\u00f3i s\u1ebd ph\u1ee5 thu\u1ed9c v\u00e0o v\u1eadn chuy\u1ec3n m\u00e0 ch\u00fang t\u00f4i ph\u1ea3i thay \u0111\u1ed5i.<\/p>\n<div id=\"bb_msg_id_1712803507471\" class=\"chat-message wrap-message rotate-container -send-time -reaction bubble-jump-target\" data-node-type=\"bubble-message\">\n<div class=\"\">\n<div class=\"card card-with-reaction-v2 card--text\" data-id=\"div_ReceivedMsg_Text\">\n<h1 style=\"text-align: center;\"><strong><span class=\"text\">C\u00f4ng ty TNHH Lapro Vina <\/span><\/strong><\/h1>\n<div><span class=\"text\">S\u1ed1 2 ph\u1ed1 D\u01b0\u01a1ng \u0110\u00f4n C\u01b0\u01a1ng, ph\u01b0\u1eddng Khai Quang, TP V\u0129nh Y\u00ean, V\u0129nh Ph\u00fac<\/span><\/div>\n<div><span class=\"text\"> webmail: <\/span><a class=\"text-is-email\" href=\"mailto:lapro@laprovina.com\" target=\"_blank\" rel=\"noopener\" data-z-element-type=\"email\">lapro@laprovina.com<\/a><\/div>\n<div><span class=\"text\">Ph\u00f2ng kinh doanh: <\/span><a class=\"text-is-email\" href=\"mailto:kinhdoanh@laprovina.com\" target=\"_blank\" rel=\"noopener\" data-z-element-type=\"email\">kinhdoanh@laprovina.com<\/a><\/div>\n<div><span class=\"text\">Hotline: <\/span><a class=\"text-is-phone-number\" data-z-element-type=\"phone-number\">0986.252.777<\/a><span class=\"text\"> website: <\/span><a class=\"text-is-link\" target=\"_blank\" rel=\"noopener noreferrer\" data-z-element-type=\"link\">https:\/\/laprovina.com<\/a><\/div>\n<div>\n<div class=\"card-send-time flx flx-al-c flx-1 preview-ts__first-msg\"><strong style=\"color: #555555;\"><em>H\u00e3y g\u1ecdi cho ch\u00fang t\u00f4i ngay khi b\u1ea1n c\u1ea7n v\u1edbi gi\u00e1 t\u1ed1t nh\u1ea5t<\/em><\/strong><\/div>\n<\/div>\n<\/div>\n<\/div>\n<\/div>\n","protected":false},"excerpt":{"rendered":"<p>G\u0103ng tay ph\u00f2ng s\u1ea1ch PU Ng\u00f3n m\u00e0u x\u00e1m Th\u00f4ng tin s\u1ea3n ph\u1ea9m: Ch\u1ea5t li\u1ec7u :\u00a0100% s\u1ee3i polyeste. C\u1ea5u t\u1ea1o :\u00a0Ph\u1ee7 PU ng\u00f3n Ch\u1ed1ng t\u0129nh \u0111i\u1ec7n :\u00a010^6\u00a0 \u2013\u00a0 10^9. M\u00e0u s\u1eafc:\u00a0X\u00e1m, \u0111en \u0110\u00f3ng g\u00f3i :\u00a010 \u0111\u00f4i\/t\u00fai ,50 t\u00fai\/ carton, ho\u1eb7c theo y\u00eau c\u1ea7u c\u1ea7u c\u1ee7a qu\u00fd kh\u00e1ch h\u00e0ng. K\u00edch c\u1ee1 :\u00a0S, M, L C\u00f4ng nghi\u1ec7p s\u1ea3n&#8230;<\/p>\n","protected":false},"featured_media":1101,"comment_status":"open","ping_status":"closed","template":"","meta":{"_acf_changed":false},"product_brand":[],"product_cat":[53],"product_tag":[],"class_list":{"0":"post-928","1":"product","2":"type-product","3":"status-publish","4":"has-post-thumbnail","6":"product_cat-gang-tay-chong-tinh-dien-phu-ngon-tay","8":"first","9":"instock","10":"shipping-taxable","11":"product-type-simple"},"acf":[],"_links":{"self":[{"href":"https:\/\/laprovina.com\/index.php?rest_route=\/wp\/v2\/product\/928","targetHints":{"allow":["GET"]}}],"collection":[{"href":"https:\/\/laprovina.com\/index.php?rest_route=\/wp\/v2\/product"}],"about":[{"href":"https:\/\/laprovina.com\/index.php?rest_route=\/wp\/v2\/types\/product"}],"replies":[{"embeddable":true,"href":"https:\/\/laprovina.com\/index.php?rest_route=%2Fwp%2Fv2%2Fcomments&post=928"}],"wp:featuredmedia":[{"embeddable":true,"href":"https:\/\/laprovina.com\/index.php?rest_route=\/wp\/v2\/media\/1101"}],"wp:attachment":[{"href":"https:\/\/laprovina.com\/index.php?rest_route=%2Fwp%2Fv2%2Fmedia&parent=928"}],"wp:term":[{"taxonomy":"product_brand","embeddable":true,"href":"https:\/\/laprovina.com\/index.php?rest_route=%2Fwp%2Fv2%2Fproduct_brand&post=928"},{"taxonomy":"product_cat","embeddable":true,"href":"https:\/\/laprovina.com\/index.php?rest_route=%2Fwp%2Fv2%2Fproduct_cat&post=928"},{"taxonomy":"product_tag","embeddable":true,"href":"https:\/\/laprovina.com\/index.php?rest_route=%2Fwp%2Fv2%2Fproduct_tag&post=928"}],"curies":[{"name":"wp","href":"https:\/\/api.w.org\/{rel}","templated":true}]}}