{"id":931,"date":"2024-04-11T02:57:58","date_gmt":"2024-04-11T02:57:58","guid":{"rendered":"https:\/\/laprovina.com\/?post_type=product&#038;p=931"},"modified":"2025-12-19T22:49:10","modified_gmt":"2025-12-19T22:49:10","slug":"gang-tay-phu-ngon-tay-carbon","status":"publish","type":"product","link":"https:\/\/laprovina.com\/?product=gang-tay-phu-ngon-tay-carbon","title":{"rendered":"G\u0102NG TAY PH\u1ee6 NG\u00d3N TAY CARBON"},"content":{"rendered":"<p>Hi\u1ec7n nay an to\u00e0n lao \u0111\u1ed9ng \u0111\u01b0\u1ee3c n\u00e2ng cao r\u1ea5t nhi\u1ec1u. Trong ng\u00e0nh c\u00f4ng nghi\u1ec7p \u1edf kh\u00e2u s\u1ea3n xu\u1ea5t thi\u1ebft b\u1ecb \u0111i\u1ec7n t\u1eed, vi m\u1ea1ch\u2026 lu\u00f4n c\u00f3 s\u1ef1 giao ti\u1ebfp gi\u1eefa b\u00e0n tay con ng\u01b0\u1eddi v\u00e0 thi\u1ebft b\u1ecb. V\u00ec v\u1eady s\u1ea3n ph\u1ea9m g\u0103ng tay ch\u1ed1ng t\u0129nh \u0111i\u1ec7n\u00a0hay c\u00f2n g\u1ecdi l\u00e0\u00a0<strong>ESD Gloves<\/strong>\u00a0, l\u00e0 s\u1ea3n ph\u1ea9m t\u1ed1i c\u1ea7n thi\u1ebft trong c\u00f4ng nghi\u1ec7p \u0111i\u1ec7n t\u1eed\u2026.<\/p>\n<p><img loading=\"lazy\" decoding=\"async\" class=\"aligncenter size-full wp-image-932\" src=\"https:\/\/laprovina.com\/wp-content\/uploads\/2024\/04\/screenshot-1712804181174.png\" alt=\"\" width=\"800\" height=\"565\" srcset=\"https:\/\/laprovina.com\/wp-content\/uploads\/2024\/04\/screenshot-1712804181174.png 800w, https:\/\/laprovina.com\/wp-content\/uploads\/2024\/04\/screenshot-1712804181174-600x424.png 600w\" sizes=\"auto, (max-width: 800px) 100vw, 800px\" \/><img decoding=\"async\" src=\"http:\/\/namlan.com.vn\/uploads\/files\/G%C4%83ng-tay%20ng%C3%B3n%20tay%20cac%20bon(1).jpg\" alt=\"\" \/><\/p>\n<p><em>G\u0103ng tay ph\u1ee7 PU ch\u1ed1ng t\u0129nh \u0111i\u1ec7n \u0111\u1ea7u ng\u00f3n<\/em><\/p>\n<p><strong>\u00a0Th\u00f4ng tin G\u0103ng tay ch\u1ed1ng t\u0129nh \u0111i\u1ec7n ph\u1ee7 PU Ng\u00f3n<\/strong><\/p>\n<p>&#8211;\u00a0<strong>S\u1ea3n ph\u1ea9m<\/strong>\u00a0:\u00a0 g\u0103ng tay ch\u1ed1ng t\u0129nh \u0111i\u1ec7n<\/p>\n<p>&#8211;\u00a0<strong>Ch\u1ea5t li\u1ec7u<\/strong>\u00a0: 100% Polyester c\u00f3 pha s\u1ee3i carbon\u00a0ch\u1ed1ng t\u0129nh \u0111i\u1ec7n.<\/p>\n<p>&#8211;\u00a0<strong>C\u1ea5u t\u1ea1o<\/strong>\u00a0: nh\u1eb9\u00a0 v\u00e0 \u0111\u1ed9 b\u1ec1n cao.<\/p>\n<p>&#8211;\u00a0<strong>Kho\u1ea3ng c\u00e1ch s\u1ee3i carbon<\/strong>\u00a0: 1 mm.<\/p>\n<p>&#8211;\u00a0<strong>Ch\u1ed1ng t\u0129nh \u0111i\u1ec7n<\/strong>\u00a0: \u00a010<sup>6\u00a0<\/sup>&#8211; 10<sup>9\u00a0<\/sup>\u2126<\/p>\n<p>&#8211;\u00a0<strong>C\u1ee1<\/strong>\u00a0: S, M, L\u2026<\/p>\n<p>&#8211;\u00a0<strong>\u1ee8ng d\u1ee5ng<\/strong>\u00a0: \u0110\u01b0\u1ee3c s\u1eed d\u1ee5ng r\u1ed9ng r\u00e3i trong khu c\u00f4ng nghi\u1ec7p v\u00e0 m\u00f4i tr\u01b0\u1eddng s\u1ea3n xu\u1ea5t thi\u1ebft b\u1ecb \u0111i\u1ec7n t\u1eed\u2026<\/p>\n<p>Hi\u1ec7n nay tr\u00ean th\u1ecb tr\u01b0\u1eddng \u0111ang b\u00e1n r\u1ea5t nhi\u1ec1u lo\u1ea1i\u00a0<strong>g\u0103ng tay ch\u1ed1ng t\u0129nh \u0111i\u1ec7n<\/strong>\u00a0ch\u1ea5t l\u01b0\u1ee3ng k\u00e9m, khi s\u1eed d\u1ee5ng s\u1ebd b\u1ecb \u1ea3nh h\u01b0\u1edfng v\u00e0 g\u00e2y kh\u00f3 ch\u1ecbu cho tay ng\u01b0\u1eddi s\u1eed d\u1ee5ng. C\u00f4ng ty ch\u00fang t\u00f4i khuy\u1ebfn cao c\u00e1c \u0111\u01a1n v\u1ecb mua s\u1ea3n ph\u1ea9m \u0111\u00fang ch\u1ee7ng lo\u1ea1i ch\u1ea5t l\u01b0\u1ee3ng v\u00e0\u00a0<strong>\u0111\u1ed9 ch\u1ed1ng t\u0129nh \u0111i\u1ec7n<\/strong>\u00a0theo y\u00eau c\u1ea7u, \u0111\u1ec3 \u0111\u1ea3m b\u1ea3o \u0111\u01b0\u1ee3c \u0111\u1ed9 an to\u00e0n cao cho c\u00f4ng nh\u00e2n trong ho\u1ea1t \u0111\u1ed9ng s\u1ea3n xu\u1ea5t c\u1ee7a doanh nghi\u1ec7p.<\/p>\n<h1 style=\"text-align: center;\"><strong><span class=\"text\">C\u00f4ng ty TNHH Lapro Vina <\/span><\/strong><\/h1>\n<div><span class=\"text\">S\u1ed1 2 ph\u1ed1 D\u01b0\u01a1ng \u0110\u00f4n C\u01b0\u01a1ng, ph\u01b0\u1eddng Khai Quang, TP V\u0129nh Y\u00ean, V\u0129nh Ph\u00fac<\/span><\/div>\n<div><span class=\"text\"> webmail: <\/span><a class=\"text-is-email\" href=\"mailto:lapro@laprovina.com\" target=\"_blank\" rel=\"noopener\" data-z-element-type=\"email\">lapro@laprovina.com<\/a><\/div>\n<div><span class=\"text\">Ph\u00f2ng kinh doanh: <\/span><a class=\"text-is-email\" href=\"mailto:kinhdoanh@laprovina.com\" target=\"_blank\" rel=\"noopener\" data-z-element-type=\"email\">kinhdoanh@laprovina.com<\/a><\/div>\n<div><span class=\"text\">Hotline: <\/span><a class=\"text-is-phone-number\" data-z-element-type=\"phone-number\">0986.252.777<\/a><span class=\"text\"> website: <\/span><a class=\"text-is-link\" target=\"_blank\" rel=\"noopener noreferrer\" data-z-element-type=\"link\">https:\/\/laprovina.com<\/a><\/div>\n<div><strong style=\"color: #555555;\"><em>H\u00e3y g\u1ecdi cho ch\u00fang t\u00f4i ngay khi b\u1ea1n c\u1ea7n v\u1edbi gi\u00e1 t\u1ed1t nh\u1ea5t<\/em><\/strong><\/div>\n","protected":false},"excerpt":{"rendered":"<p>Hi\u1ec7n nay an to\u00e0n lao \u0111\u1ed9ng \u0111\u01b0\u1ee3c n\u00e2ng cao r\u1ea5t nhi\u1ec1u. Trong ng\u00e0nh c\u00f4ng nghi\u1ec7p \u1edf kh\u00e2u s\u1ea3n xu\u1ea5t thi\u1ebft b\u1ecb \u0111i\u1ec7n t\u1eed, vi m\u1ea1ch\u2026 lu\u00f4n c\u00f3 s\u1ef1 giao ti\u1ebfp gi\u1eefa b\u00e0n tay con ng\u01b0\u1eddi v\u00e0 thi\u1ebft b\u1ecb. V\u00ec v\u1eady s\u1ea3n ph\u1ea9m g\u0103ng tay ch\u1ed1ng t\u0129nh \u0111i\u1ec7n\u00a0hay c\u00f2n g\u1ecdi l\u00e0\u00a0ESD Gloves\u00a0, l\u00e0 s\u1ea3n ph\u1ea9m t\u1ed1i&#8230;<\/p>\n","protected":false},"featured_media":932,"comment_status":"open","ping_status":"closed","template":"","meta":{"_acf_changed":false},"product_brand":[],"product_cat":[50],"product_tag":[],"class_list":{"0":"post-931","1":"product","2":"type-product","3":"status-publish","4":"has-post-thumbnail","6":"product_cat-gang-tay","8":"first","9":"instock","10":"shipping-taxable","11":"product-type-simple"},"acf":[],"_links":{"self":[{"href":"https:\/\/laprovina.com\/index.php?rest_route=\/wp\/v2\/product\/931","targetHints":{"allow":["GET"]}}],"collection":[{"href":"https:\/\/laprovina.com\/index.php?rest_route=\/wp\/v2\/product"}],"about":[{"href":"https:\/\/laprovina.com\/index.php?rest_route=\/wp\/v2\/types\/product"}],"replies":[{"embeddable":true,"href":"https:\/\/laprovina.com\/index.php?rest_route=%2Fwp%2Fv2%2Fcomments&post=931"}],"wp:featuredmedia":[{"embeddable":true,"href":"https:\/\/laprovina.com\/index.php?rest_route=\/wp\/v2\/media\/932"}],"wp:attachment":[{"href":"https:\/\/laprovina.com\/index.php?rest_route=%2Fwp%2Fv2%2Fmedia&parent=931"}],"wp:term":[{"taxonomy":"product_brand","embeddable":true,"href":"https:\/\/laprovina.com\/index.php?rest_route=%2Fwp%2Fv2%2Fproduct_brand&post=931"},{"taxonomy":"product_cat","embeddable":true,"href":"https:\/\/laprovina.com\/index.php?rest_route=%2Fwp%2Fv2%2Fproduct_cat&post=931"},{"taxonomy":"product_tag","embeddable":true,"href":"https:\/\/laprovina.com\/index.php?rest_route=%2Fwp%2Fv2%2Fproduct_tag&post=931"}],"curies":[{"name":"wp","href":"https:\/\/api.w.org\/{rel}","templated":true}]}}