{"id":938,"date":"2024-04-11T03:15:12","date_gmt":"2024-04-11T03:15:12","guid":{"rendered":"https:\/\/laprovina.com\/?post_type=product&#038;p=938"},"modified":"2025-10-13T05:49:26","modified_gmt":"2025-10-13T05:49:26","slug":"gang-tay-phu-ngon-tay-pu-trang","status":"publish","type":"product","link":"https:\/\/laprovina.com\/?product=gang-tay-phu-ngon-tay-pu-trang","title":{"rendered":"G\u0102NG TAY PH\u1ee6 NG\u00d3N TAY PU TR\u1eaeNG"},"content":{"rendered":"<p><strong>Ch\u1ea5t li\u1ec7u<\/strong>: S\u1ee3i nilon, ph\u1ee7 PU ng\u00f3n<\/p>\n<p><strong>-\u0110\u00f3ng g\u00f3i:<\/strong> 10 \u0111\u00f4i\/t\u00fai, 500 \u0111\u00f4i\/th\u00f9ng<\/p>\n<p><strong> &#8211; Size:<\/strong> S, M, L<\/p>\n<p>GI\u1edaI THI\u1ec6U V\u1ec1 ch\u00fang t\u00f4i<br \/>\nC\u00f4ng ty TNHH th\u01b0\u01a1ng m\u1ea1i v\u00e0 d\u1ecbch v\u1ee5 Nam L\u00e2n l\u00e0 nh\u00e0 ph\u00e2n ph\u1ed1i ch\u00ednh th\u1ee9c c\u00e1c s\u1ea3n ph\u1ea9m c\u00f4ng nghi\u1ec7p ph\u00f2ng s\u1ea1ch, ch\u1ed1ng t\u0129nh<br \/>\n\u0111i\u1ec7n, thi\u1ebft b\u1ecb c\u00f4ng nghi\u1ec7p&#8230;.tr\u00ean kh\u1eafp c\u1ea3 n\u01b0\u1edbc. C\u00e1c s\u1ea3n ph\u1ea9m thi\u1ebft b\u1ecb c\u00f4ng nghi\u1ec7p, thi\u1ebft b\u1ecb ph\u00f2ng s\u1ea1ch, thi\u1ebft b\u1ecb ch\u1ed1ng t\u0129nh \u0111i\u1ec7n<br \/>\nch\u1ea5t l\u01b0\u1ee3ng t\u1ed1t h\u01a1n c\u00e1c s\u1ea3n ph\u1ea9m kh\u00e1c c\u00f3 tr\u00ean th\u1ecb tr\u01b0\u1eddng tr\u00f4i n\u1ed5i hi\u1ec7n nay.<br \/>\nS\u1ee9 m\u1ec7nh<br \/>\nN\u00e2ng cao ch\u1ea5t l\u01b0\u1ee3ng s\u1ea3n xu\u1ea5t, ch\u1ea5t l\u01b0\u1ee3ng s\u1ea3n ph\u1ea9m. Gi\u1ea3m chi ph\u00ed l\u1edbn cho c\u00e1c doanh nghi\u1ec7p s\u1ea3n xu\u1ea5t hi\u1ec7n nay.<br \/>\nM\u1ee5c ti\u00eau<br \/>\n&#8211; Cung c\u1ea5p \u0111a d\u1ea1ng c\u00e1c s\u1ea3n ph\u1ea9m ph\u00f2ng s\u1ea1ch ch\u1ed1ng t\u0129nh \u0111i\u1ec7n<br \/>\n&#8211; M\u1edf r\u1ed9ng h\u1ec7 th\u1ed1ng ph\u00e2n ph\u1ed1i \u0111\u1ebfn c\u00e1c t\u1ec9nh th\u00e0nh trong c\u1ea3 n\u01b0\u1edbc.<br \/>\n&#8211; T\u1ea1o m\u00f4i tr\u01b0\u1eddng l\u00e0m vi\u1ec7c th\u00e2n thi\u1ec7n, chuy\u00ean nghi\u1ec7p cho \u0111\u1ed9i ng\u0169 c\u00e1n b\u1ed9, nh\u00e2n vi\u00ean c\u00f4ng ty.<br \/>\nPh\u00e2n ph\u1ed1i<br \/>\n&#8211; Thi\u1ebft b\u1ecb ch\u1ed1ng t\u0129nh \u0111i\u1ec7n : Th\u1ea3m cao su, v\u00f2ng \u0111eo tay, qu\u1ea7n \u00e1o, g\u0103ng tay&#8230;<br \/>\n&#8211; Thi\u1ebft b\u1ecb ph\u00f2ng s\u1ea1ch: Th\u1ea3m d\u00ednh b\u1ee5i, qu\u1ea7n \u00e1o, gi\u1ea5y in, gi\u00e0y d\u00e9p&#8230;<br \/>\n&#8211; Thi\u1ebft b\u1ecb c\u00f4ng nghi\u1ec7p: M\u00e1y \u0111o nhi\u1ec7t, m\u00e1y ki\u1ec3m tra t\u0129nh \u0111i\u1ec7n, ph\u00f2ng SMT, m\u00e1y c\u01b0a, tua v\u00edt \u0111i\u1ec7n Kilews&#8230;<br \/>\nCam k\u1ebft<br \/>\nNam L\u00e2n cam k\u1ebft tr\u1edf th\u00e0nh \u0111\u1ed1i t\u00e1c tin c\u1eady v\u00e0 cung c\u1ea5p s\u1ea3n ph\u1ea9m ch\u00ednh h\u00e3ng, ch\u1ea5t l\u01b0\u1ee3ng v\u1edbi gi\u00e1 c\u1ea3 h\u1ee3p l\u00fd \u0111\u1ebfn ng\u01b0\u1eddi ti\u00eau d\u00f9ng<br \/>\nth\u01b0\u01a1ng m\u1ea1i c\u0169ng nh\u01b0 S\u1ea3n xu\u1ea5t.<br \/>\nCam k\u1ebft v\u1edbi \u0111\u1ed1i t\u00e1c<br \/>\nNam L\u00e2n s\u1ebd tr\u1edf th\u00e0nh \u0111\u1ed1i t\u00e1c chi\u1ebfn l\u01b0\u1ee3c tr\u00ean c\u01a1 s\u1edf h\u1ee3p t\u00e1c b\u1ec1n v\u1eefng v\u00e0 to\u00e0n di\u1ec7n l\u00e2u d\u00e0i.<br \/>\nCam k\u1ebft v\u1edbi kh\u00e1ch h\u00e0ng<br \/>\n&#8211; Cung c\u1ea5p c\u00e1c s\u1ea3n ph\u1ea9m ch\u00ednh h\u00e3ng, \u0111\u1ea3m b\u1ea3o ch\u1ea5t l\u01b0\u1ee3ng, gi\u00e1 c\u1ea3 h\u1ee3p l\u00fd.<br \/>\n&#8211; Cung c\u1ea5p \u0111\u1ea7y \u0111\u1ee7, \u0111a d\u1ea1ng c\u00e1c s\u1ea3n ph\u1ea9m th\u00e2n thi\u1ec7n v\u1edbi m\u00f4i tr\u01b0\u1eddng.<br \/>\n&#8211; \u0110\u1ea3m b\u1ea3o ch\u1ebf \u0111\u1ed9 b\u1ea3o h\u00e0nh t\u1ed1t \u0111\u1ed1i v\u1edbi t\u1eebng lo\u1ea1i s\u1ea3n ph\u1ea9m c\u00f3 trong danh m\u1ee5c b\u1ea3o h\u00e0nh<br \/>\n&#8211; Lu\u00f4n l\u1eafng nghe v\u00e0 s\u1eb5n s\u00e0ng t\u01b0 v\u1ea5n, h\u1ed7 tr\u1ee3 kh\u00e1ch h\u00e0ng nhi\u1ec7t t\u00ecnh, ch\u00ednh x\u00e1c<\/p>\n<h1 style=\"text-align: center;\"><strong><span class=\"text\">C\u00f4ng ty TNHH Lapro Vina <\/span><\/strong><\/h1>\n<div><span class=\"text\">S\u1ed1 2 ph\u1ed1 D\u01b0\u01a1ng \u0110\u00f4n C\u01b0\u01a1ng, ph\u01b0\u1eddng Khai Quang, TP V\u0129nh Y\u00ean, V\u0129nh Ph\u00fac<\/span><\/div>\n<div><span class=\"text\"> webmail: <\/span><a class=\"text-is-email\" href=\"mailto:lapro@laprovina.com\" target=\"_blank\" rel=\"noopener\" data-z-element-type=\"email\">lapro@laprovina.com<\/a><\/div>\n<div><span class=\"text\">Ph\u00f2ng kinh doanh: <\/span><a class=\"text-is-email\" href=\"mailto:kinhdoanh@laprovina.com\" target=\"_blank\" rel=\"noopener\" data-z-element-type=\"email\">kinhdoanh@laprovina.com<\/a><\/div>\n<div><span class=\"text\">Hotline: <\/span><a class=\"text-is-phone-number\" data-z-element-type=\"phone-number\">0986.252.777<\/a><span class=\"text\"> website: <\/span><a class=\"text-is-link\" target=\"_blank\" rel=\"noopener noreferrer\" data-z-element-type=\"link\">https:\/\/laprovina.com<\/a><\/div>\n<div><strong style=\"color: #555555;\"><em>H\u00e3y g\u1ecdi cho ch\u00fang t\u00f4i ngay khi b\u1ea1n c\u1ea7n v\u1edbi gi\u00e1 t\u1ed1t nh\u1ea5t<\/em><\/strong><\/div>\n","protected":false},"excerpt":{"rendered":"<p>Ch\u1ea5t li\u1ec7u: S\u1ee3i nilon, ph\u1ee7 PU ng\u00f3n -\u0110\u00f3ng g\u00f3i: 10 \u0111\u00f4i\/t\u00fai, 500 \u0111\u00f4i\/th\u00f9ng &#8211; Size: S, M, L GI\u1edaI THI\u1ec6U V\u1ec1 ch\u00fang t\u00f4i C\u00f4ng ty TNHH th\u01b0\u01a1ng m\u1ea1i v\u00e0 d\u1ecbch v\u1ee5 Nam L\u00e2n l\u00e0 nh\u00e0 ph\u00e2n ph\u1ed1i ch\u00ednh th\u1ee9c c\u00e1c s\u1ea3n ph\u1ea9m c\u00f4ng nghi\u1ec7p ph\u00f2ng s\u1ea1ch, ch\u1ed1ng t\u0129nh \u0111i\u1ec7n, thi\u1ebft b\u1ecb c\u00f4ng nghi\u1ec7p&#8230;.tr\u00ean kh\u1eafp c\u1ea3&#8230;<\/p>\n","protected":false},"featured_media":1100,"comment_status":"open","ping_status":"closed","template":"","meta":{"_acf_changed":false},"product_brand":[],"product_cat":[50],"product_tag":[],"class_list":{"0":"post-938","1":"product","2":"type-product","3":"status-publish","4":"has-post-thumbnail","6":"product_cat-gang-tay","8":"first","9":"instock","10":"shipping-taxable","11":"product-type-simple"},"acf":[],"_links":{"self":[{"href":"https:\/\/laprovina.com\/index.php?rest_route=\/wp\/v2\/product\/938","targetHints":{"allow":["GET"]}}],"collection":[{"href":"https:\/\/laprovina.com\/index.php?rest_route=\/wp\/v2\/product"}],"about":[{"href":"https:\/\/laprovina.com\/index.php?rest_route=\/wp\/v2\/types\/product"}],"replies":[{"embeddable":true,"href":"https:\/\/laprovina.com\/index.php?rest_route=%2Fwp%2Fv2%2Fcomments&post=938"}],"wp:featuredmedia":[{"embeddable":true,"href":"https:\/\/laprovina.com\/index.php?rest_route=\/wp\/v2\/media\/1100"}],"wp:attachment":[{"href":"https:\/\/laprovina.com\/index.php?rest_route=%2Fwp%2Fv2%2Fmedia&parent=938"}],"wp:term":[{"taxonomy":"product_brand","embeddable":true,"href":"https:\/\/laprovina.com\/index.php?rest_route=%2Fwp%2Fv2%2Fproduct_brand&post=938"},{"taxonomy":"product_cat","embeddable":true,"href":"https:\/\/laprovina.com\/index.php?rest_route=%2Fwp%2Fv2%2Fproduct_cat&post=938"},{"taxonomy":"product_tag","embeddable":true,"href":"https:\/\/laprovina.com\/index.php?rest_route=%2Fwp%2Fv2%2Fproduct_tag&post=938"}],"curies":[{"name":"wp","href":"https:\/\/api.w.org\/{rel}","templated":true}]}}