{"id":941,"date":"2024-04-11T03:19:07","date_gmt":"2024-04-11T03:19:07","guid":{"rendered":"https:\/\/laprovina.com\/?post_type=product&#038;p=941"},"modified":"2025-12-19T22:53:07","modified_gmt":"2025-12-19T22:53:07","slug":"tham-dinh-bui","status":"publish","type":"product","link":"https:\/\/laprovina.com\/?product=tham-dinh-bui","title":{"rendered":"TH\u1ea2M D\u00cdNH B\u1ee4I"},"content":{"rendered":"<h1 align=\"center\">Th\u1ea3m d\u00ednh b\u1ee5i ph\u00f2ng s\u1ea1ch<\/h1>\n<p>S\u1ea3n ph\u1ea9m\u00a0<b>th\u1ea3m d\u00ednh b\u1ee5i ph\u00f2ng s\u1ea1ch<\/b>\u00a0\u0111\u01b0\u1ee3c l\u00e0m t\u1eeb polyethylen ch\u1ea5t l\u01b0\u1ee3ng cao v\u1edbi \u0111\u1ed9 d\u00e0y v\u00e0 ch\u1ea5t d\u00ednh tr\u00ean n\u1ec1n n\u01b0\u1edbc th\u1ea5p.\u00a0<strong>Th\u1ea3m d\u00ednh b\u1ee5i ph\u00f2ng s\u1ea1ch \u2013 Sticky mat<\/strong>\u00a0c\u00f3 th\u1ec3 b\u1eaft b\u1ee5i v\u00e0 lo\u1ea1i b\u1ecf nh\u1eefng v\u1ebft b\u1ea9n c\u1ee7a gi\u00e0y ho\u1eb7c b\u00e1nh xe r\u1ea5t hi\u1ec7u qu\u1ea3 \u1edf l\u1ed1i c\u1eeda v\u00e0o v\u00e0 nh\u1eefng khu v\u1ef1c s\u1ea3n xu\u1ea5t, ho\u1eb7c n\u01a1i quan tr\u1ecdng.<\/p>\n<p><img decoding=\"async\" src=\"https:\/\/megaline.com.vn\/upload\/images\/tham%20dinh%20bui%20phong%20sach%20(2).jpg\" alt=\"\" \/><img loading=\"lazy\" decoding=\"async\" class=\"aligncenter size-full wp-image-942\" src=\"https:\/\/laprovina.com\/wp-content\/uploads\/2024\/04\/tham_dinh_bui.jpg\" alt=\"\" width=\"350\" height=\"232\" \/><\/p>\n<p align=\"center\"><em>Th\u1ea3m d\u00ednh b\u1ee5i ph\u00f2ng s\u1ea1ch<\/em><\/p>\n<p>\u0110\u1ec3 d\u1ec5 theo d\u00f5i s\u1ed1 l\u01b0\u1ee3ng c\u1ee7a c\u00e1c t\u1ea5m v\u00e0 lo\u1ea1i b\u1ecf nh\u1eefng t\u1ea5m \u0111\u00e3 d\u00f9ng,\u00a0<em>Th\u1ea3m d\u00ednh b\u1ee5i ph\u00f2ng s\u1ea1ch\u00a0<\/em>\u0111\u01b0\u1ee3c \u0111\u00e1nh s\u1ed1 tr\u00ean t\u1eebng t\u1ea5m.<\/p>\n<ul>\n<li><strong>\u1ee8ng d\u1ee5ng:<\/strong><\/li>\n<\/ul>\n<p>&#8211; S\u1ea3n ph\u1ea9m \u0111\u01b0\u1ee3c s\u1eed d\u1ee5ng nhi\u1ec1u trong c\u00f4ng nghi\u1ec7p \u0111i\u1ec7n t\u1eed, c\u00f4ng nghi\u1ec7p b\u00e1n d\u1eabn, y h\u1ecdc, d\u01b0\u1ee3c h\u1ecdc h\u00f3a sinh,\u00a0 ph\u00f2ng m\u1ed5 v\u00e0 c\u00f4ng nghi\u1ec7p l\u00e0m s\u1ea1ch\u2026<\/p>\n<p>&#8211;\u00a0Quy c\u00e1ch \u0111\u00f3ng g\u00f3i: 30 l\u1edbp\/t\u1ea5m (M\u1ed7i t\u1ea5m\u00a0\u0111\u01b0\u1ee3c\u00a0\u0111\u00e1nh s\u1ed1 th\u1ee9 t\u1ef1 t\u1eeb 1-30), v\u00e0 10 t\u1ea5m\/h\u1ed9p.<\/p>\n<p>&#8211; Th\u1ea3m d\u00edch b\u1ee5i ph\u00f2ng s\u1ea1ch c\u00f3 k\u00edch th\u01b0\u1edbc:\u00a0 24\u201d x 36\u201d (60\u00a0x 90 cm) ;<\/p>\n<p>&#8211; Th\u1ea3m d\u00ednh b\u1ee5i ph\u00f2ng s\u1ea1ch\u00a0c\u00f3 k\u00edch th\u01b0\u1edbc: \u00a024\u201d x 18\u201d (\u00a060\u00a0x 45 cm)<\/p>\n<p>&#8211; M\u00e0u s\u1eafc: M\u00e0u xanh bi\u1ec3n\u2026<\/p>\n<h1 style=\"text-align: center;\"><strong><span class=\"text\">C\u00f4ng ty TNHH Lapro Vina <\/span><\/strong><\/h1>\n<div><span class=\"text\">S\u1ed1 2 ph\u1ed1 D\u01b0\u01a1ng \u0110\u00f4n C\u01b0\u01a1ng, ph\u01b0\u1eddng Khai Quang, TP V\u0129nh Y\u00ean, V\u0129nh Ph\u00fac<\/span><\/div>\n<div><span class=\"text\"> webmail: <\/span><a class=\"text-is-email\" href=\"mailto:lapro@laprovina.com\" target=\"_blank\" rel=\"noopener\" data-z-element-type=\"email\">lapro@laprovina.com<\/a><\/div>\n<div><span class=\"text\">Ph\u00f2ng kinh doanh: <\/span><a class=\"text-is-email\" href=\"mailto:kinhdoanh@laprovina.com\" target=\"_blank\" rel=\"noopener\" data-z-element-type=\"email\">kinhdoanh@laprovina.com<\/a><\/div>\n<div><span class=\"text\">Hotline: <\/span><a class=\"text-is-phone-number\" data-z-element-type=\"phone-number\">0986.252.777<\/a><span class=\"text\"> website: <\/span><a class=\"text-is-link\" target=\"_blank\" rel=\"noopener noreferrer\" data-z-element-type=\"link\">https:\/\/laprovina.com<\/a><\/div>\n<div><strong style=\"color: #555555;\"><em>H\u00e3y g\u1ecdi cho ch\u00fang t\u00f4i ngay khi b\u1ea1n c\u1ea7n v\u1edbi gi\u00e1 t\u1ed1t nh\u1ea5t<\/em><\/strong><\/div>\n","protected":false},"excerpt":{"rendered":"<p>Th\u1ea3m d\u00ednh b\u1ee5i ph\u00f2ng s\u1ea1ch S\u1ea3n ph\u1ea9m\u00a0th\u1ea3m d\u00ednh b\u1ee5i ph\u00f2ng s\u1ea1ch\u00a0\u0111\u01b0\u1ee3c l\u00e0m t\u1eeb polyethylen ch\u1ea5t l\u01b0\u1ee3ng cao v\u1edbi \u0111\u1ed9 d\u00e0y v\u00e0 ch\u1ea5t d\u00ednh tr\u00ean n\u1ec1n n\u01b0\u1edbc th\u1ea5p.\u00a0Th\u1ea3m d\u00ednh b\u1ee5i ph\u00f2ng s\u1ea1ch \u2013 Sticky mat\u00a0c\u00f3 th\u1ec3 b\u1eaft b\u1ee5i v\u00e0 lo\u1ea1i b\u1ecf nh\u1eefng v\u1ebft b\u1ea9n c\u1ee7a gi\u00e0y ho\u1eb7c b\u00e1nh xe r\u1ea5t hi\u1ec7u qu\u1ea3 \u1edf l\u1ed1i c\u1eeda v\u00e0o&#8230;<\/p>\n","protected":false},"featured_media":942,"comment_status":"open","ping_status":"closed","template":"","meta":{"_acf_changed":false},"product_brand":[],"product_cat":[55],"product_tag":[],"class_list":{"0":"post-941","1":"product","2":"type-product","3":"status-publish","4":"has-post-thumbnail","6":"product_cat-tham-dinh-bui","8":"first","9":"instock","10":"shipping-taxable","11":"product-type-simple"},"acf":[],"_links":{"self":[{"href":"https:\/\/laprovina.com\/index.php?rest_route=\/wp\/v2\/product\/941","targetHints":{"allow":["GET"]}}],"collection":[{"href":"https:\/\/laprovina.com\/index.php?rest_route=\/wp\/v2\/product"}],"about":[{"href":"https:\/\/laprovina.com\/index.php?rest_route=\/wp\/v2\/types\/product"}],"replies":[{"embeddable":true,"href":"https:\/\/laprovina.com\/index.php?rest_route=%2Fwp%2Fv2%2Fcomments&post=941"}],"wp:featuredmedia":[{"embeddable":true,"href":"https:\/\/laprovina.com\/index.php?rest_route=\/wp\/v2\/media\/942"}],"wp:attachment":[{"href":"https:\/\/laprovina.com\/index.php?rest_route=%2Fwp%2Fv2%2Fmedia&parent=941"}],"wp:term":[{"taxonomy":"product_brand","embeddable":true,"href":"https:\/\/laprovina.com\/index.php?rest_route=%2Fwp%2Fv2%2Fproduct_brand&post=941"},{"taxonomy":"product_cat","embeddable":true,"href":"https:\/\/laprovina.com\/index.php?rest_route=%2Fwp%2Fv2%2Fproduct_cat&post=941"},{"taxonomy":"product_tag","embeddable":true,"href":"https:\/\/laprovina.com\/index.php?rest_route=%2Fwp%2Fv2%2Fproduct_tag&post=941"}],"curies":[{"name":"wp","href":"https:\/\/api.w.org\/{rel}","templated":true}]}}