{"id":943,"date":"2024-04-11T03:25:40","date_gmt":"2024-04-11T03:25:40","guid":{"rendered":"https:\/\/laprovina.com\/?post_type=product&#038;p=943"},"modified":"2025-12-19T22:50:39","modified_gmt":"2025-12-19T22:50:39","slug":"giay-dinh-bui-dcr-pad-a4","status":"publish","type":"product","link":"https:\/\/laprovina.com\/?product=giay-dinh-bui-dcr-pad-a4","title":{"rendered":"Gi\u1ea5y d\u00ednh b\u1ee5i\u00a0DCR-Pad A4"},"content":{"rendered":"<h2><strong>Gi<\/strong><strong>\u1ea5y d<\/strong><strong>\u00ednh b<\/strong><strong>\u1ee5i\u00a0<\/strong><strong>DCR-Pad A4<\/strong><\/h2>\n<p>Gi\u1ea5y d\u00ednh b\u1ee5i ph\u00f2ng s\u1ea1ch l\u00e0 m\u1ed9t s\u1ea3n ph\u1ea9m kh\u00f4ng th\u1ec3thi\u1ebfu trong m\u00f4i tr\u01b0\u1eddng s\u1ea3n xu\u1ea5t c\u1ee7a ng\u00e0nh c\u00f4ng nghi\u1ec7p. Gi\u1ea5y th\u01b0\u1eddng \u0111\u00e3 c\u00f3 nhi\u1ec1u c\u00f4ng d\u1ee5ng r\u1ed3i th\u00ec d\u0129 nhi\u00ean l\u00e0 gi\u1ea5y d\u00ednh b\u1ee5i c\u0169ng s\u1ebdc\u00f3 r\u1ea5t nhi\u1ec1u c\u1ed3n d\u1ee5ng. V\u00e0 c\u00f4ng d\u1ee5ng l\u1edbn nh\u1ea5t, \u0111\u1eb7c bi\u1ec7t nh\u1ea5t c\u1ee7a n\u00f3 l\u00e0\u00a0lo\u1ea1i b\u1ecf b\u1ee5i b\u1ea9n hi\u1ec7u qu\u1ea3, gi\u1eef c\u00e1c h\u1ea1t b\u1ee5i tr\u00ean c\u00e1c con l\u0103n. C\u00f3 m\u1ed9t lo\u1ea1i gi\u1ea5y d\u00ednh b\u1ee5i ph\u00f2ng s\u1ea1ch \u0111\u01b0\u1ee3c c\u00e1c kh\u00e1ch h\u00e0ng \u01b0a chu\u1ed9ng, nh\u00e0 s\u1ea3n xu\u1ea5t lu\u00f4n ch\u1ecdn l\u00e0\u00a0\u1ee9ng c\u1eedvi\u00ean h\u00e0ng \u0111\u1ea7u, \u0111\u00f3 ch\u00ednh l\u00e0 gi\u1ea5y d\u00ednh b\u1ee5i ph\u00f2ng s\u1ea1ch DCR-Pad A4.<\/p>\n<p><img loading=\"lazy\" decoding=\"async\" class=\"aligncenter size-full wp-image-944\" src=\"https:\/\/laprovina.com\/wp-content\/uploads\/2024\/04\/giay-dinh-bui-DCR-Pad2.jpg\" alt=\"\" width=\"800\" height=\"533\" srcset=\"https:\/\/laprovina.com\/wp-content\/uploads\/2024\/04\/giay-dinh-bui-DCR-Pad2.jpg 800w, https:\/\/laprovina.com\/wp-content\/uploads\/2024\/04\/giay-dinh-bui-DCR-Pad2-600x400.jpg 600w\" sizes=\"auto, (max-width: 800px) 100vw, 800px\" \/><\/p>\n<p>Gi\u1ea5y d\u00ednh b\u1ee5i ph\u00f2ng s\u1ea1ch DCR-Pad A4 \u0111\u01b0\u1ee3c s\u1ea3n xu\u1ea5t d\u1ef1a tr\u00ean c\u00f4ng ngh\u1ec7ti\u00ean ti\u1ebfn, hi\u1ec7n \u0111\u1ea1i ng\u00e0y nay n\u00ean ch\u1ea5t l\u01b0\u1ee3ng t\u1ed1t h\u01a1n c\u00e1c lo\u1ea1i gi\u1ea5y th\u00f4ng th\u01b0\u1eddng kh\u00e1c. \u0110\u1ec3hi\u1ec3u r\u00f5 h\u01a1n v\u1ec1gi\u1ea5y d\u00ednh b\u1ee5i ph\u00f2ng s\u1ea1ch DCR-Pad A4 th\u00ec ch\u00fang ta c\u00f9ng t\u00ecm hi\u1ec3u v\u1ec1c\u00e1c danh m\u1ee5c nh\u01b0: c\u00e1c th\u00f4ng tin c\u01a1 b\u1ea3n v\u1ec1s\u1ea3n ph\u1ea9m, c\u00e1c c\u00f4ng d\u1ee5ng v\u00e0\u00a0\u1ee9ng d\u1ee5ng c\u1ee7a s\u1ea3n ph\u1ea9m hay c\u00e1ch s\u1eedd\u1ee5ng s\u1ea3n ph\u1ea9m n\u00e0y nh\u00e9!<\/p>\n<p><strong>*<\/strong><strong>Th<\/strong><strong>\u00f4ng tin v<\/strong><strong>\u1ec1<\/strong><strong>gi<\/strong><strong>\u1ea5<\/strong><strong>y d\u00ednh b<\/strong><strong>\u1ee5<\/strong><strong>i ph\u00f2ng s<\/strong><strong>\u1ea1<\/strong><strong>ch DCR-Pad A4:<\/strong><\/p>\n<p>+ Ch\u1ea5t li\u1ec7u: Gi\u1ea5y PE\/PVC<\/p>\n<p>+ M\u00e0u: tr\u1eafng, v\u00e0ng<\/p>\n<p>+ K\u00edch c\u1ee1: 24 x 33cm<\/p>\n<p>+\u00a0\u0110\u1ed9 d\u00ednh keo: keo n\u01b0\u1edbc, keo n\u00f3ng ch\u1ea3y, keo ch\u1ed1ng t\u0129nh \u0111i\u1ec7n nh\u1eadp kh\u1ea9u t\u1eeb Malaysia<\/p>\n<p>+\u00a0\u0110\u00f3ng g\u00f3i: 50 t\u1edd x 5 t\u00fai (gi\u1ea5y)<\/p>\n<h2><strong>C\u00f4ng d<\/strong><strong>\u1ee5<\/strong><strong>ng v\u00e0\u00a0<\/strong><strong>\u1ee9<\/strong><strong>ng d<\/strong><strong>\u1ee5<\/strong><strong>ng c<\/strong><strong>\u1ee7<\/strong><strong>a gi<\/strong><strong>\u1ea5<\/strong><strong>y d\u00ednh b\u1ee5i<\/strong><strong>\u00a0DCR-Pad A4<\/strong><\/h2>\n<p>Gi\u1ea5y d\u00ednh b\u1ee5i\u00a0DCR-Pad A4 c\u00f3 r\u1ea5t nhi\u1ec1u c\u00f4ng d\u1ee5ng v\u00e0\u00a0\u1ee9ng d\u1ee5ng, sau \u0111\u00e2y l\u00e0 m\u1ed9t s\u1ed1c\u00f4ng d\u1ee5ng v\u00e0\u00a0\u1ee9ng d\u1ee5ng ch\u00ednh c\u1ee7a n\u00f3:<\/p>\n<p>+ V\u1ec1c\u00f4ng d\u1ee5ng: lo\u1ea1i b\u1ecf b\u1ee5i b\u1ea9n hi\u1ec7u qu\u1ea3, gi\u1eef c\u00e1c h\u1ea1t b\u1ee5i tr\u00ean c\u00e1c con l\u0103n silicone \u0111\u1ec3 \u0111\u1ea3m b\u1ea3o n\u00f3 c\u00f3 th\u1ec3 s\u1eed d\u1ee5ng l\u1ea1i.<\/p>\n<p>+\u00a0V\u1ec1\u1ee9ng d\u1ee5ng: c\u00e1c ng\u00e0nh c\u00f4ng nghi\u1ec7p b\u00e1n d\u1eabn, LCD, th\u1ef1c ph\u1ea9m, thu\u1ef7 tinh, PCD, ch\u1ebf bi\u1ebfn.<\/p>\n<h2><strong>C<\/strong><strong>\u00e1ch s<\/strong><strong>\u1eed d\u1ee5ng\u00a0<\/strong><strong>gi<\/strong><strong>\u1ea5<\/strong><strong>y d\u00ednh b<\/strong><strong>\u1ee5<\/strong><strong>i ph\u00f2ng s<\/strong><strong>\u1ea1<\/strong><strong>ch DCR-Pad A4<\/strong><\/h2>\n<p>Gi\u1ea5y d\u00ednh b\u1ee5i ph\u00f2ng s\u1ea1ch DCR-Pad A4 s\u1eedd\u1ee5ng r\u1ea5t \u0111\u01a1n gi\u1ea3n, g\u1ed3m 4 b\u01b0\u1edbc sau:<\/p>\n<p>B\u01b0\u1edbc 1:\u00a0X\u00e9 l\u1edbp b\u1ea3o v\u1ec7 b\u1ec1 m\u1eb7t c\u1ee7a gi\u1ea5y d\u00ednh<\/p>\n<p>B\u01b0\u1edbc 2: Cu\u1ed9n l\u0103n gi\u1ea5y d\u00ednh theo m\u1ed9t h\u01b0\u1edbng<\/p>\n<p>B\u01b0\u1edbc 3:\u00a0L\u00e0m cho gi\u1ea5y d\u00ednh h\u00fat c\u00e1c b\u1ee5i b\u1ea9n v\u00e0 lo\u1ea1i b\u1ecf b\u1ee5i t\u1eeb v\u1eadt<\/p>\n<p>B\u01b0\u1edbc 4:\u00a0X\u00e9 v\u00e0 thay th\u1ebf l\u1edbp m\u1edbi khi l\u1edbp \u0111\u1ea7u ti\u1ec1n b\u1ecb b\u1ea9n.<\/p>\n<p>Gi\u1ea5y d\u00ednh b\u1ee5i\u00a0DCR-Pad A4 l\u00e0 m\u1ed9t s\u1ea3n ph\u1ea9m r\u1ea5t h\u1eefu \u00edch \u0111\u1ed1i v\u1edbi kh\u00e1ch h\u00e0ng, nh\u1ea5t l\u00e0 c\u00e1c nh\u00e0 s\u1ea3n xu\u1ea5t c\u00e1c linh ki\u1ec7n \u0111i\u1ec7n t\u1eed, th\u1ee7y tinh, c\u00e1c ng\u00e0nh ch\u1ebfbi\u1ebfn l\u01b0\u01a1ng th\u1ef1c th\u1ef1c ph\u1ea9m. Nh\u1eddc\u00f3 gi\u1ea5y d\u00ednh b\u1ee5i n\u00e0y m\u00e0 r\u1ea5t nhi\u1ec1u s\u1ea3n xu\u1ea5t ra an to\u00e0n h\u01a1n, ch\u1ea5t l\u01b0\u1ee3ng h\u01a1n.<\/p>\n<h1 style=\"text-align: center;\"><strong><span class=\"text\">C\u00f4ng ty TNHH Lapro Vina <\/span><\/strong><\/h1>\n<div><span class=\"text\">S\u1ed1 2 ph\u1ed1 D\u01b0\u01a1ng \u0110\u00f4n C\u01b0\u01a1ng, ph\u01b0\u1eddng Khai Quang, TP V\u0129nh Y\u00ean, V\u0129nh Ph\u00fac<\/span><\/div>\n<div><span class=\"text\"> webmail: <\/span><a class=\"text-is-email\" href=\"mailto:lapro@laprovina.com\" target=\"_blank\" rel=\"noopener\" data-z-element-type=\"email\">lapro@laprovina.com<\/a><\/div>\n<div><span class=\"text\">Ph\u00f2ng kinh doanh: <\/span><a class=\"text-is-email\" href=\"mailto:kinhdoanh@laprovina.com\" target=\"_blank\" rel=\"noopener\" data-z-element-type=\"email\">kinhdoanh@laprovina.com<\/a><\/div>\n<div><span class=\"text\">Hotline: <\/span><a class=\"text-is-phone-number\" data-z-element-type=\"phone-number\">0986.252.777<\/a><span class=\"text\"> website: <\/span><a class=\"text-is-link\" target=\"_blank\" rel=\"noopener noreferrer\" data-z-element-type=\"link\">https:\/\/laprovina.com<\/a><\/div>\n<div><strong style=\"color: #555555;\"><em>H\u00e3y g\u1ecdi cho ch\u00fang t\u00f4i ngay khi b\u1ea1n c\u1ea7n v\u1edbi gi\u00e1 t\u1ed1t nh\u1ea5t<\/em><\/strong><\/div>\n<h2><\/h2>\n","protected":false},"excerpt":{"rendered":"<p>Gi\u1ea5y d\u00ednh b\u1ee5i\u00a0DCR-Pad A4 Gi\u1ea5y d\u00ednh b\u1ee5i ph\u00f2ng s\u1ea1ch l\u00e0 m\u1ed9t s\u1ea3n ph\u1ea9m kh\u00f4ng th\u1ec3thi\u1ebfu trong m\u00f4i tr\u01b0\u1eddng s\u1ea3n xu\u1ea5t c\u1ee7a ng\u00e0nh c\u00f4ng nghi\u1ec7p. Gi\u1ea5y th\u01b0\u1eddng \u0111\u00e3 c\u00f3 nhi\u1ec1u c\u00f4ng d\u1ee5ng r\u1ed3i th\u00ec d\u0129 nhi\u00ean l\u00e0 gi\u1ea5y d\u00ednh b\u1ee5i c\u0169ng s\u1ebdc\u00f3 r\u1ea5t nhi\u1ec1u c\u1ed3n d\u1ee5ng. V\u00e0 c\u00f4ng d\u1ee5ng l\u1edbn nh\u1ea5t, \u0111\u1eb7c bi\u1ec7t nh\u1ea5t c\u1ee7a n\u00f3&#8230;<\/p>\n","protected":false},"featured_media":944,"comment_status":"open","ping_status":"closed","template":"","meta":{"_acf_changed":false},"product_brand":[],"product_cat":[56],"product_tag":[],"class_list":{"0":"post-943","1":"product","2":"type-product","3":"status-publish","4":"has-post-thumbnail","6":"product_cat-giay-dinh-bui-dcr-pad","8":"first","9":"instock","10":"shipping-taxable","11":"product-type-simple"},"acf":[],"_links":{"self":[{"href":"https:\/\/laprovina.com\/index.php?rest_route=\/wp\/v2\/product\/943","targetHints":{"allow":["GET"]}}],"collection":[{"href":"https:\/\/laprovina.com\/index.php?rest_route=\/wp\/v2\/product"}],"about":[{"href":"https:\/\/laprovina.com\/index.php?rest_route=\/wp\/v2\/types\/product"}],"replies":[{"embeddable":true,"href":"https:\/\/laprovina.com\/index.php?rest_route=%2Fwp%2Fv2%2Fcomments&post=943"}],"wp:featuredmedia":[{"embeddable":true,"href":"https:\/\/laprovina.com\/index.php?rest_route=\/wp\/v2\/media\/944"}],"wp:attachment":[{"href":"https:\/\/laprovina.com\/index.php?rest_route=%2Fwp%2Fv2%2Fmedia&parent=943"}],"wp:term":[{"taxonomy":"product_brand","embeddable":true,"href":"https:\/\/laprovina.com\/index.php?rest_route=%2Fwp%2Fv2%2Fproduct_brand&post=943"},{"taxonomy":"product_cat","embeddable":true,"href":"https:\/\/laprovina.com\/index.php?rest_route=%2Fwp%2Fv2%2Fproduct_cat&post=943"},{"taxonomy":"product_tag","embeddable":true,"href":"https:\/\/laprovina.com\/index.php?rest_route=%2Fwp%2Fv2%2Fproduct_tag&post=943"}],"curies":[{"name":"wp","href":"https:\/\/api.w.org\/{rel}","templated":true}]}}