{"id":946,"date":"2024-04-11T03:30:28","date_gmt":"2024-04-11T03:30:28","guid":{"rendered":"https:\/\/laprovina.com\/?post_type=product&#038;p=946"},"modified":"2024-04-11T03:30:29","modified_gmt":"2024-04-11T03:30:29","slug":"con-lan-dinh-bui","status":"publish","type":"product","link":"https:\/\/laprovina.com\/?product=con-lan-dinh-bui","title":{"rendered":"CON L\u0102N D\u00cdNH B\u1ee4I"},"content":{"rendered":"<h1 align=\"center\"><strong>Con l\u0103n d\u00ednh b\u1ee5i<\/strong><\/h1>\n<p>S\u1ea3n ph\u1ea9m\u00a0<strong>con l\u0103n d\u00ednh b\u1ee5i<\/strong>\u00a0\u00a0d\u00f9ng \u0111\u1ec3 l\u0103n b\u1ee5i tr\u00ean c\u00e2c b\u1ea3n m\u1ea1ch, nh\u1eb1m lo\u1ea1i b\u1ecf c\u00e1c h\u1ea1t b\u1ee5i tr\u00ean b\u1ec1 m\u1eb7t m\u00e0 kh\u00f4ng \u0111\u1ec3 l\u1ea1i v\u1ebft d\u00ednh. S\u1ea3n ph\u1ea9m con l\u0103n silicone ch\u1ecbu k\u00e8m theo tay c\u1ea7m cho con l\u0103n \u0111\u01b0\u1ee3c ph\u00e2n ph\u1ed1i to\u00e0n qu\u1ed1c b\u1edfi c\u00f4ng ty Megaline. Ch\u00fang t\u00f4i \u0111\u1ea3m b\u1ea3o ch\u1ea5t l\u01b0\u1ee3ng v\u1ec1 s\u1ea3n ph\u1ea9m con l\u0103n d\u00ednh b\u1ee5i v\u1edbi tay c\u1ea7m cho con l\u0103n v\u1edbi \u0111\u1ea7y \u0111\u1ee7 c\u00e1c k\u00edch th\u01b0\u1edbc kh\u00e1c nhau.<\/p>\n<p><img decoding=\"async\" src=\"https:\/\/megaline.com.vn\/upload\/images\/Con%20lan%20dinh%20bui.JPG\" alt=\"\" \/><img loading=\"lazy\" decoding=\"async\" class=\"aligncenter size-full wp-image-947\" src=\"https:\/\/laprovina.com\/wp-content\/uploads\/2024\/04\/screenshot-1712806091134.png\" alt=\"\" width=\"800\" height=\"584\" srcset=\"https:\/\/laprovina.com\/wp-content\/uploads\/2024\/04\/screenshot-1712806091134.png 800w, https:\/\/laprovina.com\/wp-content\/uploads\/2024\/04\/screenshot-1712806091134-600x438.png 600w\" sizes=\"auto, (max-width: 800px) 100vw, 800px\" \/><\/p>\n<h2><strong>con l\u0103n d\u00ednh b\u1ee5i<\/strong>\u00a0ph\u1ed5 bi\u1ebfn hi\u1ec7n nay<\/h2>\n<p><strong>Con l\u0103n d\u00ednh b\u1ee5i<\/strong>\u00a0b\u1eb1ng silicon<\/p>\n<p><strong>Con l\u0103n d\u00ednh b\u1ee5i<\/strong>\u00a0b\u1eb1ng acrrylic<\/p>\n<p><strong>Con l\u0103n d\u00ednh b\u1ee5i<\/strong>\u00a0\u0111\u01b0\u1ee3c chia l\u00e0m hai ph\u1ea7n ch\u00ednh<\/p>\n<p>Th\u1ee9 nh\u1ea5t l\u00e0 ph\u1ea7n cu\u1ed9n l\u0103n( con l\u0103n)<\/p>\n<p>Con l\u0103n d\u00ednh b\u1ee5i m\u00e0u xanh, tr\u1eafng<\/p>\n<p><strong>Tay c\u1ea7m con l\u0103n d\u00ednh b\u1ee5i<\/strong>\u00a0\u0111\u01b0\u1ee3c c\u1ea5u t\u1ea1o t\u1eeb ch\u1ea5t d\u00ednh silicon m\u00e0u xanh ho\u1eb7c ch\u1ea5t d\u00ednh acrylic, trong ng\u00e0nh c\u00f4ng nghi\u1ec7p hi\u1ec7n t\u1ea1i kh\u00f4ng ch\u1ec9 s\u1ea3n xu\u1ea5t b\u1ea3n m\u1ea1ch \u0111i\u1ec7n t\u1eed, nhi\u1ec1u ng\u00e0nh c\u00f4ng nghi\u1ec7p kh\u00e1c c\u0169ng ph\u1ea3i s\u1eed d\u1ee5ng \u0111\u1ebfn con l\u0103n d\u00ednh b\u1ee5i \u0111\u1ec3 l\u1ea5y \u0111i b\u1ee5i b\u1ea9n b\u1ea3o qu\u1ea3n trang thi\u1ebft b\u1ecb trong m\u00f4i tr\u01b0\u1eddng ph\u00f2ng s\u1ea1ch.<\/p>\n<p><img decoding=\"async\" src=\"https:\/\/megaline.com.vn\/upload\/images\/con%20lan%20dinh%20bui%20phong%20sach%20mau%20trang.jpg\" alt=\"\" \/><\/p>\n<h2>Tay c\u1ea7m cho con l\u0103n d\u00ednh b\u1ee5i<\/h2>\n<p>\u2013 Size: 4\u2032,6\u2032,8\u2032.( 10cm, 16cm, 20cm, v\u00e0 30cm\u2026)<\/p>\n<p>Th\u1ee9 hai l\u00e0 tay c\u1ea7m cho con l\u0103n silicone<\/p>\n<p>Tay c\u1ea7m b\u1eb1ng nh\u1ef1a, th\u00e9p<\/p>\n<p>M\u00e0u: \u0111en, xanh<\/p>\n<p>Megaline l\u00e0 \u0111\u01a1n v\u1ecb cung c\u1ea5p c\u00e1c lo\u1ea1i thi\u1ebft b\u1ecb ph\u00f2ng s\u1ea1ch \u0111\u1eb7c bi\u1ec7t l\u00e0<strong>\u00a0con l\u0103n d\u00ednh b\u1ee5i, gi\u1ea5y d\u00ednh b\u1ee5i cho con l\u0103n\u00a0<\/strong>s\u1ea3n ph\u1ea9m tr\u00ean ho\u00e0n to\u00e0n \u0111\u01b0\u1ee3c ki\u1ec3m \u0111\u1ecbnh ch\u1ea5t l\u01b0\u1ee3ng, h\u00e3y li\u00ean h\u1ec7 v\u1edbi ch\u00fang t\u00f4i \u0111\u1ec3 \u0111\u01b0\u1ee3c t\u01b0 v\u1ea5n v\u1ec1 k\u00edch th\u01b0\u1edbc ph\u00f9 h\u1ee3p, h\u00e0ng hi\u1ec7n c\u00f3 s\u1eb5n trong kho v\u1edbi s\u1ed1 l\u01b0\u1ee3ng l\u1edbn, gi\u00e1 b\u00e1n c\u1ea1nh tranh t\u1ed1t nh\u1ea5t tr\u00ean th\u1ecb tr\u01b0\u1eddng hi\u1ec7n nay.<\/p>\n<h2>Gi\u1ea5y d\u00ednh b\u1ee5i cho con l\u0103n<\/h2>\n<p>M\u00e0u s\u1eafc: Tr\u1eafng<\/p>\n<p>K\u00edch th\u01b0\u1edbc : 4\u2033 , 6\u2033, 8\u2033, 12\u2033<\/p>\n<p>Th\u01a1i gian: H\u00e0ng c\u00f3 s\u1eb5n trong kho<\/p>\n<h1 style=\"text-align: center;\"><strong><span class=\"text\">C\u00f4ng ty TNHH Lapro Vina <\/span><\/strong><\/h1>\n<div><span class=\"text\">S\u1ed1 2 ph\u1ed1 D\u01b0\u01a1ng \u0110\u00f4n C\u01b0\u01a1ng, ph\u01b0\u1eddng Khai Quang, TP V\u0129nh Y\u00ean, V\u0129nh Ph\u00fac<\/span><\/div>\n<div><span class=\"text\"> webmail: <\/span><a class=\"text-is-email\" href=\"mailto:lapro@laprovina.com\" target=\"_blank\" rel=\"noopener\" data-z-element-type=\"email\">lapro@laprovina.com<\/a><\/div>\n<div><span class=\"text\">Ph\u00f2ng kinh doanh: <\/span><a class=\"text-is-email\" href=\"mailto:kinhdoanh@laprovina.com\" target=\"_blank\" rel=\"noopener\" data-z-element-type=\"email\">kinhdoanh@laprovina.com<\/a><\/div>\n<div><span class=\"text\">Hotline: <\/span><a class=\"text-is-phone-number\" data-z-element-type=\"phone-number\">0986.252.777<\/a><span class=\"text\"> website: <\/span><a class=\"text-is-link\" target=\"_blank\" rel=\"noopener noreferrer\" data-z-element-type=\"link\">https:\/\/laprovina.com<\/a><\/div>\n<div><strong style=\"color: #555555;\"><em>H\u00e3y g\u1ecdi cho ch\u00fang t\u00f4i ngay khi b\u1ea1n c\u1ea7n v\u1edbi gi\u00e1 t\u1ed1t nh\u1ea5t<\/em><\/strong><\/div>\n","protected":false},"excerpt":{"rendered":"<p>Con l\u0103n d\u00ednh b\u1ee5i S\u1ea3n ph\u1ea9m\u00a0con l\u0103n d\u00ednh b\u1ee5i\u00a0\u00a0d\u00f9ng \u0111\u1ec3 l\u0103n b\u1ee5i tr\u00ean c\u00e2c b\u1ea3n m\u1ea1ch, nh\u1eb1m lo\u1ea1i b\u1ecf c\u00e1c h\u1ea1t b\u1ee5i tr\u00ean b\u1ec1 m\u1eb7t m\u00e0 kh\u00f4ng \u0111\u1ec3 l\u1ea1i v\u1ebft d\u00ednh. S\u1ea3n ph\u1ea9m con l\u0103n silicone ch\u1ecbu k\u00e8m theo tay c\u1ea7m cho con l\u0103n \u0111\u01b0\u1ee3c ph\u00e2n ph\u1ed1i to\u00e0n qu\u1ed1c b\u1edfi c\u00f4ng ty Megaline. Ch\u00fang t\u00f4i&#8230;<\/p>\n","protected":false},"featured_media":947,"comment_status":"open","ping_status":"closed","template":"","meta":{"_acf_changed":false},"product_brand":[],"product_cat":[58],"product_tag":[],"class_list":{"0":"post-946","1":"product","2":"type-product","3":"status-publish","4":"has-post-thumbnail","6":"product_cat-con-lan-dinh-bui","8":"first","9":"instock","10":"shipping-taxable","11":"product-type-simple"},"acf":[],"_links":{"self":[{"href":"https:\/\/laprovina.com\/index.php?rest_route=\/wp\/v2\/product\/946","targetHints":{"allow":["GET"]}}],"collection":[{"href":"https:\/\/laprovina.com\/index.php?rest_route=\/wp\/v2\/product"}],"about":[{"href":"https:\/\/laprovina.com\/index.php?rest_route=\/wp\/v2\/types\/product"}],"replies":[{"embeddable":true,"href":"https:\/\/laprovina.com\/index.php?rest_route=%2Fwp%2Fv2%2Fcomments&post=946"}],"wp:featuredmedia":[{"embeddable":true,"href":"https:\/\/laprovina.com\/index.php?rest_route=\/wp\/v2\/media\/947"}],"wp:attachment":[{"href":"https:\/\/laprovina.com\/index.php?rest_route=%2Fwp%2Fv2%2Fmedia&parent=946"}],"wp:term":[{"taxonomy":"product_brand","embeddable":true,"href":"https:\/\/laprovina.com\/index.php?rest_route=%2Fwp%2Fv2%2Fproduct_brand&post=946"},{"taxonomy":"product_cat","embeddable":true,"href":"https:\/\/laprovina.com\/index.php?rest_route=%2Fwp%2Fv2%2Fproduct_cat&post=946"},{"taxonomy":"product_tag","embeddable":true,"href":"https:\/\/laprovina.com\/index.php?rest_route=%2Fwp%2Fv2%2Fproduct_tag&post=946"}],"curies":[{"name":"wp","href":"https:\/\/api.w.org\/{rel}","templated":true}]}}