{"id":957,"date":"2024-04-11T07:03:27","date_gmt":"2024-04-11T07:03:27","guid":{"rendered":"https:\/\/laprovina.com\/?post_type=product&#038;p=957"},"modified":"2025-12-19T22:53:27","modified_gmt":"2025-12-19T22:53:27","slug":"vai-lau-phong-sach-1009-dle","status":"publish","type":"product","link":"https:\/\/laprovina.com\/?product=vai-lau-phong-sach-1009-dle","title":{"rendered":"V\u1ea2I LAU PH\u00d2NG S\u1ea0CH 1009 DLE"},"content":{"rendered":"<h1><strong>Kh\u0103n lau ph\u00f2ng s\u1ea1ch 1009 DLE<\/strong><\/h1>\n<p>Trong c\u00f4ng nghi\u1ec7p m\u00f4i tr\u01b0\u1eddng b\u1ee5i b\u1ea9n lu\u00f4n ti\u1ec1m \u1ea9n nhi\u1ec1u r\u1ee7i ro l\u1edbn, c\u00f3 th\u1ec3 \u1ea3nh h\u01b0\u1edbng t\u1edbi s\u1ea3n ph\u1ea9m v\u00e0 tr\u1ef1c ti\u1ebfp v\u1edbi nh\u1eefng ng\u01b0\u1eddi c\u00f4ng nh\u00e2n s\u1ea3n xu\u1ea5t. Y\u00eau c\u1ea7u ph\u00f2ng s\u1ea1ch \u0111\u01b0\u1ee3c \u0111\u1ec1 cao v\u1edbi nhi\u1ec1u s\u1ea3n ph\u1ea9m\u00a0<strong>kh\u0103n lau ph\u00f2ng s\u1ea1ch<\/strong>\u00a0\u0111\u01b0\u1ee3c tr\u00fa tr\u1ecdng.<\/p>\n<p><img decoding=\"async\" src=\"http:\/\/namlan.com.vn\/uploads\/files\/v%E1%BA%A3i%20lau%20ph%C3%B2ng%20s%E1%BA%A1ch%201009%20DLE(1).jpeg\" alt=\"\" \/><img loading=\"lazy\" decoding=\"async\" class=\"aligncenter size-full wp-image-958\" src=\"https:\/\/laprovina.com\/wp-content\/uploads\/2024\/04\/1009DLE.jpg\" alt=\"\" width=\"800\" height=\"800\" srcset=\"https:\/\/laprovina.com\/wp-content\/uploads\/2024\/04\/1009DLE.jpg 800w, https:\/\/laprovina.com\/wp-content\/uploads\/2024\/04\/1009DLE-300x300.jpg 300w, https:\/\/laprovina.com\/wp-content\/uploads\/2024\/04\/1009DLE-600x600.jpg 600w, https:\/\/laprovina.com\/wp-content\/uploads\/2024\/04\/1009DLE-100x100.jpg 100w\" sizes=\"auto, (max-width: 800px) 100vw, 800px\" \/><\/p>\n<p align=\"center\"><em>V\u1ea3i lau ph\u00f2ng s\u1ea1ch 1009 DLE<\/em><\/p>\n<p><strong>Th\u00f4ng tin s\u1ea3n ph\u1ea9m:<\/strong><\/p>\n<p>V\u1ea3i lau ph\u00f2ng s\u1ea1ch 1009 DLE<\/p>\n<p>\u0110\u01b0\u01a1c s\u1ea3n xu\u1ea5t v\u1edbi ch\u1ea5t li\u1ec7u 100% s\u1ee3i polyester.<\/p>\n<p>K\u00edch th\u01b0\u1edbc c\u1ee7a kh\u0103n lau ph\u00f2ng s\u1ea1ch: 6\u2019*6\u2019 v\u00e0 9\u2019*9\u2019<\/p>\n<p>Quy c\u00e1ch \u0111\u00f3ng g\u00f3i: 150pcs\/bag<\/p>\n<p>M\u00e0u s\u1eafc: Tr\u1eafng<\/p>\n<p>\u1ee8ng d\u1ee5ng: V\u1ea3i lau ph\u00f2ng s\u1ea1ch \u0111\u01b0\u1ee3c d\u00f9ng trong c\u00e1c ng\u00e0nh c\u00f4ng nghi\u1ec7p \u0111i\u1ec7n t\u1eed, s\u1ea3n xu\u1ea5t b\u00e1n d\u1eabn lau b\u1ec1 m\u1eb7t s\u1ea3n ph\u1ea9m ch\u1ed1ng x\u01b0\u1edbc\u2026 N\u01a1i y\u00eau c\u1ea7u cao v\u1ec1\u00a0<strong>ch\u1ed1ng t\u0129nh \u0111i\u1ec7n ph\u00f2ng s\u1ea1ch<\/strong><\/p>\n<h1 style=\"text-align: center;\"><strong><span class=\"text\">C\u00f4ng ty TNHH Lapro Vina <\/span><\/strong><\/h1>\n<div><span class=\"text\">S\u1ed1 2 ph\u1ed1 D\u01b0\u01a1ng \u0110\u00f4n C\u01b0\u01a1ng, ph\u01b0\u1eddng Khai Quang, TP V\u0129nh Y\u00ean, V\u0129nh Ph\u00fac<\/span><\/div>\n<div><span class=\"text\"> webmail: <\/span><a class=\"text-is-email\" href=\"mailto:lapro@laprovina.com\" target=\"_blank\" rel=\"noopener\" data-z-element-type=\"email\">lapro@laprovina.com<\/a><\/div>\n<div><span class=\"text\">Ph\u00f2ng kinh doanh: <\/span><a class=\"text-is-email\" href=\"mailto:kinhdoanh@laprovina.com\" target=\"_blank\" rel=\"noopener\" data-z-element-type=\"email\">kinhdoanh@laprovina.com<\/a><\/div>\n<div><span class=\"text\">Hotline: <\/span><a class=\"text-is-phone-number\" data-z-element-type=\"phone-number\">0986.252.777<\/a><span class=\"text\"> website: <\/span><a class=\"text-is-link\" target=\"_blank\" rel=\"noopener noreferrer\" data-z-element-type=\"link\">https:\/\/laprovina.com<\/a><\/div>\n<div><strong style=\"color: #555555;\"><em>H\u00e3y g\u1ecdi cho ch\u00fang t\u00f4i ngay khi b\u1ea1n c\u1ea7n v\u1edbi gi\u00e1 t\u1ed1t nh\u1ea5t<\/em><\/strong><\/div>\n","protected":false},"excerpt":{"rendered":"<p>Kh\u0103n lau ph\u00f2ng s\u1ea1ch 1009 DLE Trong c\u00f4ng nghi\u1ec7p m\u00f4i tr\u01b0\u1eddng b\u1ee5i b\u1ea9n lu\u00f4n ti\u1ec1m \u1ea9n nhi\u1ec1u r\u1ee7i ro l\u1edbn, c\u00f3 th\u1ec3 \u1ea3nh h\u01b0\u1edbng t\u1edbi s\u1ea3n ph\u1ea9m v\u00e0 tr\u1ef1c ti\u1ebfp v\u1edbi nh\u1eefng ng\u01b0\u1eddi c\u00f4ng nh\u00e2n s\u1ea3n xu\u1ea5t. Y\u00eau c\u1ea7u ph\u00f2ng s\u1ea1ch \u0111\u01b0\u1ee3c \u0111\u1ec1 cao v\u1edbi nhi\u1ec1u s\u1ea3n ph\u1ea9m\u00a0kh\u0103n lau ph\u00f2ng s\u1ea1ch\u00a0\u0111\u01b0\u1ee3c tr\u00fa tr\u1ecdng. V\u1ea3i lau&#8230;<\/p>\n","protected":false},"featured_media":958,"comment_status":"open","ping_status":"closed","template":"","meta":{"_acf_changed":false},"product_brand":[],"product_cat":[62],"product_tag":[],"class_list":{"0":"post-957","1":"product","2":"type-product","3":"status-publish","4":"has-post-thumbnail","6":"product_cat-vai-lau-phong-sach","8":"first","9":"instock","10":"shipping-taxable","11":"product-type-simple"},"acf":[],"_links":{"self":[{"href":"https:\/\/laprovina.com\/index.php?rest_route=\/wp\/v2\/product\/957","targetHints":{"allow":["GET"]}}],"collection":[{"href":"https:\/\/laprovina.com\/index.php?rest_route=\/wp\/v2\/product"}],"about":[{"href":"https:\/\/laprovina.com\/index.php?rest_route=\/wp\/v2\/types\/product"}],"replies":[{"embeddable":true,"href":"https:\/\/laprovina.com\/index.php?rest_route=%2Fwp%2Fv2%2Fcomments&post=957"}],"wp:featuredmedia":[{"embeddable":true,"href":"https:\/\/laprovina.com\/index.php?rest_route=\/wp\/v2\/media\/958"}],"wp:attachment":[{"href":"https:\/\/laprovina.com\/index.php?rest_route=%2Fwp%2Fv2%2Fmedia&parent=957"}],"wp:term":[{"taxonomy":"product_brand","embeddable":true,"href":"https:\/\/laprovina.com\/index.php?rest_route=%2Fwp%2Fv2%2Fproduct_brand&post=957"},{"taxonomy":"product_cat","embeddable":true,"href":"https:\/\/laprovina.com\/index.php?rest_route=%2Fwp%2Fv2%2Fproduct_cat&post=957"},{"taxonomy":"product_tag","embeddable":true,"href":"https:\/\/laprovina.com\/index.php?rest_route=%2Fwp%2Fv2%2Fproduct_tag&post=957"}],"curies":[{"name":"wp","href":"https:\/\/api.w.org\/{rel}","templated":true}]}}