{"id":961,"date":"2024-04-11T07:12:13","date_gmt":"2024-04-11T07:12:13","guid":{"rendered":"https:\/\/laprovina.com\/?post_type=product&#038;p=961"},"modified":"2025-10-13T05:46:21","modified_gmt":"2025-10-13T05:46:21","slug":"cuon-giay-lau-may-smt","status":"publish","type":"product","link":"https:\/\/laprovina.com\/?product=cuon-giay-lau-may-smt","title":{"rendered":"CU\u1ed8N GI\u1ea4Y LAU M\u00c1Y SMT"},"content":{"rendered":"<h1 align=\"center\"><strong>Cu\u1ed9n gi\u1ea5y lau m\u00e1y SMT<\/strong><\/h1>\n<p>S\u1ea3n ph\u1ea9m\u00a0<strong>c<\/strong><em><strong>u\u1ed9n gi\u1ea5y lau m\u00e1y SMT<\/strong><\/em>\u00a0\u00a0\u0111\u01b0\u1ee3c s\u1eed d\u1ee5ng trong c\u00f4ng nghi\u1ec7p ph\u00f2ng s\u1ea1ch v\u1edbi nhi\u1ec1u lo\u1ea1i m\u00e1y kh\u00e1c nhau: m\u00e1y DEK, SONNY, SAMSUNG,YAMAHA \u00a0nh\u1eb1m lo\u1ea1i b\u1ecf c\u00e1c v\u1ebft b\u1ea9n tr\u00ean m\u00e1y in.<\/p>\n<p style=\"text-align: left;\"><strong><span class=\"text\">C\u00f4ng ty TNHH Lapro Vina <\/span><\/strong>ph\u00e2n ph\u1ed1i <strong>gi\u1ea5y lau m\u00e1y smt<\/strong>,\u00a0<b>cu\u1ed9n gi\u1ea5y lau m\u00e1y SMT,<\/b>\u00a0<strong>gi\u1ea5y lau khu\u00f4n in<\/strong>\u00a0v\u1edbi nhi\u1ec1u k\u00edch th\u01b0\u1edbc kh\u00e1c nhau, ch\u1ea5t li\u1ec7u gi\u1ea5y lau t\u1ed1t<\/p>\n<p><img decoding=\"async\" src=\"https:\/\/megaline.com.vn\/upload\/images\/giay%20lau%20may%20SMT.jpg\" alt=\"\" \/><\/p>\n<h2>Gi\u1ea5y lau khu\u00f4n in v\u1edbi c\u00e1c d\u00f2ng m\u00e1y<\/h2>\n<table border=\"1\" cellspacing=\"0\" cellpadding=\"0\">\n<tbody>\n<tr>\n<td><strong>T\u00ean m\u00e1y<\/strong><\/td>\n<td><strong>K\u00edch th\u01b0\u1edbc gi\u1ea5y<\/strong><\/td>\n<td><strong>\u0110\u01b0\u1eddng k\u00ednh l\u00f5i v\u00e0 k\u00edch th\u01b0\u1edbc l\u00f5i<\/strong><\/td>\n<\/tr>\n<tr>\n<td>MINAMI<\/td>\n<td>270mm*6m<\/td>\n<td>Plastic,\u03c68mm,290mm<\/td>\n<\/tr>\n<tr>\n<td rowspan=\"2\">EKRA<\/td>\n<td>300mm*7m<\/td>\n<td>Paper,\u03c613.5mm,400mm<\/td>\n<\/tr>\n<tr>\n<td>400mm*7m<\/td>\n<td>Paper,\u03c613.5mm,400mm<\/td>\n<\/tr>\n<tr>\n<td rowspan=\"3\">MPM<\/td>\n<td>250mm*10m<\/td>\n<td>Paper,\u03c619.5mm,455mm<\/td>\n<\/tr>\n<tr>\n<td>300mm*10m<\/td>\n<td>Paper,\u03c619.5mm,455mm<\/td>\n<\/tr>\n<tr>\n<td>450mm*10m<\/td>\n<td>Paper,\u03c619.5mm,455mm<\/td>\n<\/tr>\n<tr>\n<td rowspan=\"2\">Samsung<\/td>\n<td>400mm*10m<\/td>\n<td>Plastic,\u03c620mm,460mm<\/td>\n<\/tr>\n<tr>\n<td>400mm*10m<\/td>\n<td>Plastic,\u03c620mm,350mm<\/td>\n<\/tr>\n<tr>\n<td rowspan=\"2\">SONY<\/td>\n<td>260mm*20m<\/td>\n<td>Plastic,\u03c620mm,280mm<\/td>\n<\/tr>\n<tr>\n<td>260mm*17m<\/td>\n<td>Plastic,\u03c620mm,280mm<\/td>\n<\/tr>\n<tr>\n<td rowspan=\"3\">DEK<\/td>\n<td>400mm*9m<\/td>\n<td>Plastic,\u03c620mm,530mm<\/td>\n<\/tr>\n<tr>\n<td>490mm*9m<\/td>\n<td>Plastic,\u03c620mm,530mm<\/td>\n<\/tr>\n<tr>\n<td>510mm*10m<\/td>\n<td>Plastic,\u03c620mm,530mm<\/td>\n<\/tr>\n<\/tbody>\n<\/table>\n<h2>\u00b7\u00a0\u00a0\u00a0\u00a0\u00a0\u00a0\u00a0\u00a0\u00a0Chi ti\u1ebft\u00a0<em>Cu\u1ed9n gi\u1ea5y lau khu\u00f4n in<\/em><\/h2>\n<p>S\u1ea3n ph\u1ea9m cu\u1ed9n gi\u1ea5y lau m\u00e1y SMT\u00a0 (\u00a0<a href=\"http:\/\/megaline.com.vn\/cuon-giay-lau-may-smt-143.html\" target=\"_blank\" rel=\"noopener\">gi\u1ea5y lau m\u00e1y<\/a>\u00a0) \u0111\u01b0\u1ee3c chia l\u00e0m hai ph\u1ea7n:<\/p>\n<h4>\u00a01. Ph\u1ea7n l\u00f5i<\/h4>\n<p>&#8211; Cu\u1ed9n gi\u1ea5y lau m\u00e1y SMT<\/p>\n<p>&#8211; l\u00e0m b\u1eb1ng nh\u1ef1a, carton, core ph\u1ed5 bi\u1ebfn l\u00e0 19,5mm ho\u1eb7c 20mm<\/p>\n<h4>2. Ph\u1ea7n gi\u1ea5y<\/h4>\n<p>\u2013 Ph\u1ea7n gi\u1ea5y \u0111\u01b0\u1ee3c c\u1ea5u t\u1ea1o t\u1eeb 55% senlulo v\u00e0 45% polyeste tr\u1ecdng l\u01b0\u1ee3ng \u00a0ph\u1ed5 bi\u1ebfn 68mgs<\/p>\n<p>\u2013 K\u00edch th\u01b0\u1edbc: + Chi\u1ec1u d\u00e0i : 8m, 10m..<\/p>\n<p>+Chi\u1ec1u r\u1ed9ng\u00a0: 300mm, 360mm\u2026.<\/p>\n<p>Megaline l\u00e0 \u0111\u01a1n v\u1ecb chuy\u00ean cung c\u1ea5p c\u00e1c lo\u1ea1i\u00a0<strong>cu\u1ed9n gi\u1ea5y lau khu\u00f4n in<\/strong>,\u00a0<em>cu\u1ed9n gi\u1ea5y lau m\u00e1y SMT<\/em>\u00a0kh\u00e1c nhau theo y\u00eau c\u1ea7u c\u1ee7a kh\u00e1c h\u00e0ng.<\/p>\n<p align=\"center\"><em><strong>B\u1ea0N C\u1ea6N MUA S\u1ea2N PH\u1ea8M \u201d GI\u1ea4Y LAU M\u00c1Y SMT \u201c<\/strong><\/em><\/p>\n<p align=\"center\"><em><strong>CH\u00daNG T\u00d4I S\u1ebc B\u00c1O GI\u00c1 R\u1eba NH\u1ea4T !<\/strong><\/em><\/p>\n","protected":false},"excerpt":{"rendered":"<p>Cu\u1ed9n gi\u1ea5y lau m\u00e1y SMT S\u1ea3n ph\u1ea9m\u00a0cu\u1ed9n gi\u1ea5y lau m\u00e1y SMT\u00a0\u00a0\u0111\u01b0\u1ee3c s\u1eed d\u1ee5ng trong c\u00f4ng nghi\u1ec7p ph\u00f2ng s\u1ea1ch v\u1edbi nhi\u1ec1u lo\u1ea1i m\u00e1y kh\u00e1c nhau: m\u00e1y DEK, SONNY, SAMSUNG,YAMAHA \u00a0nh\u1eb1m lo\u1ea1i b\u1ecf c\u00e1c v\u1ebft b\u1ea9n tr\u00ean m\u00e1y in. C\u00f4ng ty TNHH Lapro Vina ph\u00e2n ph\u1ed1i gi\u1ea5y lau m\u00e1y smt,\u00a0cu\u1ed9n gi\u1ea5y lau m\u00e1y SMT,\u00a0gi\u1ea5y lau khu\u00f4n in\u00a0v\u1edbi&#8230;<\/p>\n","protected":false},"featured_media":962,"comment_status":"open","ping_status":"closed","template":"","meta":{"_acf_changed":false},"product_brand":[],"product_cat":[63],"product_tag":[],"class_list":{"0":"post-961","1":"product","2":"type-product","3":"status-publish","4":"has-post-thumbnail","6":"product_cat-cuon-giay-lau-may-smt","8":"first","9":"instock","10":"shipping-taxable","11":"product-type-simple"},"acf":[],"_links":{"self":[{"href":"https:\/\/laprovina.com\/index.php?rest_route=\/wp\/v2\/product\/961","targetHints":{"allow":["GET"]}}],"collection":[{"href":"https:\/\/laprovina.com\/index.php?rest_route=\/wp\/v2\/product"}],"about":[{"href":"https:\/\/laprovina.com\/index.php?rest_route=\/wp\/v2\/types\/product"}],"replies":[{"embeddable":true,"href":"https:\/\/laprovina.com\/index.php?rest_route=%2Fwp%2Fv2%2Fcomments&post=961"}],"wp:featuredmedia":[{"embeddable":true,"href":"https:\/\/laprovina.com\/index.php?rest_route=\/wp\/v2\/media\/962"}],"wp:attachment":[{"href":"https:\/\/laprovina.com\/index.php?rest_route=%2Fwp%2Fv2%2Fmedia&parent=961"}],"wp:term":[{"taxonomy":"product_brand","embeddable":true,"href":"https:\/\/laprovina.com\/index.php?rest_route=%2Fwp%2Fv2%2Fproduct_brand&post=961"},{"taxonomy":"product_cat","embeddable":true,"href":"https:\/\/laprovina.com\/index.php?rest_route=%2Fwp%2Fv2%2Fproduct_cat&post=961"},{"taxonomy":"product_tag","embeddable":true,"href":"https:\/\/laprovina.com\/index.php?rest_route=%2Fwp%2Fv2%2Fproduct_tag&post=961"}],"curies":[{"name":"wp","href":"https:\/\/api.w.org\/{rel}","templated":true}]}}