{"id":963,"date":"2024-04-11T07:14:55","date_gmt":"2024-04-11T07:14:55","guid":{"rendered":"https:\/\/laprovina.com\/?post_type=product&#038;p=963"},"modified":"2025-12-19T22:50:59","modified_gmt":"2025-12-19T22:50:59","slug":"giay-phong-sach","status":"publish","type":"product","link":"https:\/\/laprovina.com\/?product=giay-phong-sach","title":{"rendered":"GI\u1ea4Y PH\u00d2NG S\u1ea0CH"},"content":{"rendered":"<p><strong>TH\u00d4NG TIN V\u1ec0 GI\u1ea4Y PH\u00d2NG S\u1ea0CH<\/strong><\/p>\n<p>Gi\u1ea5y in ph\u00f2ng s\u1ea1ch KM\u00a0c\u1ea5u t\u1ea1o ho\u00e0n to\u00e0n t\u1eeb senluloser kh\u00f4ng b\u1ee5i, ch\u1ea5t l\u01b0\u1ee3ng t\u1ed1t. \u0110\u01b0\u1ee3c s\u1eed d\u1ee5ng trong c\u00e1c ng\u00e0nh c\u00f4ng nghi\u1ec7p ph\u00f2ng s\u1ea1ch, b\u00e1n d\u1eabn, y t\u1ebf, ph\u00f2ng nghi\u00ean c\u1ee9u\u2026 Gi\u1ea5y in ph\u00f2ng s\u1ea1ch\u00a0KM Clean \u0111\u01b0\u1ee3c s\u1ea3n xu\u1ea5t tr\u00ean d\u00e2y truy\u1ec1n c\u00f4ng ngh\u1ec7 ti\u00ean ti\u1ebfn nh\u1ea5t c\u1ee7a H\u00e0n Qu\u1ed1c, kh\u00f4ng g\u00e2y nh\u00f2e m\u1ef1c, lo\u1ea1i b\u1ecf b\u1ee5i t\u1ed1t trong qu\u00e1 tr\u00ecnh in, ph\u00f9 h\u1ee3p trong m\u00f4i tr\u01b0\u1eddng c\u00f3 y\u00eau c\u1ea7u cao v\u1ec1 ti\u00eau chu\u1ea9n ph\u00f2ng s\u1ea1ch.<\/p>\n<p><img decoding=\"async\" src=\"https:\/\/megaline.com.vn\/upload\/images\/giay-in-phong-sach-km-clean.jpg\" alt=\"gi\u1ea5y in ph\u00f2ng s\u1ea1ch KM\" \/><\/p>\n<h2><strong>Th\u00f4ng tin gi\u1ea5y in ph\u00f2ng s\u1ea1ch KM<\/strong><\/h2>\n<p>&#8211; Ch\u1ea5t li\u1ec7u: B\u1ed9t Senlulo<\/p>\n<p>&#8211; K\u00edch th\u01b0\u1edbc: A4<\/p>\n<p>&#8211; Tr\u1ecdng l\u01b0\u1ee3ng: 72g, 80g<\/p>\n<p>&#8211; M\u00e0u s\u1eafc: Tr\u1eafng, V\u00e0ng, Xanh, H\u1ed3ng&#8230;<\/p>\n<p>&#8211; \u0110\u00f3ng g\u00f3i: 250 t\u1edd\/ram<\/p>\n<p>&#8211; Xu\u1ea5t x\u1ee9: H\u00e0n Qu\u1ed1c, Trung Qu\u1ed1c<\/p>\n<p><img decoding=\"async\" src=\"https:\/\/megaline.com.vn\/upload\/images\/giay-in-phong-sach-km-clean-gia-re-nhat-tphcm.jpg\" alt=\"gi\u1ea5y in ph\u00f2ng s\u1ea1ch KM\" \/><\/p>\n<h2><strong>\u1ee8ng d\u1ee5ng gi\u1ea5y in ph\u00f2ng s\u1ea1ch KM Clean<\/strong><\/h2>\n<p>Gi\u1ea5y in ph\u00f2ng s\u1ea1ch\u00a0A4 KM Clean \u1ea3nh h\u01b0\u1edfng l\u1edbn trong m\u00f4i tr\u01b0\u1eddng ph\u00f2ng s\u1ea1ch theo ti\u00eau chu\u1ea9n cao, gi\u1ea5y in ph\u00f2ng s\u1ea1ch \u0111\u01b0\u1ee3c s\u1eed d\u1ee5ng nhi\u1ec1u nh\u1ea5t l\u00e0 c\u00f4ng nghi\u1ec7p, y t\u1ebf, khoa h\u1ecdc, nghi\u00ean c\u1ee9u.\u2026 Ngo\u00e0i ra, gi\u1ea5y in KM Clean c\u00f2n s\u1eed d\u1ee5ng r\u1ed9ng r\u00e3i t\u1ea1i tr\u01b0\u1eddng h\u1ecdc, qu\u00e1n photocpy\u2026 \u0110\u1ec3 \u0111\u1ea3m b\u1ea3o ch\u1ea5t l\u01b0\u1ee3ng gi\u1ea5y in v\u00e0 s\u1ee9c kh\u1ecfe cho m\u1ecdi ng\u01b0\u1eddi. S\u1eed d\u1ee5ng gi\u1ea5y in KM Clean b\u1ea3o v\u1ec7 cu\u1ed9c s\u1ed1ng c\u1ee7a ch\u00ednh b\u1ea1n.<\/p>\n<p>Gi\u1ea5y in ph\u00f2ng s\u1ea1ch KM Clean hi\u1ec7n nay c\u00f3 r\u1ea5t nhi\u1ec1u n\u1edbi b\u00e1n, nh\u01b0ng ch\u1ea5t l\u01b0\u1ee3ng gi\u1ea5y v\u00e0 ti\u00eau chu\u1ea9n ph\u00f2ng s\u1ea1ch c\u00f3 \u0111\u01b0\u1ee3c \u0111\u1ea3m b\u1ea3o. C\u00f3 khi s\u1eed d\u1ee5ng gi\u1ea5y in ph\u00f2ng s\u1ea1ch gi\u1ea3 c\u00f2n t\u00e1c \u0111\u1ed9ng l\u00e0m ch\u1ea5t l\u01b0\u1ee3ng ch\u1eef in b\u1ecb nh\u00f2e, b\u1ee5i gi\u1ea5y bay ra m\u00f4i tr\u01b0\u1eddng xung quanh, \u1ea3nh h\u01b0\u1edfng nghi\u00eam trong t\u1edbi s\u1ee9c kh\u1ecfe.<\/p>\n<p>C\u00f4ng ty TNHH Megaline \u0111\u00e3 h\u01a1n 10 n\u0103m l\u00e0 nh\u00e0 ph\u00e2n ph\u1ed1i\u00a0<a href=\"http:\/\/megaline.com.vn\/\" target=\"_blank\" rel=\"noopener\">thi\u1ebft b\u1ecb ph\u00f2ng s\u1ea1ch<\/a>\u00a0trong \u0111\u00f3 c\u00f3 gi\u1ea5y in ph\u00f2ng s\u1ea1ch KM Clean theo ti\u00eau chu\u1ea9n kh\u1eaft khe nh\u1ea5t, ch\u00fang t\u00f4i kh\u00f4ng ng\u1eebng t\u00ecm ki\u1ebfm nh\u1eefng s\u1ea3n ph\u1ea9m ph\u1ee5 tr\u1ee3 cho ng\u00e0nh c\u00f4ng nghi\u1ec7p ph\u00f2ng s\u1ea1ch nh\u1eefng s\u1ea3n ph\u1ea9m \u0111\u1ea1t chu\u1ea9n Ch\u00e2u \u00c2u. \u0110\u1ebfn v\u1edbi Megaline b\u1ea1n \u0111\u00e3 t\u00ecm \u0111\u01b0\u1ee3c k\u00eanh mua h\u00e0ng uy t\u00edn, ch\u1ea5t l\u01b0\u1ee3ng, gi\u00e1 r\u1ebb.<\/p>\n","protected":false},"excerpt":{"rendered":"<p>TH\u00d4NG TIN V\u1ec0 GI\u1ea4Y PH\u00d2NG S\u1ea0CH Gi\u1ea5y in ph\u00f2ng s\u1ea1ch KM\u00a0c\u1ea5u t\u1ea1o ho\u00e0n to\u00e0n t\u1eeb senluloser kh\u00f4ng b\u1ee5i, ch\u1ea5t l\u01b0\u1ee3ng t\u1ed1t. \u0110\u01b0\u1ee3c s\u1eed d\u1ee5ng trong c\u00e1c ng\u00e0nh c\u00f4ng nghi\u1ec7p ph\u00f2ng s\u1ea1ch, b\u00e1n d\u1eabn, y t\u1ebf, ph\u00f2ng nghi\u00ean c\u1ee9u\u2026 Gi\u1ea5y in ph\u00f2ng s\u1ea1ch\u00a0KM Clean \u0111\u01b0\u1ee3c s\u1ea3n xu\u1ea5t tr\u00ean d\u00e2y truy\u1ec1n c\u00f4ng ngh\u1ec7 ti\u00ean ti\u1ebfn nh\u1ea5t c\u1ee7a&#8230;<\/p>\n","protected":false},"featured_media":964,"comment_status":"open","ping_status":"closed","template":"","meta":{"_acf_changed":false},"product_brand":[],"product_cat":[64],"product_tag":[],"class_list":{"0":"post-963","1":"product","2":"type-product","3":"status-publish","4":"has-post-thumbnail","6":"product_cat-giay-va-so-phong-sach","8":"first","9":"instock","10":"shipping-taxable","11":"product-type-simple"},"acf":[],"_links":{"self":[{"href":"https:\/\/laprovina.com\/index.php?rest_route=\/wp\/v2\/product\/963","targetHints":{"allow":["GET"]}}],"collection":[{"href":"https:\/\/laprovina.com\/index.php?rest_route=\/wp\/v2\/product"}],"about":[{"href":"https:\/\/laprovina.com\/index.php?rest_route=\/wp\/v2\/types\/product"}],"replies":[{"embeddable":true,"href":"https:\/\/laprovina.com\/index.php?rest_route=%2Fwp%2Fv2%2Fcomments&post=963"}],"wp:featuredmedia":[{"embeddable":true,"href":"https:\/\/laprovina.com\/index.php?rest_route=\/wp\/v2\/media\/964"}],"wp:attachment":[{"href":"https:\/\/laprovina.com\/index.php?rest_route=%2Fwp%2Fv2%2Fmedia&parent=963"}],"wp:term":[{"taxonomy":"product_brand","embeddable":true,"href":"https:\/\/laprovina.com\/index.php?rest_route=%2Fwp%2Fv2%2Fproduct_brand&post=963"},{"taxonomy":"product_cat","embeddable":true,"href":"https:\/\/laprovina.com\/index.php?rest_route=%2Fwp%2Fv2%2Fproduct_cat&post=963"},{"taxonomy":"product_tag","embeddable":true,"href":"https:\/\/laprovina.com\/index.php?rest_route=%2Fwp%2Fv2%2Fproduct_tag&post=963"}],"curies":[{"name":"wp","href":"https:\/\/api.w.org\/{rel}","templated":true}]}}