{"id":967,"date":"2024-04-11T07:22:39","date_gmt":"2024-04-11T07:22:39","guid":{"rendered":"https:\/\/laprovina.com\/?post_type=product&#038;p=967"},"modified":"2025-10-13T05:45:48","modified_gmt":"2025-10-13T05:45:48","slug":"bang-dinh-noi-lieu-chuyen-cho-samsung","status":"publish","type":"product","link":"https:\/\/laprovina.com\/?product=bang-dinh-noi-lieu-chuyen-cho-samsung","title":{"rendered":"B\u0102NG D\u00cdNH N\u1ed0I LI\u1ec6U CHUY\u00caN CHO SAMSUNG"},"content":{"rendered":"<p><strong>B\u0103ng d\u00ednh n\u1ed1i li\u1ec7u chuy\u00ean d\u1ee5ng cho Sam Sung<\/strong><\/p>\n<table border=\"1\" width=\"776\" cellspacing=\"0\" cellpadding=\"0\">\n<tbody>\n<tr>\n<td rowspan=\"2\">25 Series<\/td>\n<td rowspan=\"2\">P\/N<\/td>\n<td rowspan=\"2\">Description<\/td>\n<td rowspan=\"2\">Specification<\/td>\n<td rowspan=\"2\">Packing<\/td>\n<\/tr>\n<tr>\n<td rowspan=\"6\">SMT Special Splice tape<\/td>\n<td>SMS2508<\/td>\n<td>Placement by an additional strip, (4.5+3.5+3)*48,4.5 means light-green<\/td>\n<td>For 8mm carrier tape<\/td>\n<td>500pcs\/box<\/td>\n<\/tr>\n<tr>\n<td>SMS2512<\/td>\n<td>Matt-black tape (Anti-static), Placement by an additional strip (3.5+8)*48,8 means light-green<\/td>\n<td>For 12mm carrier tape<\/td>\n<td>500pcs\/box<\/td>\n<\/tr>\n<tr>\n<td>SMS2516<\/td>\n<td>Matt-black tape (Anti-static), Placement by an additional strip 3.5+12)*48,12 means light-green<\/td>\n<td>For 16mm carrier tape<\/td>\n<td>500pcs\/box<\/td>\n<\/tr>\n<tr>\n<td>SMS2524<\/td>\n<td>Matt-black tape (Anti-static), Placement by an additional strip 3.5+19.5)*48,19.5 means light-green<\/td>\n<td>For 24mm carrier tape<\/td>\n<td>250pcs\/box<\/td>\n<\/tr>\n<tr>\n<td>SMS2532<\/td>\n<td>Matt-black tape (Anti-static), Placement by an additional strip,(3.5+25)*48,25 means light-green<\/td>\n<td>For 32mm carrier tape<\/td>\n<td>250pcs\/box<\/td>\n<\/tr>\n<tr>\n<td>SMS2544<\/td>\n<td>Matt-black tape (Anti-static), Placement by an additional strip,(3.5+32)*48,32 means light-green<\/td>\n<td>For 44mm carrier tape<\/td>\n<td>250pcs\/box<\/td>\n<\/tr>\n<\/tbody>\n<\/table>\n","protected":false},"excerpt":{"rendered":"<p>B\u0103ng d\u00ednh n\u1ed1i li\u1ec7u chuy\u00ean d\u1ee5ng cho Sam Sung 25 Series P\/N Description Specification Packing SMT Special Splice tape SMS2508 Placement by an additional strip, (4.5+3.5+3)*48,4.5 means light-green For 8mm carrier tape 500pcs\/box SMS2512 Matt-black tape (Anti-static), Placement by an additional strip (3.5+8)*48,8 means light-green For 12mm carrier tape 500pcs\/box SMS2516 Matt-black tape (Anti-static), Placement&#8230;<\/p>\n","protected":false},"featured_media":968,"comment_status":"open","ping_status":"closed","template":"","meta":{"_acf_changed":false},"product_brand":[],"product_cat":[66],"product_tag":[],"class_list":{"0":"post-967","1":"product","2":"type-product","3":"status-publish","4":"has-post-thumbnail","6":"product_cat-bang-dinh-noi-lieu-smt","8":"first","9":"instock","10":"shipping-taxable","11":"product-type-simple"},"acf":[],"_links":{"self":[{"href":"https:\/\/laprovina.com\/index.php?rest_route=\/wp\/v2\/product\/967","targetHints":{"allow":["GET"]}}],"collection":[{"href":"https:\/\/laprovina.com\/index.php?rest_route=\/wp\/v2\/product"}],"about":[{"href":"https:\/\/laprovina.com\/index.php?rest_route=\/wp\/v2\/types\/product"}],"replies":[{"embeddable":true,"href":"https:\/\/laprovina.com\/index.php?rest_route=%2Fwp%2Fv2%2Fcomments&post=967"}],"wp:featuredmedia":[{"embeddable":true,"href":"https:\/\/laprovina.com\/index.php?rest_route=\/wp\/v2\/media\/968"}],"wp:attachment":[{"href":"https:\/\/laprovina.com\/index.php?rest_route=%2Fwp%2Fv2%2Fmedia&parent=967"}],"wp:term":[{"taxonomy":"product_brand","embeddable":true,"href":"https:\/\/laprovina.com\/index.php?rest_route=%2Fwp%2Fv2%2Fproduct_brand&post=967"},{"taxonomy":"product_cat","embeddable":true,"href":"https:\/\/laprovina.com\/index.php?rest_route=%2Fwp%2Fv2%2Fproduct_cat&post=967"},{"taxonomy":"product_tag","embeddable":true,"href":"https:\/\/laprovina.com\/index.php?rest_route=%2Fwp%2Fv2%2Fproduct_tag&post=967"}],"curies":[{"name":"wp","href":"https:\/\/api.w.org\/{rel}","templated":true}]}}