{"id":973,"date":"2024-04-11T07:35:31","date_gmt":"2024-04-11T07:35:31","guid":{"rendered":"https:\/\/laprovina.com\/?post_type=product&#038;p=973"},"modified":"2025-10-13T05:45:25","modified_gmt":"2025-10-13T05:45:25","slug":"bang-dinh-chiu-nhiet-silicone-mau-xanh","status":"publish","type":"product","link":"https:\/\/laprovina.com\/?product=bang-dinh-chiu-nhiet-silicone-mau-xanh","title":{"rendered":"B\u0102NG D\u00cdNH CH\u1ecaU NHI\u1ec6T SILICONE M\u00c0U XANH"},"content":{"rendered":"<h1>B\u0103ng d\u00ednh ch\u1ecbu nhi\u1ec7t silicone m\u00e0u xanh<\/h1>\n<p>Chuy\u00ean cung c\u1ea5p\u00a0<strong>b\u0103ng d\u00ednh silicone ch\u1ecbu nhi\u1ec7t<\/strong>, b\u0103ng d\u00ednh ch\u1ecbu nhi\u1ec7t silicone, b\u0103ng keo ch\u1ecbu nhi\u1ec7t silicone ch\u1ecbu \u0111\u01b0\u1ee3c \u1edf nhi\u1ec7t \u0111\u1ed9 g\u1ea7n 300 o C, l\u1edbp keo b\u00e1m d\u00ednh t\u1ed1t, gi\u00e1 ph\u00e2n ph\u1ed1i r\u1ebb nh\u1ea5t.<\/p>\n<h2>\u00b7\u00a0\u00a0\u00a0\u00a0\u00a0\u00a0\u00a0\u00a0\u00a0<strong>S\u1ea3n ph\u1ea9m b\u0103ng d\u00ednh nhi\u1ec7t silicone:<\/strong><\/h2>\n<p>Keo silicone ch\u1ecbu nhi\u1ec7t l\u00e0 d\u00f2ng keo nhi\u1ec7t chuy\u00ean d\u1ee5ng trong m\u1ed9t s\u1ed1 l\u0129nh v\u1ef1c c\u00f4ng nghi\u1ec7p hi\u1ec7n nay, \u0111\u01b0\u1ee3c s\u1ea3n xu\u1ea5t t\u1eeb silicon nguy\u00ean sinh, ph\u1ee5 gia v\u00e0 ch\u1ea5t x\u00fac t\u00e1c \u0111\u1eb7c bi\u1ec7t. T\u00ednh ch\u1ea5t keo c\u1ee7a b\u0103ng keo silicone ch\u1ecbu nhi\u1ec7t c\u00f3 d\u1ea1ng h\u1ed3. M\u1ed9t s\u1ed1 lo\u1ea1i b\u0103ng d\u00ednh ch\u1ecbu nhi\u1ec7t<strong>\u00a0<\/strong>hay\u00a0<em>b\u0103ng keo nhi\u1ec7t hi\u1ec7n nay<\/em>\u00a0kh\u00f4ng c\u00f3 ngu\u1ed3n g\u1ed1c xu\u1ea5t x\u1ee9 r\u00f5 r\u00e0ng s\u1ebd b\u1ecb \u1ea3nh h\u01b0\u1edfng nhi\u1ec1u t\u1edbi s\u1ea3n ph\u1ea9m, Keo silicone ch\u1ecbu nhi\u1ec7t c\u1ee7a ch\u00fang t\u00f4i cung c\u1ea5p ch\u1ea5t l\u01b0\u1ee3ng t\u1ed1t\u00a0 kh\u00f4ng b\u1ecb h\u00f2a tan, kh\u00f4ng b\u1ecb \u0103n m\u00f2n, kh\u00f4ng b\u1ecb \u1ed1 m\u00e0u, ch\u1ecbu nhi\u1ec7t t\u1ed1t g\u1ea7n m\u1ee9c 300 o C .<\/p>\n<p><img decoding=\"async\" src=\"https:\/\/megaline.com.vn\/upload\/images\/bang%20dinh%20chiu%20nhiet%20silicone%201%20m%E1%BA%B7t.jpg\" alt=\"\" \/><img loading=\"lazy\" decoding=\"async\" class=\"aligncenter size-full wp-image-974\" src=\"https:\/\/laprovina.com\/wp-content\/uploads\/2024\/04\/bang-dinh-xanh.jpg\" alt=\"\" width=\"800\" height=\"788\" srcset=\"https:\/\/laprovina.com\/wp-content\/uploads\/2024\/04\/bang-dinh-xanh.jpg 800w, https:\/\/laprovina.com\/wp-content\/uploads\/2024\/04\/bang-dinh-xanh-600x591.jpg 600w, https:\/\/laprovina.com\/wp-content\/uploads\/2024\/04\/bang-dinh-xanh-100x100.jpg 100w\" sizes=\"auto, (max-width: 800px) 100vw, 800px\" \/><\/p>\n<p><em>B\u0103ng d\u00ednh keo silicone ch\u1ecbu nhi\u1ec7t<\/em><\/p>\n<h2><strong>Th\u00f4ng s\u1ed1 k\u1ef9 thu\u1eadt b\u0103ng d\u00ednh silicone ch\u1ecbu\u00a0 nhi\u1ec7t:<\/strong><\/h2>\n<p>&#8211; Lo\u1ea1i b\u0103ng keo: 1 m\u1eb7t d\u00ednh<\/p>\n<p>&#8211; Ch\u1ea5t d\u00ednh keo: silicone nguy\u00ean sinh<\/p>\n<p>&#8211; size : 3mm*20m; 5mm*20m<\/p>\n<p>&#8211; Ch\u1ecbu \u0111\u01b0\u1ee3c nhi\u1ec7t \u0111\u1ed9: 268 C\/30 ph\u00fat<\/p>\n<p>&#8211; M\u00e0u s\u1eafc: v\u00e0ng\u2026<\/p>\n<p>\u0110i\u1ec3m n\u1ed5i b\u1eadt trong d\u00f2ng s\u1ea3n ph\u1ea9m\u00a0<em><strong>b\u0103ng d\u00ednh keo ch\u1ecbu nhi\u1ec7t silicone<\/strong><\/em>\u00a0l\u00e0 \u1edf kh\u1eb3 n\u0103ng ch\u1ed1ng ch\u1ecbu b\u00e1m d\u00ednh t\u1ed1t ch\u1ecbu \u0111\u01b0\u1ee3c th\u1eddi ti\u1ebft \u1edf Vi\u1ec7t Nam, h\u01a1n n\u1eefa tia c\u1ef1c t\u00edm v\u00e0 n\u01b0\u1edbc c\u0169ng kh\u00f4ng b\u1ecb \u1ea3nh h\u01b0\u1edfng. Ngo\u00e0i ra, b\u0103ng keo c\u00f3 t\u00ednh d\u1ebbo dai v\u00e0 \u0111\u1ed9 \u0111\u00e0n h\u1ed3i kh\u00e1 t\u1ed1t, th\u1eddi gian s\u1eed d\u1ee5ng c\u1ee7a keo silicone l\u00e2u.<\/p>\n<p><img decoding=\"async\" src=\"http:\/\/namlan.com.vn\/uploads\/files\/b%C4%83ng%20d%C3%ADnh%20silicone%20m%C3%A0u%20xanh(1).jpg\" alt=\"\" \/><\/p>\n<p><em>L\u1edbp b\u0103ng keo silicone ch\u1ecbu nhi\u1ec7t<\/em><\/p>\n<h2><strong>M\u00f4i tr\u01b0\u1eddng s\u1eed d\u1ee5ng b\u0103ng keo nhi\u1ec7t silicone:<\/strong><\/h2>\n<p>Keo silicone ch\u1ecbu nhi\u1ec7t ph\u00f9 h\u1ee3p v\u1edbi ph\u00e1t tri\u1ec3n c\u00f4ng nghi\u1ec7p v\u00e0 \u0111\u01b0\u1ee3c s\u1eed d\u1ee5ng trong d\u00e2y chuy\u1ec1n s\u1ea3n xu\u1ea5t\u00a0 hi\u1ec7n nay, b\u0103ng d\u00ednh ch\u1ecbu nhi\u1ec7t silicone s\u1eed d\u1ee5ng trong nhi\u1ec1u ng\u00e0nh\u00a0 nh\u01b0:\u00a0 x\u00e2y d\u1ef1ng, s\u1ea3n xu\u1ea5t\u00a0 \u0111i\u1ec7n t\u1eed, b\u00e1n d\u1eabn\u2026<\/p>\n<h2>Nh\u00e0 cung c\u1ea5p b\u0103ng d\u00ednh silicone ch\u1ecbu nhi\u1ec7t :<\/h2>\n<p>C\u00f4ng ty TNHH Lapro Vina nh\u00e0 cung c\u1ea5p c\u00e1c lo\u1ea1i s\u1ea3n ph\u1ea9m <strong>ch\u1ed1ng t\u0129nh \u0111i\u1ec7n<\/strong>,\u00a0<strong>ph\u00f2ng s\u1ea1ch,<\/strong>\u00a0<b>b\u1ea3o h\u1ed9 lao \u0111\u1ed9ng\u00a0<\/b>v\u1edbi c\u00e1c s\u1ea3n ph\u1ea9m\u00a0b\u0103ng d\u00ednh ch\u1ecbu nhi\u1ec7t, b\u0103ng d\u00ednh silicone ch\u1ecbu \u0111\u01b0\u1ee3c \u1edf nhi\u1ec7t \u0111\u1ed9 cao,\u00a0 v\u1edbi nhi\u1ec1u m\u1eabu m\u00e3, k\u00edch th\u01b0\u1edbc \u0111a d\u1ea1ng kh\u00e1c nhau, m\u1ee9c gi\u00e1 c\u1ea1nh tranh chi\u1ebft kh\u1ea5u t\u1ed1t nh\u1ea5t v\u00e0 h\u01b0\u1edbng t\u1edbi ng\u01b0\u1eddi ti\u00eau d\u00f9ng. Ngo\u00e0i ra, ch\u00fang t\u00f4i c\u00f2n nh\u1eadn \u0111\u1eb7t c\u00e1c lo\u1ea1i s\u1ea3n ph\u1ea9m\u00a0<strong><em>b\u0103ng d\u00ednh ch\u1ecbu nhi\u1ec7t silicone<\/em><\/strong>,\u00a0<strong><em>b\u0103ng keo silicone ch\u1ecbu nhi\u1ec7t<\/em><\/strong>\u00a0theo y\u00eau c\u1ea7u thi\u1ebft k\u1ebf v\u1ec1 k\u00edch th\u01b0\u1edbc ri\u00eang c\u1ee7a t\u1eebng kh\u00e1ch h\u00e0ng.<\/p>\n<p><em><strong>H\u00e3y g\u1ecdi cho ch\u00fang t\u00f4i ngay khi b\u1ea1n c\u1ea7n v\u1edbi gi\u00e1 t\u1ed1t nh\u1ea5t<\/strong><\/em><\/p>\n","protected":false},"excerpt":{"rendered":"<p>B\u0103ng d\u00ednh ch\u1ecbu nhi\u1ec7t silicone m\u00e0u xanh Chuy\u00ean cung c\u1ea5p\u00a0b\u0103ng d\u00ednh silicone ch\u1ecbu nhi\u1ec7t, b\u0103ng d\u00ednh ch\u1ecbu nhi\u1ec7t silicone, b\u0103ng keo ch\u1ecbu nhi\u1ec7t silicone ch\u1ecbu \u0111\u01b0\u1ee3c \u1edf nhi\u1ec7t \u0111\u1ed9 g\u1ea7n 300 o C, l\u1edbp keo b\u00e1m d\u00ednh t\u1ed1t, gi\u00e1 ph\u00e2n ph\u1ed1i r\u1ebb nh\u1ea5t. \u00b7\u00a0\u00a0\u00a0\u00a0\u00a0\u00a0\u00a0\u00a0\u00a0S\u1ea3n ph\u1ea9m b\u0103ng d\u00ednh nhi\u1ec7t silicone: Keo silicone ch\u1ecbu nhi\u1ec7t l\u00e0 d\u00f2ng&#8230;<\/p>\n","protected":false},"featured_media":974,"comment_status":"open","ping_status":"closed","template":"","meta":{"_acf_changed":false},"product_brand":[],"product_cat":[67],"product_tag":[],"class_list":{"0":"post-973","1":"product","2":"type-product","3":"status-publish","4":"has-post-thumbnail","6":"product_cat-bang-dinh-chiu-nhiet-silicone","8":"first","9":"instock","10":"shipping-taxable","11":"product-type-simple"},"acf":[],"_links":{"self":[{"href":"https:\/\/laprovina.com\/index.php?rest_route=\/wp\/v2\/product\/973","targetHints":{"allow":["GET"]}}],"collection":[{"href":"https:\/\/laprovina.com\/index.php?rest_route=\/wp\/v2\/product"}],"about":[{"href":"https:\/\/laprovina.com\/index.php?rest_route=\/wp\/v2\/types\/product"}],"replies":[{"embeddable":true,"href":"https:\/\/laprovina.com\/index.php?rest_route=%2Fwp%2Fv2%2Fcomments&post=973"}],"wp:featuredmedia":[{"embeddable":true,"href":"https:\/\/laprovina.com\/index.php?rest_route=\/wp\/v2\/media\/974"}],"wp:attachment":[{"href":"https:\/\/laprovina.com\/index.php?rest_route=%2Fwp%2Fv2%2Fmedia&parent=973"}],"wp:term":[{"taxonomy":"product_brand","embeddable":true,"href":"https:\/\/laprovina.com\/index.php?rest_route=%2Fwp%2Fv2%2Fproduct_brand&post=973"},{"taxonomy":"product_cat","embeddable":true,"href":"https:\/\/laprovina.com\/index.php?rest_route=%2Fwp%2Fv2%2Fproduct_cat&post=973"},{"taxonomy":"product_tag","embeddable":true,"href":"https:\/\/laprovina.com\/index.php?rest_route=%2Fwp%2Fv2%2Fproduct_tag&post=973"}],"curies":[{"name":"wp","href":"https:\/\/api.w.org\/{rel}","templated":true}]}}