{"id":975,"date":"2024-04-11T07:38:40","date_gmt":"2024-04-11T07:38:40","guid":{"rendered":"https:\/\/laprovina.com\/?post_type=product&#038;p=975"},"modified":"2025-10-13T05:44:51","modified_gmt":"2025-10-13T05:44:51","slug":"bang-dinh-chiu-nhiet-kapton","status":"publish","type":"product","link":"https:\/\/laprovina.com\/?product=bang-dinh-chiu-nhiet-kapton","title":{"rendered":"B\u0102NG D\u00cdNH CH\u1ecaU NHI\u1ec6T KAPTON"},"content":{"rendered":"<p><strong>B\u0103ng d\u00ednh Kapton<\/strong><\/p>\n<p>Trong ng\u00e0nh c\u00f4ng nghi\u1ec7p \u0111i\u1ec7n t\u1eed ng\u00e0y nay, vi\u1ec7c l\u1eafp r\u00e1p c\u00e1c linh ki\u1ec7n \u0111i\u1ec7n t\u1eed v\u1edbi m\u1ee9c \u0111\u1ed9 nhi\u1ec7t \u0111\u1ed9 h\u00e0n l\u1edbn c\u00f9ng v\u1edbi s\u1ef1a l\u1ef1a ch\u1ecdn ch\u1ea5t d\u00ednh k\u1ebft n\u1ed1i ph\u1ea3i ph\u00f9 h\u1ee3p. B\u0103ng d\u00ednh kapton \u0111\u00e3 \u0111\u00e1p \u1ee9ng qua nhi\u1ec1u c\u1ea5p nhi\u1ec7t \u0111\u1ed9 kh\u00e1c nhau \u0111em \u0111\u1ebfn m\u1ed9t s\u1ef1 l\u1ef1a ch\u1ecdn tuy\u1ec7t v\u1eddi. Hi\u1ec7n nay b\u0103ng d\u00ednh ch\u1ecbu nhi\u1ec7t kapton cung l\u00e0 1 trong nh\u1eefng s\u1ea3n ph\u1ea9m s\u1eed d\u1ee5ng h\u1ea7u h\u1ebft \u1edf c\u00e1c nh\u00e0 m\u00e1y \u0111i\u1ec7n t\u1eed.<\/p>\n<h2><strong>B\u0103ng d\u00ednh ch\u1ecbu nhi\u1ec7t Kapton c\u00f3 c\u00e1c \u0111\u1eb7c \u0111i\u1ec3m<\/strong><\/h2>\n<p>+ \u0110\u01b0\u1ee3c l\u00e0m t\u1eeb ch\u1ea5t li\u1ec7u polyester b\u1ec1n, dai<\/p>\n<p>+ M\u00e0u s\u1eafc: m\u00e0u \u0111\u1ed3ng<\/p>\n<p>+ K\u00edch th\u01b0\u1edbc: 20mm x 33m<\/p>\n<p>+ T\u00ednh n\u0103ng: Ch\u1ecbu nhi\u1ec7t \u0111\u1ed9<\/p>\n<p>+ Lo\u1ea1i: b\u0103ng d\u00ednh m\u1ed9t m\u1eb7t<\/p>\n<p>+ H\u00e3ng s\u1ea3n xu\u1ea5t: Kapton<\/p>\n<h2><strong>\u01afu \u0111i\u1ec3m c\u1ee7a vi\u1ec7c s\u1eed d\u1ee5ng b\u0103ng d\u00ednh Kapton\u00a0<\/strong><\/h2>\n<p>&#8211; N\u00e2ng cao hi\u1ec7u qu\u1ea3 s\u1ea3n xu\u1ea5t, tr\u00e1nh hi\u1ec7n t\u01b0\u1ee3ng d\u1eebng n\u1ed1i li\u1ec7u<\/p>\n<p>&#8211; Kh\u00f4ng l\u00e3ng ph\u00ed nguy\u00ean li\u1ec7u, t\u1eadn d\u1ee5ng s\u1eed d\u1ee5ng \u0111\u01b0\u1ee3c c\u1ea3 nh\u1eefng nguy\u00ean li\u1ec7u v\u1ee5n v\u1eb7t, nh\u1ecf nh\u1eafn<\/p>\n<p>&#8211; Tr\u00e1nh \u0111\u01b0\u1ee3c hi\u1ec7n t\u01b0\u1ee3ng m\u00e1y m\u00f3c ph\u1ea3i d\u1eebng ho\u1ea1t \u0111\u1ed9ng nhi\u1ec1u l\u1ea7n<\/p>\n<p>&#8211; Kh\u00f4ng ph\u1ea3i \u0111\u00f3ng m\u1edfl\u1eafp m\u00e1y nhi\u1ec1u l\u1ea7n, tr\u00e1nh x\u1ea3y ra c\u00e1c s\u1ef1 c\u1ed1 ph\u00e1t sinh.<\/p>\n<p><img decoding=\"async\" src=\"https:\/\/megaline.com.vn\/upload\/images\/bang-dinh-kapton-chiu-nhiet.jpg\" alt=\"B\u0103ng d\u00ednh ch\u1ecbu nhi\u1ec7t kapton\" \/><\/p>\n<p><strong><em>\u0110\u1eb7c \u0111i\u1ec3m k\u1ef9 thu\u1eadt:<\/em><\/strong><\/p>\n<p>1. Ba m\u00e0u s\u1eafc: v\u00e0ng, m\u00e0u xanh, \u0111en.<\/p>\n<p>2. thi\u1ebft l\u1eadp m\u00e0 kh\u00f4ng c\u1ea7n s\u1eed d\u1ee5ng c\u00e1c kho\u1ea3n vi\u1ec7n tr\u1ee3 \u0111\u1ec3 n\u00e2ng cao hi\u1ec7u qu\u1ea3 quy tr\u00ecnh v\u00e0 gi\u1ea3i ph\u00e1p n\u1ed1i kinh t\u1ebf nh\u1ea5t.<\/p>\n<p>3. C\u1ea5u tr\u00fac: hai b\u0103ng g\u1ed3m hai c\u1ea1nh \u00e1p l\u1ef1c l\u1ed7 \u0111\u1ecbnh v\u1ecb s\u1ea3n ph\u1ea9m.<\/p>\n<p>B\u0103ng d\u00ednh ch\u1ecbu nhi\u1ec7t Kapton 20mm l\u00e0 m\u1ed9t lo\u1ea1i b\u0103ng d\u00ednh \u0111\u1eb7c bi\u1ec7t v\u1edbi nhi\u1ec1u \u0111\u1eb7c \u0111i\u1ec3m v\u00e0 c\u00f4ng d\u1ee5ng h\u1eefu \u00edch gi\u00fap cho vi\u1ec7c s\u1eed d\u1ee5ng d\u1ec5 d\u00e0ng h\u01a1n v\u00e0 c\u00f4ng vi\u1ec7c c\u1ee7a ng\u01b0\u1eddi lao \u0111\u1ed9ng \u0111\u01a1n gi\u1ea3n h\u01a1n, n\u00e2ng cao n\u0103ng su\u1ea5t lao \u0111\u1ed9ng. S\u1ea3n ph\u1ea9m d\u1ec5 d\u00e0ng \u0111\u1ec3 ho\u1ea1t \u0111\u1ed9ng, ti\u1ebft ki\u1ec7m lao \u0111\u1ed9ng. S\u1ea3n ph\u1ea9m c\u00f3 \u0111\u1ed9 tin c\u1eady m\u1ea1nhv\u00e0 c\u00f3 \u0111\u1ed9 ch\u00ednh x\u00e1c cao. V\u00e0 b\u0103ng d\u00ednh ch\u1ecbu nhi\u1ec7t n\u00e0y s\u1eed d\u1ee5ng \u0111\u1ea7y \u0111\u1ee7 c\u00e1c v\u1eadt li\u1ec7u d\u01b0 th\u1eeba.<\/p>\n","protected":false},"excerpt":{"rendered":"<p>B\u0103ng d\u00ednh Kapton Trong ng\u00e0nh c\u00f4ng nghi\u1ec7p \u0111i\u1ec7n t\u1eed ng\u00e0y nay, vi\u1ec7c l\u1eafp r\u00e1p c\u00e1c linh ki\u1ec7n \u0111i\u1ec7n t\u1eed v\u1edbi m\u1ee9c \u0111\u1ed9 nhi\u1ec7t \u0111\u1ed9 h\u00e0n l\u1edbn c\u00f9ng v\u1edbi s\u1ef1a l\u1ef1a ch\u1ecdn ch\u1ea5t d\u00ednh k\u1ebft n\u1ed1i ph\u1ea3i ph\u00f9 h\u1ee3p. B\u0103ng d\u00ednh kapton \u0111\u00e3 \u0111\u00e1p \u1ee9ng qua nhi\u1ec1u c\u1ea5p nhi\u1ec7t \u0111\u1ed9 kh\u00e1c nhau \u0111em \u0111\u1ebfn m\u1ed9t s\u1ef1&#8230;<\/p>\n","protected":false},"featured_media":976,"comment_status":"open","ping_status":"closed","template":"","meta":{"_acf_changed":false},"product_brand":[],"product_cat":[68],"product_tag":[],"class_list":{"0":"post-975","1":"product","2":"type-product","3":"status-publish","4":"has-post-thumbnail","6":"product_cat-bang-dinh-chiu-nhiet-kapton","8":"first","9":"instock","10":"shipping-taxable","11":"product-type-simple"},"acf":[],"_links":{"self":[{"href":"https:\/\/laprovina.com\/index.php?rest_route=\/wp\/v2\/product\/975","targetHints":{"allow":["GET"]}}],"collection":[{"href":"https:\/\/laprovina.com\/index.php?rest_route=\/wp\/v2\/product"}],"about":[{"href":"https:\/\/laprovina.com\/index.php?rest_route=\/wp\/v2\/types\/product"}],"replies":[{"embeddable":true,"href":"https:\/\/laprovina.com\/index.php?rest_route=%2Fwp%2Fv2%2Fcomments&post=975"}],"wp:featuredmedia":[{"embeddable":true,"href":"https:\/\/laprovina.com\/index.php?rest_route=\/wp\/v2\/media\/976"}],"wp:attachment":[{"href":"https:\/\/laprovina.com\/index.php?rest_route=%2Fwp%2Fv2%2Fmedia&parent=975"}],"wp:term":[{"taxonomy":"product_brand","embeddable":true,"href":"https:\/\/laprovina.com\/index.php?rest_route=%2Fwp%2Fv2%2Fproduct_brand&post=975"},{"taxonomy":"product_cat","embeddable":true,"href":"https:\/\/laprovina.com\/index.php?rest_route=%2Fwp%2Fv2%2Fproduct_cat&post=975"},{"taxonomy":"product_tag","embeddable":true,"href":"https:\/\/laprovina.com\/index.php?rest_route=%2Fwp%2Fv2%2Fproduct_tag&post=975"}],"curies":[{"name":"wp","href":"https:\/\/api.w.org\/{rel}","templated":true}]}}