{"id":978,"date":"2024-04-11T07:41:32","date_gmt":"2024-04-11T07:41:32","guid":{"rendered":"https:\/\/laprovina.com\/?post_type=product&#038;p=978"},"modified":"2025-12-19T22:52:43","modified_gmt":"2025-12-19T22:52:43","slug":"tam-bong-huby-340","status":"publish","type":"product","link":"https:\/\/laprovina.com\/?product=tam-bong-huby-340","title":{"rendered":"T\u0102M B\u00d4NG HUBY 340"},"content":{"rendered":"<p><strong>T\u0103m b\u00f4ng ph\u00f2ng s\u1ea1ch Huby 340<\/strong><\/p>\n<p>T\u0103m b\u00f4ng ph\u00f2ng s\u1ea1ch Huby 340 l\u00e0 s\u1ea3n ph\u1ea9m thi\u1ebft y\u1ebfu trong c\u00e1c ng\u00e0nh c\u00f4ng nghi\u1ec7p \u0111i\u1ec7n t\u1eed hi\u1ec7n nay. Trong nh\u1eefng v\u1eadt t\u01b0 ph\u1ee5c v\u1ee5 ng\u00e0nh c\u00f4ng nghi\u1ec7p ph\u00f2ng s\u1ea1ch th\u00ec t\u0103m b\u00f4ng huby \u0111\u01b0\u1ee3c b\u00e1n nhi\u1ec1u nh\u1ea5t. S\u1ea3n ph\u1ea9m t\u0103m b\u00f4ng ph\u00f2ng s\u1ea1ch \u0111\u01b0\u1ee3c ph\u00e2n ph\u1ed1i t\u1ea1i Megaline v\u00e0 giao h\u00e0ng to\u00e0n qu\u1ed1c.<\/p>\n<h2><strong>\u1ee8ng d\u1ee5ng t\u0103m b\u00f4ng ph\u00f2ng s\u1ea1ch Huby 340<\/strong><\/h2>\n<p>T\u0103m b\u00f4ng ph\u00f2ng s\u1ea1ch Huby l\u00e0 s\u1ea3n ph\u1ea9m, v\u1eadt t\u01b0 \u0111\u01b0\u1ee3c thi\u1ebft k\u1ebf theo ti\u00eau chu\u1ea9n trong ph\u00f2ng s\u1ea1ch to\u00e0n c\u1ea7u. S\u1eed d\u1ee5ng d\u00e2y truy\u1ec1n c\u00f4ng ngh\u1ec7 hi\u1ec7n \u0111\u1ea1i \u0111em \u0111\u1ebfn nh\u1eefng s\u1ea3n ph\u1ea9m t\u0103m b\u00f4ng huby ch\u1ea5t l\u01b0\u01a1ng cao, \u0111\u01b0\u1ee3c ng\u01b0\u1eddi d\u00f9ng tin t\u01b0\u1edfng trong nhi\u1ec1u n\u0103m.<\/p>\n<p>T\u0103m b\u00f4ng ph\u00f2ng s\u1ea1ch Huby 340 s\u1eed d\u1ee5ng t\u1ed1t cho nh\u1eefng b\u1ec1 m\u1eb7t nh\u1ecf v\u00e0 h\u1eb9p c\u00f3 kh\u1ed1i l\u01b0\u1ee3ng b\u1ee5i r\u1ea5t th\u1ea5p. V\u1edbi th\u00e2n que g\u1ed7 v\u00e0 que nh\u1ef1a, c\u00e1c \u0111\u1ea7u b\u00f4ng \u0111\u01b0\u1ee3c b\u1ecdc cotton th\u1ea5m b\u1ee5i hay c\u00e1c ch\u1ea5t nhi\u1ec5m b\u1ea9n hi\u1ec7u qu\u1ea3, c\u00f3 th\u1ec3 t\u00f9y ch\u1ec9nh theo y\u00eau c\u1ea7u c\u1ee7a kh\u00e1ch h\u00e0ng. Th\u00e0nh ph\u1ea7n\u00a0 c\u1ea5u t\u1ea1o t\u0103m b\u00f4ng huby t\u1eeb thi\u00ean nhi\u00ean d\u1ec5 t\u00e1i ch\u1ebf, th\u00e2n thi\u1ec7n v\u1edbi m\u00f4i tr\u01b0\u1eddng.<\/p>\n<h2><strong>Th\u00f4ng tin v\u1ec1 t\u0103m b\u00f4ng huby 340<\/strong><\/h2>\n<p>T\u0103m b\u00f4ng Huby 340 v\u1edbi \u0111\u1ea7u m\u00fat cotton c\u00f3 th\u1ec3 s\u1eed d\u1ee5ng v\u1edbi dung m\u00f4i t\u1ea9y r\u1eeda IPA (Iso Propyl Alcohol) v\u00e0 c\u00e1c lo\u1ea1i thu\u1ed1c kh\u1eed kh\u00e1c t\u0103ng hi\u1ec7u qu\u1ea3 l\u00e0m s\u1ea1ch \u1edf m\u1ee9c t\u1ed1i \u0111a nh\u1ea5t.<\/p>\n<p>B\u1ec1 m\u1eb7t l\u1edbp cotton l\u00e0m s\u1ea1ch kh\u00f4ng b\u1ecb x\u01b0\u1edbc v\u00e0 \u1ea3nh h\u01b0\u1edfng t\u1edbi linh ki\u1ec7n, l\u00e0m s\u1ea1ch ho\u00e0n h\u1ea3o c\u00e1c h\u1ea1t b\u1ee5i, nhi\u1ec5m b\u1ea9n ph\u00e1t sinh tr\u00ean b\u1ec1 m\u1eb7t v\u1eadt li\u1ec7u d\u1ec5 b\u00e1m b\u1ee5i. T\u0103m b\u00f4ng ph\u00f2ng s\u1ea1ch Huby 340 \u0111\u01b0\u1ee3c \u1ee9ng d\u1ee5ng \u0111\u1ec3 lo\u1ea1i b\u1ecf c\u00e1c v\u1eadt li\u1ec7u d\u01b0 th\u1eeba, \u1ee9ng d\u1ee5ng v\u1edbi d\u1ea7u nh\u1eddn ho\u1eb7c c\u00e1c ch\u1ea5t l\u1ecfng kh\u00e1c; c\u00f3 th\u1ec3 s\u1eed d\u1ee5ng \u0111\u1ec3 x\u00e1c nh\u1eadn m\u1eabu th\u1eed tr\u00ean b\u1ec1 m\u1eb7t TOC ho\u1eb7c nh\u1eefng s\u1ea3n ph\u1ea9m \u0111\u00f2i h\u1ecfi v\u1ec1 \u0111\u1ed9 s\u1ea1ch v\u00e0 ch\u1ea5t l\u01b0\u1ee3ng ch\u00ednh x\u00e1c, v.v&#8230; Do \u0111\u00f3, t\u0103m b\u00f4ng ph\u00f2ng s\u1ea1ch Huby 340 \u1ee9ng d\u1ee5ng r\u1ed9ng r\u00e3i trong c\u00e1c ng\u00e0nh s\u1ea3n xu\u1ea5t d\u01b0\u1ee3c ph\u1ea9m, m\u1ef9 ph\u1ea9m, c\u00f4ng nghi\u1ec7p \u0111i\u1ec7n t\u1eed, c\u00f4ng nghi\u1ec7p b\u00e1n d\u1eabn, laser, s\u1ea3n ph\u1ea9m quang h\u1ecdc v\u00e0 c\u00e1c ng\u00e0nh c\u00f4ng nghi\u1ec7p t\u01b0\u01a1ng t\u1ef1.<\/p>\n<p>T\u0103m b\u00f4ng ph\u00f2ng s\u1ea1ch Huby 340 l\u00e0 m\u1ed9t trong nh\u1eefng v\u1eadt t\u01b0 ti\u00eau hao ph\u00f2ng s\u1ea1ch, ch\u1ec9 s\u1eed d\u1ee5ng m\u1ed9t l\u1ea7n. \u0110\u01b0\u1ee3c s\u1ea3n xu\u1ea5t tr\u00ean d\u00e2y chuy\u1ec1n c\u00f4ng ngh\u1ec7 Nh\u1eadt B\u1ea3n \u0111\u1ea1t nhi\u1ec1u y\u00eau c\u1ea7u v\u1ec1 ch\u1ea5t l\u01b0\u1ee3ng, c\u00f3 \u0111\u1ed9 tin c\u1eady cao.<\/p>\n<h2>Ph\u00e2n lo\u1ea1i t\u0103m b\u00f4ng huby 340 v\u1edbi c\u00e1c th\u00f4ng s\u1ed1 sau:<\/h2>\n<p><img loading=\"lazy\" decoding=\"async\" class=\"aligncenter size-full wp-image-979\" src=\"https:\/\/laprovina.com\/wp-content\/uploads\/2024\/04\/huby340aaa.jpg\" alt=\"\" width=\"600\" height=\"759\" \/><\/p>\n<p>&nbsp;<\/p>\n<h2><strong><em>T\u0103m b\u00f4ng ph\u00f2ng s\u1ea1ch Huby 340, ch\u00fang t\u00f4i cung c\u1ea5p c\u00e1c lo\u1ea1i t\u0103m b\u00f4ng ph\u00f2ng s\u1ea1ch Huby v\u1edbi th\u00f4ng s\u1ed1 d\u01b0\u1edbi \u0111\u00e2y:<\/em><\/strong><\/h2>\n<p><img decoding=\"async\" src=\"https:\/\/megaline.com.vn\/upload\/images\/tam-bong-phong-sach-hubys.jpg\" alt=\"T\u0103m b\u00f4ng ph\u00f2ng s\u1ea1ch Huby 340\" \/><\/p>\n<p>Ngo\u00e0i ra, ch\u00fang t\u00f4i c\u00f2n cung c\u1ea5p r\u1ea5t nhi\u1ec1u m\u1eb7t h\u00e0ng t\u0103m b\u00f4ng d\u00f9ng trong c\u00f4ng nghi\u1ec7p ph\u00f2ng s\u1ea1ch: t\u0103m b\u00f4ng v\u1ea3i 1 l\u1edbp, t\u0103m b\u00f4ng v\u1ea3i 2 l\u1edbp, t\u0103m b\u00f4ng \u0111\u1ea7u b\u1ecdt bi\u1ec3n, t\u0103m b\u00f4ng ruby stick, &#8230;.<\/p>\n","protected":false},"excerpt":{"rendered":"<p>T\u0103m b\u00f4ng ph\u00f2ng s\u1ea1ch Huby 340 T\u0103m b\u00f4ng ph\u00f2ng s\u1ea1ch Huby 340 l\u00e0 s\u1ea3n ph\u1ea9m thi\u1ebft y\u1ebfu trong c\u00e1c ng\u00e0nh c\u00f4ng nghi\u1ec7p \u0111i\u1ec7n t\u1eed hi\u1ec7n nay. Trong nh\u1eefng v\u1eadt t\u01b0 ph\u1ee5c v\u1ee5 ng\u00e0nh c\u00f4ng nghi\u1ec7p ph\u00f2ng s\u1ea1ch th\u00ec t\u0103m b\u00f4ng huby \u0111\u01b0\u1ee3c b\u00e1n nhi\u1ec1u nh\u1ea5t. S\u1ea3n ph\u1ea9m t\u0103m b\u00f4ng ph\u00f2ng s\u1ea1ch \u0111\u01b0\u1ee3c ph\u00e2n ph\u1ed1i t\u1ea1i&#8230;<\/p>\n","protected":false},"featured_media":979,"comment_status":"open","ping_status":"closed","template":"","meta":{"_acf_changed":false},"product_brand":[],"product_cat":[70],"product_tag":[],"class_list":{"0":"post-978","1":"product","2":"type-product","3":"status-publish","4":"has-post-thumbnail","6":"product_cat-tam-bong-hu-by","8":"first","9":"instock","10":"shipping-taxable","11":"product-type-simple"},"acf":[],"_links":{"self":[{"href":"https:\/\/laprovina.com\/index.php?rest_route=\/wp\/v2\/product\/978","targetHints":{"allow":["GET"]}}],"collection":[{"href":"https:\/\/laprovina.com\/index.php?rest_route=\/wp\/v2\/product"}],"about":[{"href":"https:\/\/laprovina.com\/index.php?rest_route=\/wp\/v2\/types\/product"}],"replies":[{"embeddable":true,"href":"https:\/\/laprovina.com\/index.php?rest_route=%2Fwp%2Fv2%2Fcomments&post=978"}],"wp:featuredmedia":[{"embeddable":true,"href":"https:\/\/laprovina.com\/index.php?rest_route=\/wp\/v2\/media\/979"}],"wp:attachment":[{"href":"https:\/\/laprovina.com\/index.php?rest_route=%2Fwp%2Fv2%2Fmedia&parent=978"}],"wp:term":[{"taxonomy":"product_brand","embeddable":true,"href":"https:\/\/laprovina.com\/index.php?rest_route=%2Fwp%2Fv2%2Fproduct_brand&post=978"},{"taxonomy":"product_cat","embeddable":true,"href":"https:\/\/laprovina.com\/index.php?rest_route=%2Fwp%2Fv2%2Fproduct_cat&post=978"},{"taxonomy":"product_tag","embeddable":true,"href":"https:\/\/laprovina.com\/index.php?rest_route=%2Fwp%2Fv2%2Fproduct_tag&post=978"}],"curies":[{"name":"wp","href":"https:\/\/api.w.org\/{rel}","templated":true}]}}