{"id":982,"date":"2024-04-11T08:01:25","date_gmt":"2024-04-11T08:01:25","guid":{"rendered":"https:\/\/laprovina.com\/?post_type=product&#038;p=982"},"modified":"2025-10-13T05:55:07","modified_gmt":"2025-10-13T05:55:07","slug":"vai-kaki-chong-tinh-dien-phong-sach","status":"publish","type":"product","link":"https:\/\/laprovina.com\/?product=vai-kaki-chong-tinh-dien-phong-sach","title":{"rendered":"V\u1ea2I KAKI CH\u1ed0NG T\u0128NH \u0110I\u1ec6N PH\u00d2NG S\u1ea0CH"},"content":{"rendered":"<h2><strong>V\u1ea3i kaki ch\u1ed1ng t\u0129nh \u0111i\u1ec7n ph\u00f2ng s\u1ea1ch<\/strong><\/h2>\n<p>V\u1ea3i kaki ch\u1ed1ng t\u0129nh \u0111i\u1ec7n l\u00e0 m\u1ed9t lo\u1ea1i v\u1ea3i \u0111\u01b0\u1ee3c l\u00e0m t\u1eeb x\u01a1 s\u1ee3i polyeste \u0111an l\u1eabn s\u1ee3i cacbon c\u00f3 t\u00ednh n\u0103ng d\u1eabn \u0111i\u1ec7n. V\u1ea3i Kaki ch\u1ed1ng t\u0129nh \u0111i\u1ec7n \u0111\u01b0\u1ee3c d\u00f9ng ch\u1ee7 y\u1ebfu trong c\u00e1c ng\u00e0nh s\u1ea3n xu\u1ea5t li\u00ean quan t\u1edbi ng\u00e0nh c\u00f4ng nghi\u1ec7p d\u1ea7u m\u1ecf, c\u00f4ng nghi\u1ec7p h\u00f3a ch\u1ea5t, giao th\u00f4ng v\u1eadn t\u1ea3i, c\u00e1c ng\u00e0nh s\u1eeda ch\u1eefa m\u00e1y m\u00f3c\u2026<\/p>\n<p>Lo\u1ea1i v\u1ea3i kaki c\u00f3 \u0111\u1eb7c t\u00ednh l\u00e0 ch\u1ed1ng d\u1ea7u, kh\u00f4ng th\u1ea5m n\u01b0\u1edbc, d\u1ec5 l\u00e0m s\u1ea1ch, ch\u1ed1ng nhi\u1ec5m khu\u1ea9n nhi\u1ec5m m\u00f9i g\u00e2y \u1ea3nh h\u01b0\u1edfng t\u1edbi ng\u01b0\u1eddi m\u1eb7c,\u2026.\u0111\u1eb7c t\u00ednh n\u00e0y gi\u00fap cho ng\u01b0\u1eddi m\u1eb7c \u0111\u01b0\u1ee3c b\u1ea3o \u0111\u1ea3m an to\u00e0n h\u01a1n v\u00e0 c\u1ea3m th\u1ea5y tho\u1ea3i m\u00e1i h\u01a1n khi l\u00e0m vi\u1ec7c.<\/p>\n<p><img decoding=\"async\" src=\"http:\/\/namlan.com.vn\/uploads\/files\/vai-chong-tinh-dien(1).jpg\" alt=\"\" \/><img loading=\"lazy\" decoding=\"async\" class=\"aligncenter size-full wp-image-987\" src=\"https:\/\/laprovina.com\/wp-content\/uploads\/2024\/04\/vai-chong-tinh-dien.jpg\" alt=\"\" width=\"800\" height=\"469\" srcset=\"https:\/\/laprovina.com\/wp-content\/uploads\/2024\/04\/vai-chong-tinh-dien.jpg 800w, https:\/\/laprovina.com\/wp-content\/uploads\/2024\/04\/vai-chong-tinh-dien-600x352.jpg 600w\" sizes=\"auto, (max-width: 800px) 100vw, 800px\" \/><\/p>\n<p>Th\u00e0nh ph\u1ea7n ch\u1ee7 y\u1ebfu c\u1ea5u t\u1ea1o n\u00ean lo\u1ea1i v\u1ea3i n\u00e0y l\u00e0: 99% polyeste v\u00e0 1% cacbon.<\/p>\n<p>Kho\u1ea3ng c\u00e1ch c\u1ee7a c\u00e1c s\u1ee3i cacbon ch\u1ee7 y\u1ebfu l\u00e0 5mm, 0,25mm<\/p>\n<p>Lo\u1ea1i v\u1ea3i kaki ph\u00f2ng s\u1ea1ch ch\u1ed1ng t\u0129nh \u0111i\u1ec7n c\u0169ng c\u00f3 nhi\u1ec1u m\u00e0u s\u1eafc cho kh\u00e1ch h\u00e0ng l\u1ef1a ch\u1ecdn: m\u00e0u tr\u1eafng, m\u00e0u xanh, m\u00e0u \u0111\u1ecf, m\u00e0u v\u00e0ng\u2026<\/p>\n<p>V\u1ea3i kaki ch\u1ed1ng t\u0129nh \u0111i\u1ec7n c\u00f3 \u0111\u1ed9 ch\u1ed1ng t\u0129nh \u0111i\u1ec7n \u0111o \u0111\u01b0\u1ee3c tr\u00ean b\u1ec1 m\u1eb7t v\u1ea3i l\u00e0 10^6 \u2013 10^9 \u2126<\/p>\n<p>Gi\u00e1 th\u00e0nh c\u1ee7a lo\u1ea1i v\u1ea3i ch\u1ed1ng t\u0129nh \u0111i\u1ec7n n\u00e0y cao h\u01a1n so v\u1edbi lo\u1ea1i v\u1ea3i ph\u00f2ng s\u1ea1ch ch\u1ed1ng t\u0129nh \u0111i\u1ec7n.<\/p>\n<p>Kh\u00f4ng gi\u1ed1ng nh\u01b0 c\u00e1c lo\u1ea1i v\u1ea3i ch\u1ed1ng t\u0129nh \u0111i\u1ec7n kh\u00e1c, v\u1ea3i kaki ch\u1ed1ng t\u0129nh \u0111i\u1ec7n \u0111\u01b0\u1ee3c d\u00f9ng ch\u1ee7 y\u1ebfu ch\u1ec9 \u0111\u1ec3 may qu\u1ea7n \u00e1o.<\/p>\n<p>Lo\u1ea1i v\u1ea3i kaki ch\u1ed1ng t\u0129nh \u0111i\u1ec7n c\u00f3 \u0111\u1eb7c \u0111i\u1ec3m l\u00e0 kh\u00f4ng \u0111\u1ec3 l\u1ea1i b\u1ee5i, n\u00ean kh\u00f4ng g\u00e2y \u1ea3nh h\u01b0\u1edfng t\u1edbi ch\u1ea5t l\u01b0\u1ee3ng c\u00f4ng vi\u1ec7c.<\/p>\n<p>Ngo\u00e0i vi\u1ec7c cung c\u1ea5p c\u00e1c lo\u1ea1i v\u1ea3i kaki ph\u00f2ng s\u1ea1ch ch\u1ed1ng t\u0129nh \u0111i\u1ec7n th\u00ec c\u00f4ng ty ch\u00fang t\u00f4i c\u00f2n ph\u00e2n ph\u1ed1i c\u00e1c lo\u1ea1i\u00a0<strong>v\u1ea3i ph\u00f2ng s\u1ea1ch ch\u1ed1ng t\u0129nh \u0111i\u1ec7n<\/strong>\u00a0n\u1eefa. H\u01a1n n\u1eefa, ch\u00fang t\u00f4i c\u00f3 \u0111\u1ea7y \u0111\u1ee7 c\u00e1c lo\u1ea1i qu\u1ea7n \u00e1o ph\u00f2ng s\u1ea1ch ch\u1ed1ng t\u0129nh \u0111i\u1ec7n, c\u00e1c lo\u1ea1i m\u0169 ph\u00f2ng s\u1ea1ch ch\u1ed1ng t\u0129nh \u0111i\u1ec7n\u00a0c\u00e1c lo\u1ea1i g\u0103ng tay, kh\u1ea9u trang\u2026. T\u1ea5t c\u1ea3 nh\u1eefng s\u1ea3n ph\u1ea9m trong ph\u00f2ng s\u1ea1ch, n\u1ebfu b\u1ea1n c\u1ea7n h\u00e3y li\u00ean h\u1ec7 v\u1edbi ch\u00fang t\u00f4i.<\/p>\n","protected":false},"excerpt":{"rendered":"<p>V\u1ea3i kaki ch\u1ed1ng t\u0129nh \u0111i\u1ec7n ph\u00f2ng s\u1ea1ch V\u1ea3i kaki ch\u1ed1ng t\u0129nh \u0111i\u1ec7n l\u00e0 m\u1ed9t lo\u1ea1i v\u1ea3i \u0111\u01b0\u1ee3c l\u00e0m t\u1eeb x\u01a1 s\u1ee3i polyeste \u0111an l\u1eabn s\u1ee3i cacbon c\u00f3 t\u00ednh n\u0103ng d\u1eabn \u0111i\u1ec7n. V\u1ea3i Kaki ch\u1ed1ng t\u0129nh \u0111i\u1ec7n \u0111\u01b0\u1ee3c d\u00f9ng ch\u1ee7 y\u1ebfu trong c\u00e1c ng\u00e0nh s\u1ea3n xu\u1ea5t li\u00ean quan t\u1edbi ng\u00e0nh c\u00f4ng nghi\u1ec7p d\u1ea7u m\u1ecf, c\u00f4ng nghi\u1ec7p&#8230;<\/p>\n","protected":false},"featured_media":987,"comment_status":"open","ping_status":"closed","template":"","meta":{"_acf_changed":false},"product_brand":[],"product_cat":[73],"product_tag":[],"class_list":{"0":"post-982","1":"product","2":"type-product","3":"status-publish","4":"has-post-thumbnail","6":"product_cat-bo-roi","8":"first","9":"instock","10":"shipping-taxable","11":"product-type-simple"},"acf":[],"_links":{"self":[{"href":"https:\/\/laprovina.com\/index.php?rest_route=\/wp\/v2\/product\/982","targetHints":{"allow":["GET"]}}],"collection":[{"href":"https:\/\/laprovina.com\/index.php?rest_route=\/wp\/v2\/product"}],"about":[{"href":"https:\/\/laprovina.com\/index.php?rest_route=\/wp\/v2\/types\/product"}],"replies":[{"embeddable":true,"href":"https:\/\/laprovina.com\/index.php?rest_route=%2Fwp%2Fv2%2Fcomments&post=982"}],"wp:featuredmedia":[{"embeddable":true,"href":"https:\/\/laprovina.com\/index.php?rest_route=\/wp\/v2\/media\/987"}],"wp:attachment":[{"href":"https:\/\/laprovina.com\/index.php?rest_route=%2Fwp%2Fv2%2Fmedia&parent=982"}],"wp:term":[{"taxonomy":"product_brand","embeddable":true,"href":"https:\/\/laprovina.com\/index.php?rest_route=%2Fwp%2Fv2%2Fproduct_brand&post=982"},{"taxonomy":"product_cat","embeddable":true,"href":"https:\/\/laprovina.com\/index.php?rest_route=%2Fwp%2Fv2%2Fproduct_cat&post=982"},{"taxonomy":"product_tag","embeddable":true,"href":"https:\/\/laprovina.com\/index.php?rest_route=%2Fwp%2Fv2%2Fproduct_tag&post=982"}],"curies":[{"name":"wp","href":"https:\/\/api.w.org\/{rel}","templated":true}]}}