{"id":991,"date":"2024-04-11T08:12:13","date_gmt":"2024-04-11T08:12:13","guid":{"rendered":"https:\/\/laprovina.com\/?post_type=product&#038;p=991"},"modified":"2025-10-13T05:53:41","modified_gmt":"2025-10-13T05:53:41","slug":"quan-ao-chong-tinh-dien-bo-roi","status":"publish","type":"product","link":"https:\/\/laprovina.com\/?product=quan-ao-chong-tinh-dien-bo-roi","title":{"rendered":"QU\u1ea6N \u00c1O CH\u1ed0NG T\u0128NH \u0110I\u1ec6N B\u1ed8 R\u1edcI"},"content":{"rendered":"<h2><strong>B\u1ed9 qu\u1ea7n \u00e1o ph\u00f2ng s\u1ea1ch ch\u1ed1ng t\u0129nh \u0111i\u1ec7n qu\u1ea7n r\u1eddi \u00e1o r\u1eddi<\/strong><\/h2>\n<p>Qu\u1ea7n \u00e1o ch\u1ed1ng t\u0129nh \u0111i\u1ec7n \u0111\u01b0\u1ee3c thi\u1ebft k\u1ebf r\u1ea5t nhi\u1ec1u ki\u1ec3u \u0111\u1ec3 ph\u00f9 h\u1ee3p v\u1edbi nhi\u1ec1u lo\u1ea1i c\u00f4ng vi\u1ec7c kh\u00e1c nhau. B\u1ed9 qu\u00e0n \u00e1o ch\u1ed1ng t\u0129nh \u0111i\u1ec7n qu\u1ea7n r\u1eddi \u00e1o r\u1eddi hi\u1ec7n nay c\u0169ng \u0111\u01b0\u1ee3c s\u1eed d\u1ee5ng r\u1ea5t ph\u1ed5 bi\u1ebfn.<\/p>\n<p>B\u1ed9 qu\u1ea7n \u00e1o r\u1eddi ph\u00f2ng s\u1ea1ch\u00a0n\u00e0y \u0111\u01b0\u1ee3c may b\u1eb1ng v\u1ea3i ch\u1ed1ng t\u0129nh \u0111i\u1ec7n, \u0111\u01b0\u1ee3c thi\u1ebft k\u1ebf may \u0111o r\u1ed9ng r\u00e3i gi\u00fap cho ng\u01b0\u1eddi m\u1eb7c tho\u1ea3i m\u00e1i h\u01a1n.<\/p>\n<p><img decoding=\"async\" src=\"https:\/\/megaline.com.vn\/upload\/images\/quan%20ao%20phong%20sach%20.JPG\" alt=\"\" \/><img loading=\"lazy\" decoding=\"async\" class=\"aligncenter size-full wp-image-993\" src=\"https:\/\/laprovina.com\/wp-content\/uploads\/2024\/04\/shopping.jpg\" alt=\"\" width=\"600\" height=\"589\" \/><\/p>\n<p><em>\u00c1o r\u1eddi qu\u1ea7n r\u1eddi ch\u1ed1ng t\u0129nh \u0111i\u1ec7n<\/em><\/p>\n<p><strong>V\u1ec1 \u00e1o ph\u00f2ng s\u1ea1ch ch\u1ed1ng t\u0129nh \u0111i\u1ec7n<\/strong><\/p>\n<p>Ph\u1ea7n c\u1ed5 \u00e1o th\u00ec c\u00f3 lo\u1ea1i c\u1ed5 b\u1ebb, c\u1ed5 tr\u00f2n c\u00f3 mi\u1ebfng d\u00e1n, t\u00f9y theo nhu c\u1ea7u c\u1ee7a m\u1ed7i \u0111\u01a1n v\u1ecb l\u1ef1a ch\u1ecdn. Tay \u00e1o c\u0169ng c\u00f3 ki\u1ec3u bo chun \u1edf c\u1ed5 tay ho\u1eb7c l\u00e0 may \u0111ai c\u00f3 mi\u1ebfng d\u00e1n. Ph\u1ea7n d\u01b0\u1edbi c\u00f3 th\u1ec3 may su\u00f4ng ho\u1eb7c may \u0111ai. T\u00f9y theo y\u00eau c\u1ea7u c\u00f3 th\u1ec3 may t\u00fai \u00e1o hay kh\u00f4ng may.<\/p>\n<p><strong>V\u1ec1 qu\u1ea7n ph\u00f2ng s\u1ea1ch ch\u1ed1ng t\u0129nh \u0111i\u1ec7n<\/strong><\/p>\n<p>Qu\u1ea7n \u0111\u01b0\u1ee3c thi\u1ebft k\u1ebf ch\u1ee7 y\u1ebfu l\u00e0 d\u1ea1ng qu\u1ea7n chun, c\u00f3 t\u00fai. \u1ed0ng qu\u1ea7n may bo chun \u1edf g\u1ea5u qu\u1ea7n \u0111\u1ec3 khi l\u00e0m vi\u1ec7c \u0111\u01b0\u1ee3c g\u1ecdn g\u00e0ng h\u01a1n.<\/p>\n<p>B\u1ed9 qu\u1ea7n \u00e1o n\u00e0y c\u0169ng c\u00f3 \u0111\u1ed9 ch\u1ed1ng t\u0129nh \u0111i\u1ec7n trong kho\u1ea3ng: 10^6- 10^9\u2126.<\/p>\n<p>C\u00f3 c\u00e1c size ph\u1ed5 bi\u1ebfn nh\u01b0:\u00a0 S, M, L, XL, XXL\u2026<\/p>\n<p>C\u00f3 nhi\u1ec1u m\u00e0u s\u1eafc \u0111\u1ec3 b\u1ea1n l\u1ef1a ch\u1ecdn: tr\u1eafng, xanh, h\u1ed3ng, v\u00e0ng,\u2026<\/p>\n<p>Qu\u1ea7n \u00e1o ph\u00f2ng s\u1ea1ch ch\u1ed1ng t\u0129nh \u0111i\u1ec7n r\u1ea5t quan tr\u1ecdng, n\u00f3 gi\u00fap b\u1ea3o v\u1ec7 an to\u00e0n cho ng\u01b0\u1eddi lao \u0111\u1ed9ng v\u1eeba gi\u00fap cho c\u00f4ng vi\u1ec7c c\u1ee7a b\u1ea1n ho\u00e0n th\u00e0nh t\u1ed1t h\u01a1n.<\/p>\n<p>Hi\u1ec7n nay tr\u00ean th\u1ecb tr\u01b0\u1eddng c\u00f3 r\u1ea5t nhi\u1ec1u lo\u1ea1i qu\u1ea7n \u00e1o ch\u1ed1ng t\u0129nh \u0111i\u1ec7n k\u00e9m ch\u1ea5t l\u01b0\u1ee3ng, kh\u00f4ng \u0111\u1ea3m b\u1ea3o \u0111\u1ee7 \u0111\u1ed9 ch\u1ed1ng t\u0129nh \u0111i\u1ec7n an to\u00e0n. H\u00e3y \u0111\u1ebfn v\u1edbi ch\u00fang t\u00f4i \u0111\u1ec3 c\u00f3 \u0111\u01b0\u1ee3c nh\u1eefng s\u1ea3n ph\u1ea9m c\u00f3 ch\u1ea5t l\u01b0\u1ee3ng t\u1ed1t nh\u1ea5t.<\/p>\n<p>Ch\u00fang t\u00f4i lu\u00f4n \u0111\u00e1p \u1ee9ng \u0111\u01b0\u1ee3c t\u1ea5t c\u1ea3 c\u00e1c nhu c\u1ea7u c\u1ee7a c\u00e1c b\u1ea1n v\u1ec1 c\u00e1c m\u1eabu qu\u1ea7n \u00e1o ch\u1ed1ng t\u0129nh \u0111i\u1ec7n. H\u00e3y h\u1ee3p t\u00e1c v\u1edbi c\u00f4ng ty c\u1ee7a ch\u00fang t\u00f4i \u0111\u1ec3 c\u00f3 \u0111\u01b0\u1ee3c s\u1ef1 h\u00e0i l\u00f2ng t\u1ed1t nh\u1ea5t trong c\u00f4ng vi\u1ec7c.<\/p>\n","protected":false},"excerpt":{"rendered":"<p>B\u1ed9 qu\u1ea7n \u00e1o ph\u00f2ng s\u1ea1ch ch\u1ed1ng t\u0129nh \u0111i\u1ec7n qu\u1ea7n r\u1eddi \u00e1o r\u1eddi Qu\u1ea7n \u00e1o ch\u1ed1ng t\u0129nh \u0111i\u1ec7n \u0111\u01b0\u1ee3c thi\u1ebft k\u1ebf r\u1ea5t nhi\u1ec1u ki\u1ec3u \u0111\u1ec3 ph\u00f9 h\u1ee3p v\u1edbi nhi\u1ec1u lo\u1ea1i c\u00f4ng vi\u1ec7c kh\u00e1c nhau. B\u1ed9 qu\u00e0n \u00e1o ch\u1ed1ng t\u0129nh \u0111i\u1ec7n qu\u1ea7n r\u1eddi \u00e1o r\u1eddi hi\u1ec7n nay c\u0169ng \u0111\u01b0\u1ee3c s\u1eed d\u1ee5ng r\u1ea5t ph\u1ed5 bi\u1ebfn. B\u1ed9 qu\u1ea7n \u00e1o&#8230;<\/p>\n","protected":false},"featured_media":993,"comment_status":"open","ping_status":"closed","template":"","meta":{"_acf_changed":false},"product_brand":[],"product_cat":[73],"product_tag":[],"class_list":{"0":"post-991","1":"product","2":"type-product","3":"status-publish","4":"has-post-thumbnail","6":"product_cat-bo-roi","8":"first","9":"instock","10":"shipping-taxable","11":"product-type-simple"},"acf":[],"_links":{"self":[{"href":"https:\/\/laprovina.com\/index.php?rest_route=\/wp\/v2\/product\/991","targetHints":{"allow":["GET"]}}],"collection":[{"href":"https:\/\/laprovina.com\/index.php?rest_route=\/wp\/v2\/product"}],"about":[{"href":"https:\/\/laprovina.com\/index.php?rest_route=\/wp\/v2\/types\/product"}],"replies":[{"embeddable":true,"href":"https:\/\/laprovina.com\/index.php?rest_route=%2Fwp%2Fv2%2Fcomments&post=991"}],"wp:featuredmedia":[{"embeddable":true,"href":"https:\/\/laprovina.com\/index.php?rest_route=\/wp\/v2\/media\/993"}],"wp:attachment":[{"href":"https:\/\/laprovina.com\/index.php?rest_route=%2Fwp%2Fv2%2Fmedia&parent=991"}],"wp:term":[{"taxonomy":"product_brand","embeddable":true,"href":"https:\/\/laprovina.com\/index.php?rest_route=%2Fwp%2Fv2%2Fproduct_brand&post=991"},{"taxonomy":"product_cat","embeddable":true,"href":"https:\/\/laprovina.com\/index.php?rest_route=%2Fwp%2Fv2%2Fproduct_cat&post=991"},{"taxonomy":"product_tag","embeddable":true,"href":"https:\/\/laprovina.com\/index.php?rest_route=%2Fwp%2Fv2%2Fproduct_tag&post=991"}],"curies":[{"name":"wp","href":"https:\/\/api.w.org\/{rel}","templated":true}]}}